{"id":335435,"date":"2022-11-07T13:43:09","date_gmt":"2022-11-07T12:43:09","guid":{"rendered":"https:\/\/www.moskito.cz\/produkt\/couteau-solide-cold-steel-leatherneck-sf\/"},"modified":"2025-05-07T11:12:29","modified_gmt":"2025-05-07T10:12:29","slug":"couteau-solide-cold-steel-leatherneck-sf","status":"publish","type":"product","link":"https:\/\/www.moskito.cz\/fr\/produkt\/couteau-solide-cold-steel-leatherneck-sf\/","title":{"rendered":"Couteau Solide Cold Steel LEATHERNECK SF"},"content":{"rendered":"<p>Couteau massif <strong>Cold Steel<\/strong> LEATHERNECK SF.<\/p>\n<p>La gamme Cold Steel Leatherneck se compose de deux styles de lames distincts et embl\u00e9matiques, qui se sont tous deux r\u00e9v\u00e9l\u00e9s extr\u00eamement populaires aupr\u00e8s de nos fr\u00e8res et s\u0153urs des forces arm\u00e9es : Le Leatherneck-SF (pour Semper-Fi) est dot\u00e9 d&rsquo;un magnifique sabre aff\u00fbt\u00e9 \u00e0 la main. La lame aff\u00fbt\u00e9e Clip Point et Leatherneck Tanto sont dot\u00e9es de notre lame Cold Steel \u00ab American Tanto \u00bb signature avec une pointe solide renforc\u00e9e pour plus de r\u00e9sistance. Les deux sont fabriqu\u00e9s en acier \u00e0 outils D2 r\u00e9sistant avec un rev\u00eatement en poudre noire non r\u00e9fl\u00e9chissant. Pour emp\u00eacher les doigts de l&rsquo;utilisateur de glisser vers l&rsquo;avant sur leur bord tranchant, les Leathernecks sont livr\u00e9s avec une protection \u00e0 double quillon en acier solide. Les poign\u00e9es sont fabriqu\u00e9es en Kray-Ex\u2122 \u00e0 carreaux profonds qui recouvrent compl\u00e8tement les cols extra larges en cuir. Le manche Leatherneck est fini avec une crosse \u00e9paisse en acier usin\u00e9 (pas de moulage ou de plastique bon march\u00e9 comme certains autres sur le march\u00e9), de sorte qu&rsquo;ils peuvent servir de marteau en cas d&rsquo;urgence ! Pour un transport s\u00fbr et confortable des couteaux Leatherneck, chaque lame est livr\u00e9e avec un \u00e9tui Secure-Ex robuste et polyvalent de style militaire avec une boucle de ceinture enti\u00e8rement amovible et r\u00e9versible.<\/p>\n<p>PARAM\u00c8TRES DU PRODUIT<br \/>\n\u00c9paisseur de la lame : 5 mm<br \/>\nLongueur du manche : 123 mm<br \/>\nTaille hors tout : 300 mm<br \/>\nPoids : 331,68 g<br \/>\nLongueur de la lame : 177 mm<br \/>\nCouleur noire<br \/>\nMat\u00e9riau du manche&nbsp;: Long Griv-Ex\u2122<br \/>\nAcier&nbsp;: acier allemand D2 avec rev\u00eatement en poudre noire<\/p>\n<p>&nbsp;<\/p>\n","protected":false},"excerpt":{"rendered":"<p>Le Leatherneck-SF de COLD STEEL est un couteau de campagne \u00e0 lame fixe. SF dans la d\u00e9signation du couteau est une abr\u00e9viation de Semper Fi (la devise des Marines am\u00e9ricains \u00ab\u00a0Always Faithful\u00a0\u00bb)<\/p>\n","protected":false},"featured_media":335436,"comment_status":"open","ping_status":"closed","template":"","meta":[],"pwb-brand":[3789],"product_brand":[],"product_cat":[3697,3696],"product_tag":[],"class_list":{"0":"post-335435","1":"product","2":"type-product","3":"status-publish","4":"has-post-thumbnail","6":"pwb-brand-acier-froid","7":"product_cat-couteaux-solides","8":"product_cat-des-couteaux","10":"first","11":"instock","12":"taxable","13":"shipping-taxable","14":"purchasable","15":"product-type-simple"},"brands":[{"id":3789,"name":"Acier froid","slug":"acier-froid"}],"_links":{"self":[{"href":"https:\/\/www.moskito.cz\/fr\/wp-json\/wp\/v2\/product\/335435","targetHints":{"allow":["GET"]}}],"collection":[{"href":"https:\/\/www.moskito.cz\/fr\/wp-json\/wp\/v2\/product"}],"about":[{"href":"https:\/\/www.moskito.cz\/fr\/wp-json\/wp\/v2\/types\/product"}],"replies":[{"embeddable":true,"href":"https:\/\/www.moskito.cz\/fr\/wp-json\/wp\/v2\/comments?post=335435"}],"wp:featuredmedia":[{"embeddable":true,"href":"https:\/\/www.moskito.cz\/fr\/wp-json\/wp\/v2\/media\/335436"}],"wp:attachment":[{"href":"https:\/\/www.moskito.cz\/fr\/wp-json\/wp\/v2\/media?parent=335435"}],"wp:term":[{"taxonomy":"pwb-brand","embeddable":true,"href":"https:\/\/www.moskito.cz\/fr\/wp-json\/wp\/v2\/pwb-brand?post=335435"},{"taxonomy":"product_brand","embeddable":true,"href":"https:\/\/www.moskito.cz\/fr\/wp-json\/wp\/v2\/product_brand?post=335435"},{"taxonomy":"product_cat","embeddable":true,"href":"https:\/\/www.moskito.cz\/fr\/wp-json\/wp\/v2\/product_cat?post=335435"},{"taxonomy":"product_tag","embeddable":true,"href":"https:\/\/www.moskito.cz\/fr\/wp-json\/wp\/v2\/product_tag?post=335435"}],"curies":[{"name":"wp","href":"https:\/\/api.w.org\/{rel}","templated":true}]}}