{"id":335450,"date":"2022-11-02T19:22:48","date_gmt":"2022-11-02T18:22:48","guid":{"rendered":"https:\/\/www.moskito.cz\/produkt\/couteau-pliant-cold-steel-grand-espada-s35vn\/"},"modified":"2025-05-07T11:12:30","modified_gmt":"2025-05-07T10:12:30","slug":"couteau-pliant-cold-steel-grand-espada-s35vn","status":"publish","type":"product","link":"https:\/\/www.moskito.cz\/fr\/produkt\/couteau-pliant-cold-steel-grand-espada-s35vn\/","title":{"rendered":"Couteau pliant Cold Steel GRAND ESPADA (S35VN)"},"content":{"rendered":"<p>Grand couteau pliant ESPADA <strong>Cold Steel<\/strong> (S35VN).<\/p>\n<p>Nous n&rsquo;avons jamais eu peur de briser les conventions. C&rsquo;est pourquoi, alors que tous les autres acteurs de notre industrie fabriquaient les petits couteaux les plus petits, les plus fins et les plus fins possibles, nous avons lanc\u00e9 une s\u00e9rie de lames qui ne pouvaient \u00eatre d\u00e9crites que comme une seule chose : des \u00e9p\u00e9es de poche ! La Cold Steel Espada a \u00e9t\u00e9 inspir\u00e9e par le Navajo classique. couteaux d&rsquo;Espagne, mais il \u00e9tait compl\u00e8tement moderne tant en apparence qu&rsquo;en mat\u00e9riaux. Ces m\u00e9ga-dossiers ont pris d&rsquo;assaut le march\u00e9 ! Fruit d&rsquo;une collaboration entre le coutelier sur mesure Andrew Demek et la pr\u00e9sidente de Cold Steel Lynn C. Thompson, nos Espadas sont disponibles en deux tailles pour convenir aussi bien aux audacieux qu&rsquo;aux plus audacieux ! Malgr\u00e9 leur taille impressionnante, nos Espadas sont savamment con\u00e7ues pour tenir confortablement et discr\u00e8tement dans votre poche. Vous oublierez vite que vous portez une lame aussi grande et impressionnante. \u00c9quip\u00e9es de la plaque de pouce brevet\u00e9e Demko, les espadas grandes et extra-larges peuvent \u00eatre empoch\u00e9es, ouvertes lorsque le couteau est d\u00e9gain\u00e9 &#8211; et ouvertes en un clin d&rsquo;\u0153il ! Les belles lames Espada sont fabriqu\u00e9es \u00e0 partir d&rsquo;acier alli\u00e9 am\u00e9ricain S35VN de premi\u00e8re qualit\u00e9 \u2013 choisi pour sa capacit\u00e9 non seulement \u00e0 prendre un tranchant super fin, mais aussi \u00e0 le conserver pendant une dur\u00e9e exceptionnellement longue. Ils sont \u00e9galement dot\u00e9s d&rsquo;\u00e9chelles G-10 savamment polies et de supports et d&rsquo;un cadre en aluminium 7075 poli miroir. Chaque Espada est \u00e9quip\u00e9e de notre m\u00e9canisme de verrouillage brevet\u00e9 Tri-Ad, dont il a \u00e9t\u00e9 prouv\u00e9 qu&rsquo;il poss\u00e8de une r\u00e9sistance et une solidit\u00e9 \u00e9tonnantes aux chocs. Lors de nos propres tests de produits notoirement brutaux, le XL Espada \u00e9tait non seulement capable de supporter 600 livres de poids en suspension libre, mais nous l&rsquo;avons m\u00eame utilis\u00e9 pour supporter un bloc moteur suspendu ! les espadas grandes et extra larges peuvent \u00eatre empoch\u00e9es, le couteau s&rsquo;ouvre lorsqu&rsquo;il est tir\u00e9 &#8211; et s&rsquo;ouvre en un clin d&rsquo;\u0153il ! Les belles lames Espada sont fabriqu\u00e9es \u00e0 partir d&rsquo;acier alli\u00e9 am\u00e9ricain S35VN de premi\u00e8re qualit\u00e9 \u2013 choisi pour sa capacit\u00e9 non seulement \u00e0 avoir un tranchant tr\u00e8s fin, mais aussi \u00e0 le conserver pendant une dur\u00e9e exceptionnellement longue. Ils sont \u00e9galement dot\u00e9s d&rsquo;\u00e9chelles G-10 savamment polies et de supports et d&rsquo;un cadre en aluminium 7075 poli miroir. Chaque Espada est \u00e9quip\u00e9e de notre m\u00e9canisme de verrouillage brevet\u00e9 Tri-Ad, dont il a \u00e9t\u00e9 prouv\u00e9 qu&rsquo;il poss\u00e8de une r\u00e9sistance et une solidit\u00e9 \u00e9tonnantes aux chocs. Lors de nos propres tests de produits notoirement brutaux, le XL Espada \u00e9tait non seulement capable de supporter 600 livres de poids en suspension libre, mais nous l&rsquo;avons m\u00eame utilis\u00e9 pour supporter un bloc moteur suspendu ! les espadas grandes et extra larges peuvent \u00eatre empoch\u00e9es, le couteau s&rsquo;ouvre lorsqu&rsquo;il est tir\u00e9 &#8211; et s&rsquo;ouvre en un clin d&rsquo;\u0153il ! Les belles lames Espada sont fabriqu\u00e9es \u00e0 partir d&rsquo;acier alli\u00e9 am\u00e9ricain S35VN de premi\u00e8re qualit\u00e9 \u2013 choisi pour sa capacit\u00e9 non seulement \u00e0 avoir un tranchant tr\u00e8s fin, mais aussi \u00e0 le conserver pendant une dur\u00e9e exceptionnellement longue. Ils sont \u00e9galement dot\u00e9s d&rsquo;\u00e9chelles G-10 savamment polies et de supports et d&rsquo;un cadre en aluminium 7075 poli miroir. Chaque Espada est \u00e9quip\u00e9e de notre m\u00e9canisme de verrouillage brevet\u00e9 Tri-Ad, dont il a \u00e9t\u00e9 prouv\u00e9 qu&rsquo;il poss\u00e8de une r\u00e9sistance et une solidit\u00e9 \u00e9tonnantes aux chocs. Lors de nos propres tests de produits notoirement brutaux, le XL Espada \u00e9tait non seulement capable de supporter 600 livres de poids en suspension libre, mais nous l&rsquo;avons m\u00eame utilis\u00e9 pour supporter un bloc moteur suspendu ! Les belles lames sont fabriqu\u00e9es \u00e0 partir d&rsquo;acier alli\u00e9 am\u00e9ricain S35VN de premi\u00e8re qualit\u00e9, choisi pour sa capacit\u00e9 non seulement \u00e0 engager un tranchant tr\u00e8s fin, mais aussi \u00e0 le maintenir pendant une dur\u00e9e exceptionnellement longue. Ils sont \u00e9galement dot\u00e9s d&rsquo;\u00e9chelles G-10 polies par des experts et de supports et d&rsquo;un cadre en aluminium 7075 polis miroir. Chaque Espada est \u00e9quip\u00e9e de notre m\u00e9canisme de verrouillage brevet\u00e9 Tri-Ad, dont il a \u00e9t\u00e9 prouv\u00e9 qu&rsquo;il poss\u00e8de une r\u00e9sistance et une solidit\u00e9 \u00e9tonnantes aux chocs. Lors de nos propres tests de produits notoirement brutaux, le XL Espada \u00e9tait non seulement capable de supporter 600 livres de poids en suspension libre, mais nous l&rsquo;avons m\u00eame utilis\u00e9 pour supporter un bloc moteur suspendu ! Les belles lames sont fabriqu\u00e9es \u00e0 partir d&rsquo;acier alli\u00e9 am\u00e9ricain S35VN de premi\u00e8re qualit\u00e9, choisi pour sa capacit\u00e9 non seulement \u00e0 engager un tranchant tr\u00e8s fin, mais aussi \u00e0 le maintenir pendant une dur\u00e9e exceptionnellement longue. Ils sont \u00e9galement dot\u00e9s d&rsquo;\u00e9chelles G-10 polies par des experts et de supports et d&rsquo;un cadre en aluminium 7075 polis miroir. Chaque Espada est \u00e9quip\u00e9e de notre m\u00e9canisme de verrouillage brevet\u00e9 Tri-Ad, dont il a \u00e9t\u00e9 prouv\u00e9 qu&rsquo;il poss\u00e8de une r\u00e9sistance et une solidit\u00e9 \u00e9tonnantes aux chocs. Lors de nos propres tests de produits notoirement brutaux, le XL Espada \u00e9tait non seulement capable de supporter 600 livres de poids en suspension libre, mais nous l&rsquo;avons m\u00eame utilis\u00e9 pour supporter un bloc moteur suspendu ! Chaque Espada est \u00e9quip\u00e9e de notre m\u00e9canisme de verrouillage brevet\u00e9 Tri-Ad, dont il a \u00e9t\u00e9 prouv\u00e9 qu&rsquo;il poss\u00e8de une r\u00e9sistance et une solidit\u00e9 \u00e9tonnantes aux chocs. Lors de nos propres tests de produits notoirement brutaux, le XL Espada \u00e9tait non seulement capable de supporter 600 livres de poids en suspension libre, mais nous l&rsquo;avons m\u00eame utilis\u00e9 pour supporter un bloc moteur suspendu ! Chaque Espada est \u00e9quip\u00e9e de notre m\u00e9canisme de verrouillage brevet\u00e9 Tri-Ad, dont il a \u00e9t\u00e9 prouv\u00e9 qu&rsquo;il poss\u00e8de une r\u00e9sistance et une solidit\u00e9 \u00e9tonnantes aux chocs. Lors de nos propres tests de produits notoirement brutaux, le XL Espada \u00e9tait non seulement capable de supporter 600 livres de poids en suspension libre, mais nous l&rsquo;avons m\u00eame utilis\u00e9 pour supporter un bloc moteur suspendu !<br \/>\nPoids : 9 oz \u00c9paisseur de la lame : 4 mm Longueur de la lame : 5-1\/2&Prime; Acier de la lame : am\u00e9ricain S35VN Longueur\/mat\u00e9riau du manche : 6 3\/4&Prime; de long G-10 poli avec support et cadre en aluminium poli 7075 Longueur totale : 12- 1 \/4&Prime; Caract\u00e9ristiques suppl\u00e9mentaires : Poche r\u00e9versible \/ Clip de ceinture Type de couteau : Dossier Gamme de longueur de lame : 5+ pouces Famille d&rsquo;acier : CPM Forme de la lame : Point de clip M\u00e9canisme de verrouillage : Tri-Ad Lock Gamme de produits : Espada<\/p>\n<p>Mat\u00e9riau de la lame : acier inoxydable CPM S35VN<br \/>\nLongueur de la lame : 140 mm<br \/>\n\u00c9paisseur de la lame : 4 mm<br \/>\nLongueur totale : 312 mm<br \/>\nMat\u00e9riau du manche : Superdural + G-10 et alliage d&rsquo;aluminium a\u00e9ronautique<br \/>\nSerrure&nbsp;: Cold Steel\u00ae Tri-Ad lock\u00ae<br \/>\nOuverture du couteau : plaque d&rsquo;ouverture pour le pouce<br \/>\nPoids : 255g<br \/>\nLes couteaux Cold Steel sont \u00e9quip\u00e9s d&rsquo;un clip pour pouvoir les porter derri\u00e8re une ceinture, une poche, etc.<\/p>\n","protected":false},"excerpt":{"rendered":"<p><strong>Une \u00e9p\u00e9e de poche !<\/strong><\/p>\n","protected":false},"featured_media":335451,"comment_status":"open","ping_status":"closed","template":"","meta":[],"pwb-brand":[3789],"product_brand":[],"product_cat":[3700,3696],"product_tag":[],"class_list":{"0":"post-335450","1":"product","2":"type-product","3":"status-publish","4":"has-post-thumbnail","6":"pwb-brand-acier-froid","7":"product_cat-couteaux-de-fermeture","8":"product_cat-des-couteaux","10":"first","11":"instock","12":"taxable","13":"shipping-taxable","14":"purchasable","15":"product-type-simple"},"brands":[{"id":3789,"name":"Acier froid","slug":"acier-froid"}],"_links":{"self":[{"href":"https:\/\/www.moskito.cz\/fr\/wp-json\/wp\/v2\/product\/335450","targetHints":{"allow":["GET"]}}],"collection":[{"href":"https:\/\/www.moskito.cz\/fr\/wp-json\/wp\/v2\/product"}],"about":[{"href":"https:\/\/www.moskito.cz\/fr\/wp-json\/wp\/v2\/types\/product"}],"replies":[{"embeddable":true,"href":"https:\/\/www.moskito.cz\/fr\/wp-json\/wp\/v2\/comments?post=335450"}],"wp:featuredmedia":[{"embeddable":true,"href":"https:\/\/www.moskito.cz\/fr\/wp-json\/wp\/v2\/media\/335451"}],"wp:attachment":[{"href":"https:\/\/www.moskito.cz\/fr\/wp-json\/wp\/v2\/media?parent=335450"}],"wp:term":[{"taxonomy":"pwb-brand","embeddable":true,"href":"https:\/\/www.moskito.cz\/fr\/wp-json\/wp\/v2\/pwb-brand?post=335450"},{"taxonomy":"product_brand","embeddable":true,"href":"https:\/\/www.moskito.cz\/fr\/wp-json\/wp\/v2\/product_brand?post=335450"},{"taxonomy":"product_cat","embeddable":true,"href":"https:\/\/www.moskito.cz\/fr\/wp-json\/wp\/v2\/product_cat?post=335450"},{"taxonomy":"product_tag","embeddable":true,"href":"https:\/\/www.moskito.cz\/fr\/wp-json\/wp\/v2\/product_tag?post=335450"}],"curies":[{"name":"wp","href":"https:\/\/api.w.org\/{rel}","templated":true}]}}