{"id":335485,"date":"2022-04-20T21:46:07","date_gmt":"2024-04-19T08:40:04","guid":{"rendered":"https:\/\/www.moskito.cz\/produkt\/couteau-fixe-cold-steel-gamme-boss-manche-noir\/"},"modified":"2025-05-07T11:12:32","modified_gmt":"2025-05-07T10:12:32","slug":"couteau-fixe-cold-steel-gamme-boss-manche-noir","status":"publish","type":"product","link":"https:\/\/www.moskito.cz\/fr\/produkt\/couteau-fixe-cold-steel-gamme-boss-manche-noir\/","title":{"rendered":"Couteau Fixe Cold Steel Gamme Boss Manche Noir"},"content":{"rendered":"<p>Couteau Fixe <strong>Cold Steel<\/strong> Gamme Boss Manche Noir.<\/p>\n<p>Que vous conduisiez un taxi \u00e0 Manhattan ou montiez \u00e0 cheval dans le Montana, nous sommes s\u00fbrs que vous appr\u00e9cierez notre Range Boss. Con\u00e7u pour \u00eatre port\u00e9 toute la journ\u00e9e dans une poche ou \u00e0 la taille, il est l\u00e9ger et facile \u00e0 transporter. Il ne prend pas beaucoup de place et peut \u00eatre transport\u00e9 pratiquement inaper\u00e7u jusqu&rsquo;\u00e0 ce que vous l&rsquo;ouvriez. La lame Range Boss est aff\u00fbt\u00e9e en douceur pour former un bord fin si tranchant qu&rsquo;il vous \u00e9tonnera. Il est lav\u00e9 \u00e0 la pierre pour r\u00e9sister \u00e0 la rouille et sa polyvalence en fait un tr\u00e8s bon couteau \u00e0 d\u00e9pecer, sans parler de la pr\u00e9paration des aliments. La poign\u00e9e en nylon renforc\u00e9 de verre est textur\u00e9e avec un motif \u00e0 pois pour une bonne prise en main et comporte le c\u00e9l\u00e8bre verrou Tri-Ad\u00ae pour une r\u00e9sistance sup\u00e9rieure.<\/p>\n<p>\u00ab\u00a0J&rsquo;aimerai toujours un couteau ultra fin et ultral\u00e9ger avec une longue lame et une pointe utile. C&rsquo;est pourquoi le Range Boss sera l&rsquo;un de mes couteaux de tous les jours. Comme le 3\u00a0\u00bb Hold Out, il est suffisamment l\u00e9ger pour \u00eatre transport\u00e9 24h\/24 et 7j\/7. dans la poche de ma chemise et contrairement au Hold Out, il comporte un clip plus polyvalent que j&rsquo;ai personnellement trouv\u00e9 tr\u00e8s appropri\u00e9 pour habiller et \u00e9corcher sur le terrain m\u00eame les gros sangliers pesant jusqu&rsquo;\u00e0 250 livres. Utilisez du naturel pour la ferme ou le magasin et aidez le nouveau voyou dans la jungle urbaine. Son prix est tr\u00e8s raisonnable et je pense qu&rsquo;il offre un excellent rapport qualit\u00e9-prix, surtout si l&rsquo;on consid\u00e8re qu&rsquo;il est livr\u00e9 avec le c\u00e9l\u00e8bre verrou Tri-AD de Cold Steel !!! \u00bb &#8211; Lynn Thompson<\/p>\n<p>PARAM\u00c8TRES DU PRODUIT<br \/>\n\u00c9paisseur de la lame : 3,5 mm<br \/>\nMat\u00e9riau du manche&nbsp;: Zy-Ex\u2122 long<br \/>\nCouleur noire<br \/>\nType de fusible : Tri-Ad Lock<br \/>\nPoids : 96g<br \/>\nLongueur du manche : 134 mm<br \/>\nLongueur de la lame : 101 mm<br \/>\nTaille hors tout : 235 mm<br \/>\nAcier&nbsp;:&nbsp;acier 4034SS<\/p>\n<p>Que vous parcouriez le stand en taxi \u00e0 Manhattan ou que vous montiez \u00e0 cheval dans le Montana, nous sommes s\u00fbrs que vous appr\u00e9cierez notre Range Boss. Con\u00e7u pour rouler toute la journ\u00e9e dans votre poche ou votre ceinture, il est l\u00e9ger et facile \u00e0 transporter. Il ne prend pas beaucoup de place et peut \u00eatre transport\u00e9 pratiquement inaper\u00e7u jusqu&rsquo;\u00e0 ce que vous l&rsquo;ouvriez. La lame \u00e0 pointe clip du Range Boss est aff\u00fbt\u00e9e \u00e0 plat avec un bord fin si tranchant qu&rsquo;il vous \u00e9tonnera. Il est lav\u00e9 \u00e0 la pierre pour r\u00e9sister \u00e0 la rouille, et sa polyvalence en fait un tr\u00e8s bon couteau \u00e0 d\u00e9pecer, sans parler \u00e9galement de la pr\u00e9paration des aliments. La poign\u00e9e en nylon renforc\u00e9 de verre est textur\u00e9e avec un motif pointill\u00e9 pour une bonne prise en main et elle est dot\u00e9e du c\u00e9l\u00e8bre verrou Tri-Ad\u00ae pour une r\u00e9sistance exceptionnelle.<\/p>\n<p>\u00ab\u00a0Je serai toujours fan d&rsquo;un couteau super fin et ultra-l\u00e9ger avec une longue lame et une pointe utile. C&rsquo;est pourquoi le Range Boss sera l&rsquo;un de mes couteaux quotidiens. Comme le Hold Out 3&Prime;, il est suffisamment l\u00e9ger pour roulez 24h\/24 et 7j\/7 dans la poche de ma chemise et contrairement au Hold Out, il est dot\u00e9 d&rsquo;un point de clip plus polyvalent, que j&rsquo;ai personnellement trouv\u00e9 tr\u00e8s ad\u00e9quat pour habiller et \u00e9corcher m\u00eame les gros sangliers jusqu&rsquo;\u00e0 250 lb. Un naturel pour une ferme, un ranch ou un magasin. utilisez et aidez le nouveau slouch dans la jungle urbaine. Son prix est tr\u00e8s raisonnable et je pense qu&rsquo;il offre un excellent rapport qualit\u00e9-prix, surtout si l&rsquo;on consid\u00e8re qu&rsquo;il est livr\u00e9 avec le c\u00e9l\u00e8bre verrou Tri-AD de Cold Steel !!!\u00a0\u00bb -Lynn Thompson<\/p>\n<p>Poids : 3,4 oz \u00c9paisseur de la lame : 3,5 mm Longueur\/mat\u00e9riau du manche : 5 1\/4 po de long Acier de la lame du manche Zy-Ex\u2122 : acier 4034SS Longueur de la lame : 4 po Longueur totale : 9 1\/4 po Type de couteau : Dossier Plage de longueur de la lame : 3- Famille d&rsquo;acier de 5 po : 4034 Forme de la lame : M\u00e9canisme de verrouillage \u00e0 point de clip : Tri-Ad Lock Famille de produits : Range Boss<\/p>\n","protected":false},"excerpt":{"rendered":"<p>Le Range Boss est un couteau pliant dot\u00e9 d&rsquo;une lame lisse et d&rsquo;une coupe plate. C&rsquo;est un EDC classique, c&rsquo;est \u00e0 dire un couteau pour un usage quotidien. Outil de travail relativement grand mais agr\u00e9ablement l\u00e9ger.<\/p>\n","protected":false},"featured_media":335486,"comment_status":"open","ping_status":"closed","template":"","meta":[],"pwb-brand":[3789],"product_brand":[],"product_cat":[3700,3696],"product_tag":[],"class_list":{"0":"post-335485","1":"product","2":"type-product","3":"status-publish","4":"has-post-thumbnail","6":"pwb-brand-acier-froid","7":"product_cat-couteaux-de-fermeture","8":"product_cat-des-couteaux","10":"first","11":"instock","12":"taxable","13":"shipping-taxable","14":"purchasable","15":"product-type-simple"},"brands":[{"id":3789,"name":"Acier froid","slug":"acier-froid"}],"_links":{"self":[{"href":"https:\/\/www.moskito.cz\/fr\/wp-json\/wp\/v2\/product\/335485","targetHints":{"allow":["GET"]}}],"collection":[{"href":"https:\/\/www.moskito.cz\/fr\/wp-json\/wp\/v2\/product"}],"about":[{"href":"https:\/\/www.moskito.cz\/fr\/wp-json\/wp\/v2\/types\/product"}],"replies":[{"embeddable":true,"href":"https:\/\/www.moskito.cz\/fr\/wp-json\/wp\/v2\/comments?post=335485"}],"wp:featuredmedia":[{"embeddable":true,"href":"https:\/\/www.moskito.cz\/fr\/wp-json\/wp\/v2\/media\/335486"}],"wp:attachment":[{"href":"https:\/\/www.moskito.cz\/fr\/wp-json\/wp\/v2\/media?parent=335485"}],"wp:term":[{"taxonomy":"pwb-brand","embeddable":true,"href":"https:\/\/www.moskito.cz\/fr\/wp-json\/wp\/v2\/pwb-brand?post=335485"},{"taxonomy":"product_brand","embeddable":true,"href":"https:\/\/www.moskito.cz\/fr\/wp-json\/wp\/v2\/product_brand?post=335485"},{"taxonomy":"product_cat","embeddable":true,"href":"https:\/\/www.moskito.cz\/fr\/wp-json\/wp\/v2\/product_cat?post=335485"},{"taxonomy":"product_tag","embeddable":true,"href":"https:\/\/www.moskito.cz\/fr\/wp-json\/wp\/v2\/product_tag?post=335485"}],"curies":[{"name":"wp","href":"https:\/\/api.w.org\/{rel}","templated":true}]}}