{"id":335522,"date":"2021-07-23T13:50:16","date_gmt":"2024-04-19T08:47:33","guid":{"rendered":"https:\/\/www.moskito.cz\/produkt\/couteau-pliant-cold-steel-ad-10\/"},"modified":"2025-05-07T11:12:34","modified_gmt":"2025-05-07T10:12:34","slug":"couteau-pliant-cold-steel-ad-10","status":"publish","type":"product","link":"https:\/\/www.moskito.cz\/fr\/produkt\/couteau-pliant-cold-steel-ad-10\/","title":{"rendered":"Couteau pliant Cold Steel AD-10"},"content":{"rendered":"<p>Couteau pliant <strong>Cold Steel<\/strong> AD-10.<\/p>\n<p><span class=\"VIiyi\" lang=\"cs\"><span class=\"JLqJ4b\" data-language-for-alternatives=\"cs\" data-language-to-translate-into=\"en\" data-phrase-index=\"0\">Si vous pr\u00e9voyez une grande chasse, une exp\u00e9dition dangereuse ou une aventure passionnante et que vous souhaitez vous procurer un couteau pliant haute performance qui n&rsquo;attirera pas l&rsquo;attention ind\u00e9sirable, ne cherchez pas plus loin que l&rsquo;Andrew Demkos AD-10. Semblable \u00e0 l&rsquo;\u00e9norme 4-Max d&rsquo;Andrews, mais plus petit en taille et en poids, l&rsquo;AD-10 poss\u00e8de une lame aff\u00fbt\u00e9e ultra-large qui se termine par un point de basculement robuste (mais inoffensif). Meul\u00e9 finement sur le bord et r\u00e9gl\u00e9 pour un tranchant de rasoir, l&rsquo;AD-10 offre une puissance de coupe, de cisaillement et de per\u00e7age sans pr\u00e9c\u00e9dent dans la lame, tout en restant remarquablement r\u00e9sistant \u00e0 la flexion, \u00e0 la rupture ou \u00e0 l&rsquo;\u00e9caillage. La poign\u00e9e de l&rsquo;AD-10 est \u00e9galement solide et conviviale, avec des inserts en aluminium trait\u00e9 thermiquement sur toute la longueur, des poign\u00e9es G-10 usin\u00e9es en 3D et des broches et vis surdimensionn\u00e9es ; Gr\u00e2ce \u00e0 son contour pr\u00e9cis et \u00e0 son prot\u00e8ge-doigt int\u00e9gr\u00e9, il tient confortablement et en toute s\u00e9curit\u00e9 dans la main. Aucune lame ne serait compl\u00e8te sans un m\u00e9canisme de verrouillage fiable, c&rsquo;est pourquoi nous avons incorpor\u00e9 le c\u00e9l\u00e8bre verrou Tri-Ad d&rsquo;Andrews. Au fil du temps, il s&rsquo;est av\u00e9r\u00e9 in\u00e9gal\u00e9 en termes de solidit\u00e9, de r\u00e9sistance aux chocs et de durabilit\u00e9, offrant une protection in\u00e9gal\u00e9e \u00e0 vos doigts irrempla\u00e7ables. Et pour garantir un d\u00e9ploiement rapide du flash et un transport confortable, nous avons \u00e9quip\u00e9 l&rsquo;AD-10 d&rsquo;un bouton de pouce double face et de deux clips de poche.<br \/>\n<\/span><\/span><\/p>\n<p>Longueur ferm\u00e9 : 13 cm<br \/>\nLongueur de la lame : 9 cm<br \/>\nAcier : acier inoxydable S35VN<br \/>\nS\u00e9curit\u00e9&nbsp;:&nbsp;verrouillage<br \/>\nManche : G10 noir<\/p>\n<p><strong>Cold Steel<\/strong> est une entreprise engag\u00e9e dans la production des couteaux les plus solides et les plus tranchants au monde. Au cours des trois derni\u00e8res d\u00e9cennies, Cold Steel a \u00e9t\u00e9 \u00e0 l&rsquo;avant-garde de nombreuses innovations qui ont contribu\u00e9 \u00e0 d\u00e9finir l&rsquo;industrie du couteau. Les succ\u00e8s successifs, notamment l&rsquo;introduction des manches \u00e0 carreaux Kraton\u00ae et des styles de lames \u00e0 pointe tanto, sont pass\u00e9s de caract\u00e9ristiques curieuses \u00e0 des marques industrielles de qualit\u00e9 et de sophistication. La nouvelle direction a \u00e9galement \u00e9t\u00e9 rompue avec l&rsquo;introduction de nouvelles lames en acier uniques telles que le San Mai III\u00ae et le m\u00e9canisme de verrouillage et de verrouillage Tri-Ad \u2122 pour les couteaux pliants. Par exemple, le verrou Tri-Ad \u2122 n&rsquo;a jamais \u00e9t\u00e9 \u00e9gal\u00e9 par aucun des concurrents de Cold Steel et il n&rsquo;a pas \u00e9t\u00e9 prouv\u00e9 qu&rsquo;il surpassait tout ce qu&rsquo;ils ont produit jusqu&rsquo;\u00e0 pr\u00e9sent. Bien entendu, Cold Steel sera toujours tourn\u00e9 vers l\u2019avenir et s\u2019efforcera constamment de produire les couteaux les plus solides et les plus tranchants au monde. Cet objectif, tout aussi insaisissable et difficile \u00e0 atteindre, est rest\u00e9 le m\u00eame au cours des quarante derni\u00e8res ann\u00e9es. Acier froid inc. est une entreprise ax\u00e9e sur la production des couteaux, \u00e9p\u00e9es, tomahawks, machettes, couverts et outils les plus solides et les plus tranchants pour le transport quotidien : EDC. Rapidement adopt\u00e9 par l&rsquo;arm\u00e9e, les forces sp\u00e9ciales charg\u00e9es de l&rsquo;application de la loi, les intervenants d&rsquo;urgence, les professionnels de l&rsquo;autod\u00e9fense et les membres de la communaut\u00e9 des arts martiaux, Cold Steel s&rsquo;est rapidement fait un nom pour sa qualit\u00e9, sa solidit\u00e9, sa fiabilit\u00e9 et sa fiabilit\u00e9 dans le transport quotidien (EDC). . Notre gamme diversifi\u00e9e et vari\u00e9e s&rsquo;est rapidement \u00e9largie pour inclure non seulement une vaste s\u00e9lection de couteaux pliants (des petites lames \u00ab EDC \u00bb \u00e0 nos embl\u00e9matiques \u00ab m\u00e9ga-dossiers \u00bb) g\u00e9ants, mais \u00e9galement des lames fixes, des \u00e9p\u00e9es, des sabres, des b\u00e2tons et des hallebardes, ainsi que ainsi que du mat\u00e9riel de chasse, des lances, des fusils, des haches, des machettes, des tomahawks et des outils ! Au fil des d\u00e9cennies, Cold Steel a introduit de nouveaux mat\u00e9riaux et conceptions r\u00e9volutionnaires qui ont contribu\u00e9 \u00e0 fa\u00e7onner le monde des couteaux, armes blanches et outils modernes. De l&rsquo;introduction de poign\u00e9es \u00e0 damier Kraton\u00ae et d&rsquo;une lame Tanto \u00ab am\u00e9ricanis\u00e9e \u00bb, \u00e0 l&rsquo;inclusion de nouveaux aciers de lame innovants comme le San Mai III\u00ae et de m\u00e9canismes de verrouillage r\u00e9volutionnaires (comme notre Tri-Ad \u2122 Lock). Alors que nous regardons vers l&rsquo;avenir, Cold Steel continue d&rsquo;apporter sur le march\u00e9 de nouveaux niveaux de r\u00e9sistance, de s\u00e9curit\u00e9 et de performance, en fournissant des produits \u00e9prouv\u00e9s sur lesquels vous pouvez compter, \u00e0 tout moment et en tout lieu !<\/p>\n","protected":false},"excerpt":{"rendered":"<div class=\"elementor-element elementor-element-bbb542b elementor-widget elementor-widget-woocommerce-product-short-description\" data-id=\"bbb542b\" data-element_type=\"widget\" data-widget_type=\"woocommerce-product-short-description.default\">\n<div class=\"elementor-widget-container\">\n<div class=\"woocommerce-product-details__short-description\">\n<div class=\"elementor-element elementor-element-bbb542b elementor-widget elementor-widget-woocommerce-product-short-description\" data-id=\"bbb542b\" data-element_type=\"widget\" data-widget_type=\"woocommerce-product-short-description.default\">\n<div class=\"elementor-widget-container\">\n<div class=\"woocommerce-product-details__short-description\">\n<p>Couteau pliant <strong>Cold Steel<\/strong> avec s\u00e9curit\u00e9 et clip de transport.<\/p>\n<p><strong>Transports gratuits.<\/strong><\/p>\n<\/div>\n<\/div>\n<\/div>\n<\/div>\n<\/div>\n<\/div>\n","protected":false},"featured_media":335523,"comment_status":"open","ping_status":"closed","template":"","meta":[],"pwb-brand":[3789],"product_brand":[],"product_cat":[3700,3696],"product_tag":[],"class_list":{"0":"post-335522","1":"product","2":"type-product","3":"status-publish","4":"has-post-thumbnail","6":"pwb-brand-acier-froid","7":"product_cat-couteaux-de-fermeture","8":"product_cat-des-couteaux","10":"first","11":"instock","12":"taxable","13":"shipping-taxable","14":"purchasable","15":"product-type-simple"},"brands":[{"id":3789,"name":"Acier froid","slug":"acier-froid"}],"_links":{"self":[{"href":"https:\/\/www.moskito.cz\/fr\/wp-json\/wp\/v2\/product\/335522","targetHints":{"allow":["GET"]}}],"collection":[{"href":"https:\/\/www.moskito.cz\/fr\/wp-json\/wp\/v2\/product"}],"about":[{"href":"https:\/\/www.moskito.cz\/fr\/wp-json\/wp\/v2\/types\/product"}],"replies":[{"embeddable":true,"href":"https:\/\/www.moskito.cz\/fr\/wp-json\/wp\/v2\/comments?post=335522"}],"wp:featuredmedia":[{"embeddable":true,"href":"https:\/\/www.moskito.cz\/fr\/wp-json\/wp\/v2\/media\/335523"}],"wp:attachment":[{"href":"https:\/\/www.moskito.cz\/fr\/wp-json\/wp\/v2\/media?parent=335522"}],"wp:term":[{"taxonomy":"pwb-brand","embeddable":true,"href":"https:\/\/www.moskito.cz\/fr\/wp-json\/wp\/v2\/pwb-brand?post=335522"},{"taxonomy":"product_brand","embeddable":true,"href":"https:\/\/www.moskito.cz\/fr\/wp-json\/wp\/v2\/product_brand?post=335522"},{"taxonomy":"product_cat","embeddable":true,"href":"https:\/\/www.moskito.cz\/fr\/wp-json\/wp\/v2\/product_cat?post=335522"},{"taxonomy":"product_tag","embeddable":true,"href":"https:\/\/www.moskito.cz\/fr\/wp-json\/wp\/v2\/product_tag?post=335522"}],"curies":[{"name":"wp","href":"https:\/\/api.w.org\/{rel}","templated":true}]}}