{"id":335545,"date":"2022-04-16T14:44:59","date_gmt":"2022-04-16T13:44:59","guid":{"rendered":"https:\/\/www.moskito.cz\/produkt\/couteau-fixe-cold-steel-tiger-karambit\/"},"modified":"2025-05-07T11:12:35","modified_gmt":"2025-05-07T10:12:35","slug":"couteau-fixe-cold-steel-tiger-karambit","status":"publish","type":"product","link":"https:\/\/www.moskito.cz\/fr\/produkt\/couteau-fixe-cold-steel-tiger-karambit\/","title":{"rendered":"Couteau Fixe Cold Steel Tiger Karambit"},"content":{"rendered":"<p>Couteau Fixe <strong>Cold Steel<\/strong> Tiger Karambit<\/p>\n<p>Le Steel Tiger est une interpr\u00e9tation tactique tout \u00e0 fait moderne du karambit indon\u00e9sien. Fruit d&rsquo;une collaboration de conception entre Lynn C. Thompson et le regrett\u00e9 coutelier personnalis\u00e9 Steven Likarich, le Steel Tiger a \u00e9t\u00e9 con\u00e7u pour reprendre toutes les meilleures caract\u00e9ristiques de cette lame incurv\u00e9e embl\u00e9matique et les int\u00e9grer de mani\u00e8re transparente dans des mat\u00e9riaux et un style modernes. Profond\u00e9ment incurv\u00e9e et aiguis\u00e9e, la lame en acier inoxydable AUS 8A Steel Tiger est trait\u00e9e thermiquement sous vide et durcie \u00e0 des temp\u00e9ratures inf\u00e9rieures \u00e0 z\u00e9ro, effil\u00e9e et lav\u00e9e \u00e0 la pierre pour une r\u00e9sistance, une puissance de coupe, une r\u00e9tention des bords et des performances maximales. La poign\u00e9e durable Griv-Ex encapsule enti\u00e8rement la poign\u00e9e, qui se soul\u00e8ve pour cr\u00e9er un support, une \u00e9tag\u00e8re pour le pouce et un anneau pro\u00e9minent. Ce noyau est ensuite inject\u00e9 de Kray-Ex\u2122 de qualit\u00e9 sup\u00e9rieure, cr\u00e9ant une excellente adh\u00e9rence antid\u00e9rapante qui ne vous laissera pas tomber m\u00eame lorsque vos mains sont froides ou mouill\u00e9es. Pour plus de s\u00e9curit\u00e9 et de commodit\u00e9, le Steel Tiger est livr\u00e9 avec une gaine Secure-Ex de style militaire qui peut \u00eatre attach\u00e9e \u00e0 votre \u00e9quipement ou maintenue avec un clip de chaussure\/ceinture amovible.<\/p>\n<p>Taille hors tout 222 mm<br \/>\nLongueur de lame 120 mm<br \/>\nAcier inoxydable japonais AUS 8A avec finition d\u00e9lav\u00e9e \u00e0 la pierre<br \/>\nMat\u00e9riau de pr\u00e9hension Griv-Ex\u2122 avec Kray-Ex\u2122 surmoul\u00e9<br \/>\n\u00c9paisseur de la lame 5 mm<br \/>\nPoids 141,47 g<br \/>\nLongueur du manche 127 mm<br \/>\nTaille de t\u00eate 0<br \/>\nMat\u00e9riau de la gaine Secure-Ex\u00ae<\/p>\n<p>&nbsp;<\/p>\n<p>Le Steel Tiger est une interpr\u00e9tation tactique tout \u00e0 fait moderne du Karambit indon\u00e9sien. Fruit d&rsquo;une collaboration de conception entre Lynn C. Thompson et le regrett\u00e9 coutelier personnalis\u00e9 Steven Likarich, le Steel Tiger a \u00e9t\u00e9 con\u00e7u pour poss\u00e9der toutes les meilleures caract\u00e9ristiques de cette lame crochue embl\u00e9matique et pour les int\u00e9grer parfaitement aux mat\u00e9riaux et au style modernes. La lame en acier inoxydable AUS 8A profond\u00e9ment incurv\u00e9e et aiguillet\u00e9e du Steel Tiger est trait\u00e9e thermiquement sous vide et tremp\u00e9e \u00e0 des temp\u00e9ratures inf\u00e9rieures \u00e0 z\u00e9ro, aff\u00fbt\u00e9e de mani\u00e8re conique et dot\u00e9e d&rsquo;une finition d\u00e9lav\u00e9e \u00e0 la pierre pour une r\u00e9sistance, une puissance de coupe, une r\u00e9tention des bords et des performances maximales. La poign\u00e9e durable en Griv-Ex encapsule enti\u00e8rement la tige, \u00e9mergeant pour cr\u00e9er le traversin, l&rsquo;\u00e9tag\u00e8re pour le pouce et l&rsquo;anneau distinctif. Ce noyau est ensuite surmoul\u00e9 par injection avec du Kray-Ex\u2122 haut de gamme, cr\u00e9ant une superbe poign\u00e9e antid\u00e9rapante qui ne vous laissera pas tomber m\u00eame lorsque vos mains sont froides ou mouill\u00e9es. Pour plus de s\u00e9curit\u00e9 et de commodit\u00e9, le Steel Tiger est livr\u00e9 avec une gaine Secure-Ex de style militaire que vous pouvez attacher \u00e0 votre \u00e9quipement ou conserver sur vous via le clip de botte\/ceinture amovible.<\/p>\n","protected":false},"excerpt":{"rendered":"<p>Steel Tiger de COLD STEEL est un couteau solide au bord lisse. Il s&rsquo;agit d&rsquo;une nouvelle interpr\u00e9tation du couteau karambit indon\u00e9sien embl\u00e9matique.<\/p>\n","protected":false},"featured_media":335546,"comment_status":"open","ping_status":"closed","template":"","meta":[],"pwb-brand":[3789],"product_brand":[],"product_cat":[3794,3696],"product_tag":[],"class_list":{"0":"post-335545","1":"product","2":"type-product","3":"status-publish","4":"has-post-thumbnail","6":"pwb-brand-acier-froid","7":"product_cat-karambits-fr","8":"product_cat-des-couteaux","10":"first","11":"instock","12":"taxable","13":"shipping-taxable","14":"purchasable","15":"product-type-simple"},"brands":[{"id":3789,"name":"Acier froid","slug":"acier-froid"}],"_links":{"self":[{"href":"https:\/\/www.moskito.cz\/fr\/wp-json\/wp\/v2\/product\/335545","targetHints":{"allow":["GET"]}}],"collection":[{"href":"https:\/\/www.moskito.cz\/fr\/wp-json\/wp\/v2\/product"}],"about":[{"href":"https:\/\/www.moskito.cz\/fr\/wp-json\/wp\/v2\/types\/product"}],"replies":[{"embeddable":true,"href":"https:\/\/www.moskito.cz\/fr\/wp-json\/wp\/v2\/comments?post=335545"}],"wp:featuredmedia":[{"embeddable":true,"href":"https:\/\/www.moskito.cz\/fr\/wp-json\/wp\/v2\/media\/335546"}],"wp:attachment":[{"href":"https:\/\/www.moskito.cz\/fr\/wp-json\/wp\/v2\/media?parent=335545"}],"wp:term":[{"taxonomy":"pwb-brand","embeddable":true,"href":"https:\/\/www.moskito.cz\/fr\/wp-json\/wp\/v2\/pwb-brand?post=335545"},{"taxonomy":"product_brand","embeddable":true,"href":"https:\/\/www.moskito.cz\/fr\/wp-json\/wp\/v2\/product_brand?post=335545"},{"taxonomy":"product_cat","embeddable":true,"href":"https:\/\/www.moskito.cz\/fr\/wp-json\/wp\/v2\/product_cat?post=335545"},{"taxonomy":"product_tag","embeddable":true,"href":"https:\/\/www.moskito.cz\/fr\/wp-json\/wp\/v2\/product_tag?post=335545"}],"curies":[{"name":"wp","href":"https:\/\/api.w.org\/{rel}","templated":true}]}}