{"id":335559,"date":"2022-04-18T21:48:38","date_gmt":"2024-04-19T09:22:28","guid":{"rendered":"https:\/\/www.moskito.cz\/produkt\/couteau-pliant-cold-steel-ultimate-hunter-noir-s35vn\/"},"modified":"2025-05-07T11:12:36","modified_gmt":"2025-05-07T10:12:36","slug":"couteau-pliant-cold-steel-ultimate-hunter-noir-s35vn","status":"publish","type":"product","link":"https:\/\/www.moskito.cz\/fr\/produkt\/couteau-pliant-cold-steel-ultimate-hunter-noir-s35vn\/","title":{"rendered":"Couteau pliant Cold Steel ULTIMATE HUNTER NOIR (S35VN)"},"content":{"rendered":"<p>Couteau pliant <strong>Cold Steel<\/strong> ULTIMATE HUNTER NOIR (S35VN)<\/p>\n<p>Fruit d&rsquo;une collaboration de conception entre le coutelier sur mesure Andrew Demke et Lynn C. Thompson, l&rsquo;Ultimate Hunter repr\u00e9sente l&rsquo;aboutissement de pr\u00e8s de 3 ann\u00e9es de d\u00e9veloppement de conception. Tests exhaustifs sur le terrain sur 4 continents \u2013 Ultimate Hunter a fait ses preuves \u00e0 maintes reprises ! Fabriqu\u00e9 \u00e0 partir d&rsquo;acier am\u00e9ricain S35VN, l&rsquo;Ultimate Hunter est aff\u00fbt\u00e9 \u00e0 la main pour en faire un rasoir qui dure incroyablement longtemps. Les poign\u00e9es G-10 fortement sabl\u00e9es et usin\u00e9es CNC sont confortablement lisses tout en offrant une prise tr\u00e8s s\u00fbre et s\u00e9curis\u00e9e. \u00c9quip\u00e9 d&rsquo;un m\u00e9canisme de verrouillage Tri-Ad super puissant pour plus de s\u00e9curit\u00e9, l&rsquo;Ultimate Hunter est une lame de chasse\/homme de plein air de race pure qui est \u00e9galement un excellent couteau de transport quotidien &#8211; pratique, fonctionnel et incroyablement performant !<\/p>\n<p>PARAM\u00c8TRES DU PRODUIT<br \/>\nLongueur du manche : 126 mm<br \/>\nType de fusible : Tri-Ad Lock<br \/>\nTaille hors tout : 215 mm<br \/>\nLongueur de la lame : 89 mm<br \/>\nCouleur : Noir\/Argent<br \/>\nAcier&nbsp;: CPM-S35VN<br \/>\nPoids : 139 g<br \/>\nMat\u00e9riau du manche&nbsp;: G-10 usin\u00e9 en 3D<br \/>\n\u00c9paisseur de la lame : 3,5 mm<\/p>\n<p>Fruit d&rsquo;une collaboration de conception entre le coutelier sur mesure Andrew Demko et Lynn C. Thompson, l&rsquo;Ultimate Hunter repr\u00e9sente le point culminant de pr\u00e8s de 3 ans d&rsquo;\u00e9volution du design. Test\u00e9 de mani\u00e8re exhaustive sur le terrain sur 4 continents &#8211; l&rsquo;Ultimate Hunter a prouv\u00e9 sa valeur \u00e0 maintes reprises ! Fabriqu\u00e9 \u00e0 partir d&rsquo;acier am\u00e9ricain S35VN, l&rsquo;Ultimate Hunter est aff\u00fbt\u00e9 \u00e0 la main pour obtenir un fil de rasoir qui durera incroyablement longtemps. Les poign\u00e9es G-10 fortement microbill\u00e9es et usin\u00e9es CNC sont confortablement lisses, tout en offrant une prise en main tr\u00e8s s\u00fbre et s\u00fbre. \u00c9quip\u00e9 d&rsquo;un m\u00e9canisme de verrouillage Tri-Ad ultra-r\u00e9sistant pour plus de s\u00e9curit\u00e9, l&rsquo;Ultimate Hunter est une pure lame de chasse\/amateur de plein air qui constitue \u00e9galement un excellent couteau de transport quotidien &#8211; pratique, fonctionnel et incroyablement performant !<\/p>\n<p>Poids : 4,9 oz \u00c9paisseur de la lame : 3,5 mm Longueur de la lame : 3-1\/2&Prime; Acier de la lame : am\u00e9ricain S35VN Longueur\/mat\u00e9riau du manche : 5&Prime; G-10 usin\u00e9 en 3D Longueur totale : 8-1\/2&Prime; Caract\u00e9ristiques suppl\u00e9mentaires : Poche ambidextre \/ Type de couteau \u00e0 clip de ceinture : Dossier Plage de longueur de la lame : 3-5 po Famille d&rsquo;acier : CPM Forme de la lame : Drop Point M\u00e9canisme de verrouillage : Tri-Ad Lock<\/p>\n","protected":false},"excerpt":{"rendered":"<p>COLD STEEL Ultimate Hunter est un couteau de chasse pliant pour un usage quotidien. Le mat\u00e9riau et le traitement de la lame et du manche 3D font de l&rsquo;Ultimate Hunter un couteau d&rsquo;exception.<\/p>\n","protected":false},"featured_media":335560,"comment_status":"open","ping_status":"closed","template":"","meta":[],"pwb-brand":[3789],"product_brand":[],"product_cat":[3700,3696],"product_tag":[],"class_list":{"0":"post-335559","1":"product","2":"type-product","3":"status-publish","4":"has-post-thumbnail","6":"pwb-brand-acier-froid","7":"product_cat-couteaux-de-fermeture","8":"product_cat-des-couteaux","10":"first","11":"outofstock","12":"taxable","13":"shipping-taxable","14":"purchasable","15":"product-type-simple"},"brands":[{"id":3789,"name":"Acier froid","slug":"acier-froid"}],"_links":{"self":[{"href":"https:\/\/www.moskito.cz\/fr\/wp-json\/wp\/v2\/product\/335559","targetHints":{"allow":["GET"]}}],"collection":[{"href":"https:\/\/www.moskito.cz\/fr\/wp-json\/wp\/v2\/product"}],"about":[{"href":"https:\/\/www.moskito.cz\/fr\/wp-json\/wp\/v2\/types\/product"}],"replies":[{"embeddable":true,"href":"https:\/\/www.moskito.cz\/fr\/wp-json\/wp\/v2\/comments?post=335559"}],"wp:featuredmedia":[{"embeddable":true,"href":"https:\/\/www.moskito.cz\/fr\/wp-json\/wp\/v2\/media\/335560"}],"wp:attachment":[{"href":"https:\/\/www.moskito.cz\/fr\/wp-json\/wp\/v2\/media?parent=335559"}],"wp:term":[{"taxonomy":"pwb-brand","embeddable":true,"href":"https:\/\/www.moskito.cz\/fr\/wp-json\/wp\/v2\/pwb-brand?post=335559"},{"taxonomy":"product_brand","embeddable":true,"href":"https:\/\/www.moskito.cz\/fr\/wp-json\/wp\/v2\/product_brand?post=335559"},{"taxonomy":"product_cat","embeddable":true,"href":"https:\/\/www.moskito.cz\/fr\/wp-json\/wp\/v2\/product_cat?post=335559"},{"taxonomy":"product_tag","embeddable":true,"href":"https:\/\/www.moskito.cz\/fr\/wp-json\/wp\/v2\/product_tag?post=335559"}],"curies":[{"name":"wp","href":"https:\/\/api.w.org\/{rel}","templated":true}]}}