{"id":335565,"date":"2022-04-20T20:31:55","date_gmt":"2022-04-20T19:31:55","guid":{"rendered":"https:\/\/www.moskito.cz\/produkt\/couteau-pliant-cold-steel-kudu-lite\/"},"modified":"2025-05-07T11:12:38","modified_gmt":"2025-05-07T10:12:38","slug":"couteau-pliant-cold-steel-kudu-lite","status":"publish","type":"product","link":"https:\/\/www.moskito.cz\/fr\/produkt\/couteau-pliant-cold-steel-kudu-lite\/","title":{"rendered":"Couteau pliant Cold Steel KUDU LITE"},"content":{"rendered":"<p>Couteau pliant <strong>Cold Steel<\/strong> KUDU LITE<\/p>\n<p>Nouveau pour 2020 &#8211; Nous sommes ravis d&rsquo;annoncer le mod\u00e8le Kudu Lite, con\u00e7u pour \u00eatre encore plus abordable et similaire en tous points \u00e0 notre couteau \u00e0 anneau Kudu classique, sauf qu&rsquo;il repose sur un ressort robuste pour maintenir la lame ouverte comme une poche classique. couteaux \u00e0 joint coulissant.<\/p>\n<p>PARAM\u00c8TRES DU PRODUIT<br \/>\nTaille hors tout : 254 mm<br \/>\nCouleur : Noir\/Argent<br \/>\nLongueur du manche : 146 mm<br \/>\n\u00c9paisseur de la lame : 2 mm<br \/>\nMat\u00e9riau du manche&nbsp;: Zy-Ex\u2122 long<br \/>\nAcier&nbsp;: 5Cr15MoV<br \/>\nType de fusible : fusible \u00e0 anneau<br \/>\nLongueur de la lame : 107 mm<br \/>\nPoids : 78g<\/p>\n<p>&nbsp;<\/p>\n","protected":false},"excerpt":{"rendered":"<p><strong>Cold Steel Kudu Lite est un couteau pliant l\u00e9ger pour un usage quotidien. Il s&rsquo;agit d&rsquo;une r\u00e9plique du vieux couteau africain Akapi.<\/strong><\/p>\n","protected":false},"featured_media":335566,"comment_status":"open","ping_status":"closed","template":"","meta":[],"pwb-brand":[3789],"product_brand":[],"product_cat":[3700,3696],"product_tag":[],"class_list":{"0":"post-335565","1":"product","2":"type-product","3":"status-publish","4":"has-post-thumbnail","6":"pwb-brand-acier-froid","7":"product_cat-couteaux-de-fermeture","8":"product_cat-des-couteaux","10":"first","11":"instock","12":"taxable","13":"shipping-taxable","14":"purchasable","15":"product-type-simple"},"brands":[{"id":3789,"name":"Acier froid","slug":"acier-froid"}],"_links":{"self":[{"href":"https:\/\/www.moskito.cz\/fr\/wp-json\/wp\/v2\/product\/335565","targetHints":{"allow":["GET"]}}],"collection":[{"href":"https:\/\/www.moskito.cz\/fr\/wp-json\/wp\/v2\/product"}],"about":[{"href":"https:\/\/www.moskito.cz\/fr\/wp-json\/wp\/v2\/types\/product"}],"replies":[{"embeddable":true,"href":"https:\/\/www.moskito.cz\/fr\/wp-json\/wp\/v2\/comments?post=335565"}],"wp:featuredmedia":[{"embeddable":true,"href":"https:\/\/www.moskito.cz\/fr\/wp-json\/wp\/v2\/media\/335566"}],"wp:attachment":[{"href":"https:\/\/www.moskito.cz\/fr\/wp-json\/wp\/v2\/media?parent=335565"}],"wp:term":[{"taxonomy":"pwb-brand","embeddable":true,"href":"https:\/\/www.moskito.cz\/fr\/wp-json\/wp\/v2\/pwb-brand?post=335565"},{"taxonomy":"product_brand","embeddable":true,"href":"https:\/\/www.moskito.cz\/fr\/wp-json\/wp\/v2\/product_brand?post=335565"},{"taxonomy":"product_cat","embeddable":true,"href":"https:\/\/www.moskito.cz\/fr\/wp-json\/wp\/v2\/product_cat?post=335565"},{"taxonomy":"product_tag","embeddable":true,"href":"https:\/\/www.moskito.cz\/fr\/wp-json\/wp\/v2\/product_tag?post=335565"}],"curies":[{"name":"wp","href":"https:\/\/api.w.org\/{rel}","templated":true}]}}