{"id":335587,"date":"2021-07-23T11:42:43","date_gmt":"2024-04-19T09:33:07","guid":{"rendered":"https:\/\/www.moskito.cz\/produkt\/couteau-pliant-cold-steel-code-4-a-pointe-de-lance\/"},"modified":"2025-05-07T11:12:40","modified_gmt":"2025-05-07T10:12:40","slug":"couteau-pliant-cold-steel-code-4-a-pointe-de-lance","status":"publish","type":"product","link":"https:\/\/www.moskito.cz\/fr\/produkt\/couteau-pliant-cold-steel-code-4-a-pointe-de-lance\/","title":{"rendered":"Couteau pliant Cold Steel Code 4 \u00e0 pointe de lance"},"content":{"rendered":"<p>Couteau pliant <strong>Cold Steel<\/strong> Code 4 Spear Point.<\/p>\n<p>Pendant le d\u00e9veloppement de <strong>Cold Steel<\/strong>  Code 4 \u00e9tait notre objectif de cr\u00e9er un couteau utilitaire ultra fin, ultra l\u00e9ger et hautement fonctionnel qui ressemble \u00e0 un jouet. Il est tr\u00e8s r\u00e9confortant de savoir que vous portez un bon couteau, et beaucoup de nos amis des forces de l&rsquo;ordre racontent qu&rsquo;ils sont toujours \u00e0 la recherche d&rsquo;un couteau fiable et l\u00e9ger qui peut devenir un \u00e9l\u00e9ment permanent de leur vie quotidienne. notre Codex 4 est destin\u00e9 \u00e0 devenir ce couteau ! Il n&rsquo;alourdira pas votre uniforme et n&rsquo;apportera pas de volume inutile. C&rsquo;est un plaisir \u00e0 porter, donc il est toujours l\u00e0 quand vous en avez besoin ! Chaque Code 4 est disponible dans une vari\u00e9t\u00e9 de configurations de lame, avec des clips de poche double face et des goujons pour le pouce, et dispose d&rsquo;une poign\u00e9e robuste, de notre m\u00e9canisme de verrouillage Tri-Ad de renomm\u00e9e mondiale et d&rsquo;une lame S35VN hautement satin\u00e9e.<\/p>\n<p>Mat\u00e9riau de la lame&nbsp;: CPM-S35VN<br \/>\nLongueur de la lame : 89 mm<br \/>\n\u00c9paisseur de la lame : 3,5 mm<br \/>\nLongueur totale : 216 mm<br \/>\nPoids : 122g<br \/>\nMat\u00e9riau du manche : dural 6061, couleur noire<br \/>\nS\u00e9curit\u00e9&nbsp;: verrouillage arri\u00e8re<\/p>\n<p><strong>Cold Steel<\/strong> est une entreprise engag\u00e9e dans la production des couteaux les plus solides et les plus tranchants au monde. Au cours des trois derni\u00e8res d\u00e9cennies, Cold Steel a \u00e9t\u00e9 \u00e0 l&rsquo;avant-garde de nombreuses innovations qui ont contribu\u00e9 \u00e0 d\u00e9finir l&rsquo;industrie du couteau. Les succ\u00e8s successifs, notamment l&rsquo;introduction des manches \u00e0 carreaux Kraton\u00ae et des styles de lames \u00e0 pointe tanto, sont pass\u00e9s de caract\u00e9ristiques curieuses \u00e0 des marques industrielles de qualit\u00e9 et de sophistication. La nouvelle direction a \u00e9galement \u00e9t\u00e9 rompue avec l&rsquo;introduction de nouvelles lames en acier uniques telles que le San Mai III\u00ae et le m\u00e9canisme de verrouillage et de verrouillage Tri-Ad \u2122 pour les couteaux pliants. Par exemple, le verrou Tri-Ad \u2122 n&rsquo;a jamais \u00e9t\u00e9 \u00e9gal\u00e9 par aucun des concurrents de Cold Steel et il n&rsquo;a pas \u00e9t\u00e9 prouv\u00e9 qu&rsquo;il surpassait tout ce qu&rsquo;ils ont produit jusqu&rsquo;\u00e0 pr\u00e9sent. Bien entendu, Cold Steel sera toujours tourn\u00e9 vers l\u2019avenir et s\u2019efforcera constamment de produire les couteaux les plus solides et les plus tranchants au monde. Cet objectif, tout aussi insaisissable et difficile \u00e0 atteindre, est rest\u00e9 le m\u00eame au cours des quarante derni\u00e8res ann\u00e9es. Acier froid inc. est une entreprise ax\u00e9e sur la production des couteaux, \u00e9p\u00e9es, tomahawks, machettes, couverts et outils les plus solides et les plus tranchants pour le transport quotidien : EDC. Rapidement adopt\u00e9 par l&rsquo;arm\u00e9e, les forces sp\u00e9ciales charg\u00e9es de l&rsquo;application de la loi, les intervenants d&rsquo;urgence, les professionnels de l&rsquo;autod\u00e9fense et les membres de la communaut\u00e9 des arts martiaux, Cold Steel s&rsquo;est rapidement fait un nom pour sa qualit\u00e9, sa solidit\u00e9, sa fiabilit\u00e9 et sa fiabilit\u00e9 dans le transport quotidien (EDC). . Notre gamme diversifi\u00e9e et vari\u00e9e s&rsquo;est rapidement \u00e9largie pour inclure non seulement une vaste s\u00e9lection de couteaux pliants (des petites lames \u00ab EDC \u00bb \u00e0 nos embl\u00e9matiques \u00ab m\u00e9ga-dossiers \u00bb) g\u00e9ants, mais \u00e9galement des lames fixes, des \u00e9p\u00e9es, des sabres, des b\u00e2tons et des hallebardes, ainsi que ainsi que du mat\u00e9riel de chasse, des lances, des fusils, des haches, des machettes, des tomahawks et des outils ! Au fil des d\u00e9cennies, Cold Steel a introduit de nouveaux mat\u00e9riaux et conceptions r\u00e9volutionnaires qui ont contribu\u00e9 \u00e0 fa\u00e7onner le monde des couteaux, armes blanches et outils modernes. De l&rsquo;introduction de poign\u00e9es \u00e0 damier Kraton\u00ae et d&rsquo;une lame Tanto \u00ab am\u00e9ricanis\u00e9e \u00bb, \u00e0 l&rsquo;inclusion de nouveaux aciers de lame innovants comme le San Mai III\u00ae et de m\u00e9canismes de verrouillage r\u00e9volutionnaires (comme notre Tri-Ad \u2122 Lock). Alors que nous regardons vers l&rsquo;avenir, Cold Steel continue d&rsquo;apporter sur le march\u00e9 de nouveaux niveaux de r\u00e9sistance, de s\u00e9curit\u00e9 et de performance, en fournissant des produits \u00e9prouv\u00e9s sur lesquels vous pouvez compter, \u00e0 tout moment et en tout lieu !<\/p>\n<p>Lors du d\u00e9veloppement du Cold Steel Code 4, notre objectif \u00e9tait de cr\u00e9er un couteau utilitaire ultra fin, ultra l\u00e9ger et hautement fonctionnel, facile \u00e0 transporter. Il est tr\u00e8s r\u00e9confortant de savoir que vous portez un bon couteau, et beaucoup de nos amis des forces de l&rsquo;ordre expliquent qu&rsquo;ils sont toujours \u00e0 la recherche d&rsquo;une lame fiable et l\u00e9g\u00e8re qui peut devenir un \u00e9l\u00e9ment permanent de leur \u00e9quipement quotidien. .Nous pensons que notre Code 4 est destin\u00e9 \u00e0 devenir ce couteau&nbsp;! Il n&rsquo;alourdira pas votre uniforme et n&rsquo;apportera pas de volume inutile. C&rsquo;est un plaisir \u00e0 transporter donc il est toujours l\u00e0 quand vous en avez besoin ! Disponible dans une vari\u00e9t\u00e9 de configurations de lames, avec des clips de poche ambidextres et des goujons pour le pouce, chaque Code 4 est dot\u00e9 de poign\u00e9es robustes en aluminium gris m\u00e9tallis\u00e9 anodis\u00e9 dur 6061, de notre m\u00e9canisme de verrouillage Tri-Ad de renomm\u00e9e mondiale et d&rsquo;un S35VN hautement satin\u00e9 et tranchant comme un rasoir. lames.<\/p>\n<p>Poids : 4,3 oz \u00c9paisseur de la lame : 3,5 mm Longueur de la lame : 3-1\/2&Prime; Acier de la lame : am\u00e9ricain S35VN Longueur\/mat\u00e9riau du manche : 5&Prime; Aluminium 6061 Longueur totale : 8-1\/2&Prime; Caract\u00e9ristiques suppl\u00e9mentaires : Couteau de poche\/clip de ceinture ambidextre Type : Gamme de longueur de lame de dossier : 3-5 po Famille d&rsquo;acier : CPM Forme de lame : M\u00e9canisme de verrouillage \u00e0 point de clip : Tri-Ad Lock Famille de produits : Code 4<\/p>\n","protected":false},"excerpt":{"rendered":"<p>Code 4 Clip pt. Plain Edge de COLD STEEL est un couteau pliant tr\u00e8s l\u00e9ger et tr\u00e8s solide avec un bord lisse. Le Code 4 est un couteau destin\u00e9 \u00e0 tous ceux qui travaillent dans la s\u00e9curit\u00e9 priv\u00e9e ou dans les forces arm\u00e9es.<\/p>\n","protected":false},"featured_media":335588,"comment_status":"open","ping_status":"closed","template":"","meta":[],"pwb-brand":[3789],"product_brand":[],"product_cat":[3700,3696],"product_tag":[],"class_list":{"0":"post-335587","1":"product","2":"type-product","3":"status-publish","4":"has-post-thumbnail","6":"pwb-brand-acier-froid","7":"product_cat-couteaux-de-fermeture","8":"product_cat-des-couteaux","10":"first","11":"instock","12":"taxable","13":"shipping-taxable","14":"purchasable","15":"product-type-simple"},"brands":[{"id":3789,"name":"Acier froid","slug":"acier-froid"}],"_links":{"self":[{"href":"https:\/\/www.moskito.cz\/fr\/wp-json\/wp\/v2\/product\/335587","targetHints":{"allow":["GET"]}}],"collection":[{"href":"https:\/\/www.moskito.cz\/fr\/wp-json\/wp\/v2\/product"}],"about":[{"href":"https:\/\/www.moskito.cz\/fr\/wp-json\/wp\/v2\/types\/product"}],"replies":[{"embeddable":true,"href":"https:\/\/www.moskito.cz\/fr\/wp-json\/wp\/v2\/comments?post=335587"}],"wp:featuredmedia":[{"embeddable":true,"href":"https:\/\/www.moskito.cz\/fr\/wp-json\/wp\/v2\/media\/335588"}],"wp:attachment":[{"href":"https:\/\/www.moskito.cz\/fr\/wp-json\/wp\/v2\/media?parent=335587"}],"wp:term":[{"taxonomy":"pwb-brand","embeddable":true,"href":"https:\/\/www.moskito.cz\/fr\/wp-json\/wp\/v2\/pwb-brand?post=335587"},{"taxonomy":"product_brand","embeddable":true,"href":"https:\/\/www.moskito.cz\/fr\/wp-json\/wp\/v2\/product_brand?post=335587"},{"taxonomy":"product_cat","embeddable":true,"href":"https:\/\/www.moskito.cz\/fr\/wp-json\/wp\/v2\/product_cat?post=335587"},{"taxonomy":"product_tag","embeddable":true,"href":"https:\/\/www.moskito.cz\/fr\/wp-json\/wp\/v2\/product_tag?post=335587"}],"curies":[{"name":"wp","href":"https:\/\/api.w.org\/{rel}","templated":true}]}}