{"id":335619,"date":"2022-11-02T19:58:41","date_gmt":"2022-11-02T18:58:41","guid":{"rendered":"https:\/\/www.moskito.cz\/produkt\/couteau-pliant-cold-steel-black-talon-ii-s35vn\/"},"modified":"2025-05-07T11:12:42","modified_gmt":"2025-05-07T10:12:42","slug":"couteau-pliant-cold-steel-black-talon-ii-s35vn","status":"publish","type":"product","link":"https:\/\/www.moskito.cz\/fr\/produkt\/couteau-pliant-cold-steel-black-talon-ii-s35vn\/","title":{"rendered":"Couteau pliant Cold Steel BLACK TALON II (S35VN)"},"content":{"rendered":"<p>Couteau pliant <strong>Cold Steel<\/strong> BLACK TALON II (S35VN)<\/p>\n<p>Fruit d&rsquo;une collaboration de conception entre la pr\u00e9sidente de Cold Steel, Lynn C Thompson, et le fabricant de couteaux personnalis\u00e9s Andrew Demke, le Black Talon II est un chef-d&rsquo;\u0153uvre moderne ! Il s&rsquo;agit d&rsquo;une lame en zigzag et aiguis\u00e9e, pr\u00e9sentant toujours la pointe incurv\u00e9e vers le bas et le ventre pro\u00e9minent de l&rsquo;original, mais avec le tout nouveau super acier am\u00e9ricain S35VN haut de gamme et une pointe redessin\u00e9e pour une plus grande r\u00e9sistance et durabilit\u00e9. Les \u00e9cailles G10 textur\u00e9es de qualit\u00e9 sup\u00e9rieure offrent une adh\u00e9rence et une adh\u00e9rence maximales m\u00eame dans des conditions froides ou humides, tout en \u00e9tant douces pour vos v\u00eatements lorsqu&rsquo;elles sont retir\u00e9es de votre poche.<\/p>\n<p>Le contraste entre les \u00e9cailles noires fonc\u00e9es et la magnifique lame polie satin\u00e9e accentue encore le style et le style de ce composant beau et \u00e9l\u00e9gant. Dot\u00e9 de notre m\u00e9canisme de verrouillage Tri-Ad haute performance pour plus de s\u00e9curit\u00e9 et de solidit\u00e9, ce couteau fin, l\u00e9ger et accrocheur sera assur\u00e9ment un incontournable de la collection de tous !<\/p>\n<p>PARAM\u00c8TRES DU PRODUIT<br \/>\nLongueur de la lame : 101 mm<br \/>\nCouleur: noir\/argent<br \/>\nLongueur du manche : 139 mm<br \/>\nTaille hors tout : 241 mm<br \/>\nMat\u00e9riau du manche : G-10 long<br \/>\nAcier : S35VN<br \/>\n\u00c9paisseur de la lame : 3,5 mm<br \/>\nPoids : 136,07 g<\/p>\n","protected":false},"excerpt":{"rendered":"<p>Le Black Talon II Serrated Edge de Cold Steel est un couteau pliant dot\u00e9 d&rsquo;une lame incurv\u00e9e mena\u00e7ante.<\/p>\n","protected":false},"featured_media":335620,"comment_status":"open","ping_status":"closed","template":"","meta":[],"pwb-brand":[3789],"product_brand":[],"product_cat":[3700,3696],"product_tag":[],"class_list":{"0":"post-335619","1":"product","2":"type-product","3":"status-publish","4":"has-post-thumbnail","6":"pwb-brand-acier-froid","7":"product_cat-couteaux-de-fermeture","8":"product_cat-des-couteaux","10":"first","11":"instock","12":"taxable","13":"shipping-taxable","14":"purchasable","15":"product-type-simple"},"brands":[{"id":3789,"name":"Acier froid","slug":"acier-froid"}],"_links":{"self":[{"href":"https:\/\/www.moskito.cz\/fr\/wp-json\/wp\/v2\/product\/335619","targetHints":{"allow":["GET"]}}],"collection":[{"href":"https:\/\/www.moskito.cz\/fr\/wp-json\/wp\/v2\/product"}],"about":[{"href":"https:\/\/www.moskito.cz\/fr\/wp-json\/wp\/v2\/types\/product"}],"replies":[{"embeddable":true,"href":"https:\/\/www.moskito.cz\/fr\/wp-json\/wp\/v2\/comments?post=335619"}],"wp:featuredmedia":[{"embeddable":true,"href":"https:\/\/www.moskito.cz\/fr\/wp-json\/wp\/v2\/media\/335620"}],"wp:attachment":[{"href":"https:\/\/www.moskito.cz\/fr\/wp-json\/wp\/v2\/media?parent=335619"}],"wp:term":[{"taxonomy":"pwb-brand","embeddable":true,"href":"https:\/\/www.moskito.cz\/fr\/wp-json\/wp\/v2\/pwb-brand?post=335619"},{"taxonomy":"product_brand","embeddable":true,"href":"https:\/\/www.moskito.cz\/fr\/wp-json\/wp\/v2\/product_brand?post=335619"},{"taxonomy":"product_cat","embeddable":true,"href":"https:\/\/www.moskito.cz\/fr\/wp-json\/wp\/v2\/product_cat?post=335619"},{"taxonomy":"product_tag","embeddable":true,"href":"https:\/\/www.moskito.cz\/fr\/wp-json\/wp\/v2\/product_tag?post=335619"}],"curies":[{"name":"wp","href":"https:\/\/api.w.org\/{rel}","templated":true}]}}