{"id":335634,"date":"2023-03-26T08:36:04","date_gmt":"2024-04-19T09:50:53","guid":{"rendered":"https:\/\/www.moskito.cz\/produkt\/couteau-pliant-cold-steel-range-boss-de-vert\/"},"modified":"2025-05-07T11:12:43","modified_gmt":"2025-05-07T10:12:43","slug":"couteau-pliant-cold-steel-range-boss-de-vert","status":"publish","type":"product","link":"https:\/\/www.moskito.cz\/fr\/produkt\/couteau-pliant-cold-steel-range-boss-de-vert\/","title":{"rendered":"Couteau pliant Cold Steel RANGE BOSS DE VERT"},"content":{"rendered":"<p>Couteau pliant <strong>Cold Steel<\/strong> RANGE BOSS DE VERT<\/p>\n<p>Que vous conduisiez un taxi \u00e0 Manhattan ou montiez \u00e0 cheval dans le Montana, nous sommes s\u00fbrs que vous appr\u00e9cierez notre Range Boss. Con\u00e7u pour \u00eatre port\u00e9 toute la journ\u00e9e dans une poche ou \u00e0 la taille, il est l\u00e9ger et facile \u00e0 transporter. Il ne prend pas beaucoup de place et peut \u00eatre transport\u00e9 pratiquement inaper\u00e7u jusqu&rsquo;\u00e0 ce que vous l&rsquo;ouvriez. La lame Range Boss est aff\u00fbt\u00e9e \u00e0 plat avec un bord fin si tranchant qu&rsquo;il vous \u00e9tonnera. Il est lav\u00e9 \u00e0 la pierre pour r\u00e9sister \u00e0 la rouille et sa polyvalence en fait un tr\u00e8s bon couteau \u00e0 d\u00e9pecer, sans parler de la pr\u00e9paration des aliments. La poign\u00e9e en nylon renforc\u00e9 de verre est textur\u00e9e avec un motif \u00e0 points pour une bonne prise en main et est dot\u00e9e du c\u00e9l\u00e8bre verrou Tri-Ad\u00ae pour une r\u00e9sistance sup\u00e9rieure.<\/p>\n<p>Description:<\/p>\n<p>Taille hors tout : 235 mm<br \/>\nLongueur de la lame : 101 mm<br \/>\n\u00c9paisseur de la lame : 3,5 mm<br \/>\nLongueur du manche : 134 mm<br \/>\nMat\u00e9riau en acier&nbsp;:<br \/>\nAcier 4034SS<br \/>\nMat\u00e9riau du manche : Zy-Ex long, vert<br \/>\nS\u00e9curit\u00e9&nbsp;:&nbsp;verrouillage Tri-Ad<br \/>\nPoids : 96g<\/p>\n","protected":false},"excerpt":{"rendered":"<p><strong>Le Range Boss est un couteau pliant dot\u00e9 d&rsquo;une lame lisse et d&rsquo;une coupe plate. C&rsquo;est un EDC classique, c&rsquo;est \u00e0 dire un couteau pour un usage quotidien. Outil de travail relativement grand mais agr\u00e9ablement l\u00e9ger.<\/strong><\/p>\n","protected":false},"featured_media":335635,"comment_status":"open","ping_status":"closed","template":"","meta":[],"pwb-brand":[3789],"product_brand":[],"product_cat":[3700,3696],"product_tag":[],"class_list":{"0":"post-335634","1":"product","2":"type-product","3":"status-publish","4":"has-post-thumbnail","6":"pwb-brand-acier-froid","7":"product_cat-couteaux-de-fermeture","8":"product_cat-des-couteaux","10":"first","11":"instock","12":"taxable","13":"shipping-taxable","14":"purchasable","15":"product-type-simple"},"brands":[{"id":3789,"name":"Acier froid","slug":"acier-froid"}],"_links":{"self":[{"href":"https:\/\/www.moskito.cz\/fr\/wp-json\/wp\/v2\/product\/335634","targetHints":{"allow":["GET"]}}],"collection":[{"href":"https:\/\/www.moskito.cz\/fr\/wp-json\/wp\/v2\/product"}],"about":[{"href":"https:\/\/www.moskito.cz\/fr\/wp-json\/wp\/v2\/types\/product"}],"replies":[{"embeddable":true,"href":"https:\/\/www.moskito.cz\/fr\/wp-json\/wp\/v2\/comments?post=335634"}],"wp:featuredmedia":[{"embeddable":true,"href":"https:\/\/www.moskito.cz\/fr\/wp-json\/wp\/v2\/media\/335635"}],"wp:attachment":[{"href":"https:\/\/www.moskito.cz\/fr\/wp-json\/wp\/v2\/media?parent=335634"}],"wp:term":[{"taxonomy":"pwb-brand","embeddable":true,"href":"https:\/\/www.moskito.cz\/fr\/wp-json\/wp\/v2\/pwb-brand?post=335634"},{"taxonomy":"product_brand","embeddable":true,"href":"https:\/\/www.moskito.cz\/fr\/wp-json\/wp\/v2\/product_brand?post=335634"},{"taxonomy":"product_cat","embeddable":true,"href":"https:\/\/www.moskito.cz\/fr\/wp-json\/wp\/v2\/product_cat?post=335634"},{"taxonomy":"product_tag","embeddable":true,"href":"https:\/\/www.moskito.cz\/fr\/wp-json\/wp\/v2\/product_tag?post=335634"}],"curies":[{"name":"wp","href":"https:\/\/api.w.org\/{rel}","templated":true}]}}