{"id":335672,"date":"2023-06-28T19:22:09","date_gmt":"2024-04-19T09:59:43","guid":{"rendered":"https:\/\/www.moskito.cz\/produkt\/couteau-pliant-leger-spyderco-stretch-2xl-c258psbk\/"},"modified":"2025-05-07T11:12:46","modified_gmt":"2025-05-07T10:12:46","slug":"couteau-pliant-leger-spyderco-stretch-2xl-c258psbk","status":"publish","type":"product","link":"https:\/\/www.moskito.cz\/fr\/produkt\/couteau-pliant-leger-spyderco-stretch-2xl-c258psbk\/","title":{"rendered":"Couteau pliant l\u00e9ger Spyderco Stretch 2XL C258PSBK"},"content":{"rendered":"<p>Couteau pliant l\u00e9ger Spyderco Stretch 2XL C258PSBK<\/p>\n<p>Le Stretch 2 XL Lightweight de Spyderco est le prochain chapitre d&rsquo;une histoire qui a commenc\u00e9 il y a des d\u00e9cennies. Sa longue et riche histoire a commenc\u00e9 en se concentrant sur les besoins des chasseurs et des amateurs de plein air&nbsp;; mais sa conception a continu\u00e9 d&rsquo;\u00e9voluer bien au-del\u00e0 de cette gamme pour devenir l&rsquo;un des couteaux pliants polyvalents les plus performants de notre gamme.<\/p>\n<p>Les racines de cette histoire ont commenc\u00e9 en 1983 lorsque Sal Glesser, cofondateur de Spyderco, a cr\u00e9\u00e9 le C03 Hunter. Il s\u2019agissait du premier couteau CLIPIT dot\u00e9 d\u2019une lame \u00e0 pointe encastr\u00e9e \u2013 un style pr\u00e9f\u00e9r\u00e9 par de nombreux amateurs de plein air pour traiter le gibier. Comme tous les premiers mod\u00e8les Spyderco, le Hunter \u00e9tait dot\u00e9 d&rsquo;une lame en acier inoxydable GIN-1, d&rsquo;une poign\u00e9e rivet\u00e9e en acier inoxydable, d&rsquo;un m\u00e9canisme de verrouillage robuste et d&rsquo;un clip \u00e0 position unique configur\u00e9 pour un transport point\u00e9 vers le bas. Des versions pour droitiers et gauchers ont \u00e9t\u00e9 produites, et toutes deux \u00e9taient disponibles avec des palettes PlainEdge et SpyderEdge.<\/p>\n<p>En 1991, la conception Hunter a \u00e9t\u00e9 mise \u00e0 jour pour ajouter un peu plus de \u00ab ventre \u00bb \u00e0 la lame et incorporer des inserts Kraton dans le manche et le clip pour offrir une prise plus s\u00fbre dans des conditions de terrain difficiles. Ces changements ont initialement cr\u00e9\u00e9 le C13 Pro-Hunter, mais comme ce nom \u00e9tait d\u00e9j\u00e0 utilis\u00e9 par une autre soci\u00e9t\u00e9, il a ensuite \u00e9t\u00e9 chang\u00e9 en ProVenator (venator signifie \u00ab chasseur \u00bb en latin). Pour r\u00e9duire le poids du couteau et le rendre plus abordable, le design ProVenator a \u00e9t\u00e9 cr\u00e9\u00e9 en 1994 avec un manche l\u00e9ger en nylon renforc\u00e9 de fibre de verre (FRN) avec un insert Kraton et un clip int\u00e9gr\u00e9 configur\u00e9 pour un transport pliable. Initialement, ce mod\u00e8le s&rsquo;appelait ProVenator Lightweight, mais comme le terme \u00ab venator \u00bb n&rsquo;\u00e9tait pas bien connu sur le march\u00e9 grand public, il a ensuite \u00e9t\u00e9 rebaptis\u00e9 C33 ProGrip.<\/p>\n<p>En 1999, les C13 et C33 ont \u00e9t\u00e9 combin\u00e9s sous le nom de C13 ProGrip, qui est rest\u00e9 disponible avec un choix de poign\u00e9es en acier inoxydable ou FRN. Au d\u00e9but des ann\u00e9es 2000, les deux versions \u00e9taient fabriqu\u00e9es \u00e0 partir de plusieurs aciers de lame diff\u00e9rents et propos\u00e9es dans les configurations PlainEdge et CombinationEdge.<\/p>\n<p>En 2004, le ProGrip a \u00e9t\u00e9 progressivement abandonn\u00e9 et le premier mod\u00e8le Stretch a \u00e9t\u00e9 introduit. Comme son nom l&rsquo;indique, il s&rsquo;agissait d&rsquo;une version \u00ab \u00e9tendue \u00bb du design ProGrip. 17 % plus grand dans l&rsquo;ensemble et avec une lame 24 % plus longue que le ProGrip, le Stretch a \u00e9t\u00e9 construit \u00e0 l&rsquo;origine avec un manche en acier inoxydable, des inserts miroir Kraton des deux c\u00f4t\u00e9s, un clip de poche \u00e0 quatre positions et de l&rsquo;acier inoxydable VG-10. lame. En 2006, cette version a \u00e9t\u00e9 abandonn\u00e9e et remplac\u00e9e un an plus tard par Stretch avec des balances en carbone et une lame ZDP-189 \u00e0 ultra haute teneur en carbone. Contrairement aux mod\u00e8les Hunter, Pro-Hunter, ProVenator et ProGrip, qui avaient tous des lames creuses, le design Stretch raffin\u00e9 a \u00e9galement marqu\u00e9 la transition vers une mouture enti\u00e8rement plate.<\/p>\n<p>Suivant les traces de ses pr\u00e9d\u00e9cesseurs, le motif Stretch a \u00e9t\u00e9 rendu en 2009 dans une version l\u00e9g\u00e8re plus abordable avec une poign\u00e9e FRN moul\u00e9e par injection, une texture bidirectionnelle tr\u00e8s adh\u00e9rente, des inserts squelett\u00e9s en acier inoxydable et un clip de poche \u00e0 quatre positions. Le Stretch Lightweight \u00e9tait initialement propos\u00e9 avec une lame en acier inoxydable VG-10, mais a rapidement inspir\u00e9 d&rsquo;autres variantes, dont une avec une lame ZDP-189 \u00e0 ultra haute teneur en carbone et un manche British Racing Green FRN.<\/p>\n<p>En 2015, Sal Glesser est retourn\u00e9 \u00e0 la planche \u00e0 dessin et a repens\u00e9 le Stretch pour allonger l\u00e9g\u00e8rement sa prise, am\u00e9liorer l&rsquo;ergonomie et approfondir la capacit\u00e9 de l&rsquo;index. Ensemble, ces changements subtils augmentent le contr\u00f4le de l&rsquo;utilisateur sur le couteau et le rendent encore plus adapt\u00e9 \u00e0 un usage g\u00e9n\u00e9ral. Surnomm\u00e9 Stretch 2, le design \u00e9tait initialement propos\u00e9 avec des inserts en acier inoxydable enti\u00e8rement squelett\u00e9s et des \u00e9cailles \u00e0 rev\u00eatement pelable G-10, et s&rsquo;inspirait \u00e9galement de versions l\u00e9g\u00e8res avec des lames en acier inoxydable standard et en acier \u00e0 outils haute performance. Sur certaines versions du Stretch 2, la lame \u00e0 pointe tombante caract\u00e9ristique a \u00e9galement \u00e9t\u00e9 remplac\u00e9e par un profil \u00ab \u00e0 pointe droite \u00bb qui fait \u00e9cho au style de conception classique de Spyderco et prend en charge des fonctionnalit\u00e9s polyvalentes plus avanc\u00e9es en fournissant une pointe plus pointue.<\/p>\n<p>Tout au long de ce processus \u00e9volutif, en plus des nombreuses versions de la gamme principale de produits d\u00e9crites ci-dessus, nous avons \u00e9galement produit une large gamme de variantes, d&rsquo;exclusivit\u00e9s et d&rsquo;expressions Sprint Run de ces mod\u00e8les avec diff\u00e9rentes lames en acier, mat\u00e9riaux de poign\u00e9e et autres caract\u00e9ristiques uniques. .<\/p>\n<p>Stretch 2 XL l\u00e9ger<\/p>\n<p>Que se passe-t-il lorsque vous \u00e9tirez quelque chose qui a d\u00e9j\u00e0 \u00e9t\u00e9 \u00e9tir\u00e9 ? Dans le cas du Stretch 2, vous obtenez une expression \u00ab&nbsp;extra-large&nbsp;\u00bb du m\u00eame design \u00e9prouv\u00e9 &#8211; et bien plus encore.<\/p>\n<p>Le Stretch 2 XL Lightweight \u00e9tend la longueur totale du Stretch 2 de huit pour cent, tout en emballant 13 pour cent de longueur de lame en plus dans sa lame en acier inoxydable VG-10 enti\u00e8rement aff\u00fbt\u00e9e. Le dos droit de la lame se r\u00e9tr\u00e9cit en une pointe tranchante et utilitaire, lui donnant le profil signature \u00ab point de clip modifi\u00e9 \u00bb de certains des mod\u00e8les les plus embl\u00e9matiques de Spyderco. L&rsquo;ouverture ronde enti\u00e8rement accessible permet une ouverture rapide et fiable d&rsquo;une seule main. Pour permettre un meilleur contr\u00f4le lors d&rsquo;une coupe de pr\u00e9cision, la conception comporte un choil (rainure pour les doigts) 50\/50 qui permet \u00e0 l&rsquo;utilisateur de \u00ab&nbsp;s&rsquo;\u00e9touffer&nbsp;\u00bb et de saisir le couteau plus pr\u00e8s de la lame. Le choil et sa rampe de pouce oppos\u00e9e ont des jimping (rainures textur\u00e9es) strat\u00e9giquement plac\u00e9s pour garantir un achat s\u00e9curis\u00e9.<\/p>\n<p>Malgr\u00e9 sa plus grande taille, le Stretch 2 XL est en r\u00e9alit\u00e9 29 % plus l\u00e9ger que le Stretch 2 Lightweight, ce qui fait pencher la balance \u00e0 seulement 2,7 onces (77 grammes). Il atteint cette qualit\u00e9 \u00e9tonnante en abandonnant les inserts en acier inoxydable de son pr\u00e9d\u00e9cesseur et en utilisant une conception sans rev\u00eatement. Ses balances \u00e0 poign\u00e9e FRN moul\u00e9es par injection pr\u00e9sentent un r\u00e9seau de nervures renforc\u00e9es sur leurs surfaces int\u00e9rieures pour leur conf\u00e9rer une r\u00e9sistance structurelle accrue. Les surfaces ext\u00e9rieures pr\u00e9sentent un motif textur\u00e9 bidirectionnel pour une prise s\u00fbre et antid\u00e9rapante, m\u00eame dans les conditions les plus exigeantes. Un m\u00e9canisme de verrouillage robuste verrouille solidement la lame lors de son utilisation, et un clip de poche \u00e0 quatre positions enti\u00e8rement configurable offre un choix de gauche ou de droite, de retournement ou de pointe. Ces caract\u00e9ristiques ainsi que la conception compl\u00e8tement sym\u00e9trique du couteau<\/p>\n<p>Il offre des performances de coupe tr\u00e8s \u00e9lev\u00e9es dans un bo\u00eetier ultra l\u00e9ger. Ce couteau pliant remarquable, point culminant d\u2019un processus \u00e9volutif qui a dur\u00e9 pr\u00e8s de quatre d\u00e9cennies, est dans une classe \u00e0 part.<\/p>\n<p>Caract\u00e9ristiques<br \/>\nLongueur de la lame : 10 cm<br \/>\nLongueur ferm\u00e9 : 12,6 cm<br \/>\nLongueur totale : 22,5 cm<br \/>\n\u00c9paisseur de la lame : 0,3 cm<br \/>\nMat\u00e9riau de la lame : acier inoxydable VG10<br \/>\nStyle de lame&nbsp;: forme de feuille<br \/>\nMeulage de la lame&nbsp;: Enti\u00e8rement plat<br \/>\nTraitement de surface de la lame : satin\u00e9<br \/>\nTranchant de la lame&nbsp;:&nbsp;Combo<br \/>\nMat\u00e9riau du manche : FRN<br \/>\nCouleur de la poign\u00e9e: noir<br \/>\nM\u00e9canisme de verrouillage&nbsp;: Lockback<br \/>\nClip de poche&nbsp;: acier inoxydable (inclinaison vers le haut\/vers le bas, transport \u00e0 droite\/\u00e0 gauche)<br \/>\nNum\u00e9ro de mod\u00e8le: C258PBK<br \/>\nNom du mod\u00e8le : extensible 2XL l\u00e9ger.<br \/>\nPoids : 2,7 onces. (77g)<br \/>\nFabriqu\u00e9 au Japon<\/p>\n","protected":false},"excerpt":{"rendered":"<p><strong>Le Stretch 2 XL Lightweight de Spyderco est le prochain chapitre d&rsquo;une histoire qui a commenc\u00e9 il y a des d\u00e9cennies. Sa longue et riche histoire a commenc\u00e9 en se concentrant sur les besoins des chasseurs et des amateurs de plein air&nbsp;; mais sa conception a continu\u00e9 d&rsquo;\u00e9voluer bien au-del\u00e0 de cette gamme pour devenir l&rsquo;un des couteaux pliants polyvalents les plus performants de notre gamme.<\/strong><\/p>\n","protected":false},"featured_media":335673,"comment_status":"open","ping_status":"closed","template":"","meta":[],"pwb-brand":[3778],"product_brand":[],"product_cat":[3700,3696],"product_tag":[3754],"class_list":{"0":"post-335672","1":"product","2":"type-product","3":"status-publish","4":"has-post-thumbnail","6":"pwb-brand-spyderco-fr","7":"product_cat-couteaux-de-fermeture","8":"product_cat-des-couteaux","9":"product_tag-b2b-fr","11":"first","12":"instock","13":"taxable","14":"shipping-taxable","15":"purchasable","16":"product-type-simple"},"brands":[{"id":3778,"name":"Spyderco","slug":"spyderco-fr"}],"_links":{"self":[{"href":"https:\/\/www.moskito.cz\/fr\/wp-json\/wp\/v2\/product\/335672","targetHints":{"allow":["GET"]}}],"collection":[{"href":"https:\/\/www.moskito.cz\/fr\/wp-json\/wp\/v2\/product"}],"about":[{"href":"https:\/\/www.moskito.cz\/fr\/wp-json\/wp\/v2\/types\/product"}],"replies":[{"embeddable":true,"href":"https:\/\/www.moskito.cz\/fr\/wp-json\/wp\/v2\/comments?post=335672"}],"wp:featuredmedia":[{"embeddable":true,"href":"https:\/\/www.moskito.cz\/fr\/wp-json\/wp\/v2\/media\/335673"}],"wp:attachment":[{"href":"https:\/\/www.moskito.cz\/fr\/wp-json\/wp\/v2\/media?parent=335672"}],"wp:term":[{"taxonomy":"pwb-brand","embeddable":true,"href":"https:\/\/www.moskito.cz\/fr\/wp-json\/wp\/v2\/pwb-brand?post=335672"},{"taxonomy":"product_brand","embeddable":true,"href":"https:\/\/www.moskito.cz\/fr\/wp-json\/wp\/v2\/product_brand?post=335672"},{"taxonomy":"product_cat","embeddable":true,"href":"https:\/\/www.moskito.cz\/fr\/wp-json\/wp\/v2\/product_cat?post=335672"},{"taxonomy":"product_tag","embeddable":true,"href":"https:\/\/www.moskito.cz\/fr\/wp-json\/wp\/v2\/product_tag?post=335672"}],"curies":[{"name":"wp","href":"https:\/\/api.w.org\/{rel}","templated":true}]}}