{"id":335702,"date":"2022-11-07T14:35:30","date_gmt":"2022-11-07T13:35:30","guid":{"rendered":"https:\/\/www.moskito.cz\/produkt\/couteau-solide-cold-steel-mini-tac-bowie\/"},"modified":"2025-05-07T11:12:47","modified_gmt":"2025-05-07T10:12:47","slug":"couteau-solide-cold-steel-mini-tac-bowie","status":"publish","type":"product","link":"https:\/\/www.moskito.cz\/fr\/produkt\/couteau-solide-cold-steel-mini-tac-bowie\/","title":{"rendered":"Couteau Solide Cold Steel MINI TAC BOWIE"},"content":{"rendered":"<p>Couteau massif <strong>Cold Steel<\/strong> MINI TAC BOWIE.<\/p>\n<p>Un ajout bienvenu \u00e0 notre populaire gamme Mini Tac, le Mini Tac Bowie con\u00e7u par Andrew-Demko offre la polyvalence famili\u00e8re d&rsquo;un clip pointu et robuste, ce qui le rend id\u00e9al pour une utilisation sur le terrain ou un transport quotidien. Il est livr\u00e9 avec un bo\u00eetier Secure-Ex\u2122 et un cordon en acier, il est donc s\u00fbr de vous offrir des ann\u00e9es de service.<\/p>\n<p>PARAM\u00c8TRES DU PRODUIT<br \/>\n\u00c9paisseur de la lame : 2,5 mm<br \/>\nCouleur noire<br \/>\nLongueur du manche : 83 mm<br \/>\nPoids : 74g<br \/>\nTaille hors tout : 175 mm<br \/>\nLongueur de la lame : 92 mm<br \/>\nMat\u00e9riau du manche&nbsp;: Griv-Ex\u2122 long de style G-10<br \/>\nMat\u00e9riau de la gaine&nbsp;: Gaine Secure-Ex\u00ae<br \/>\nAcier&nbsp;: 8Cr13MoV<\/p>\n","protected":false},"excerpt":{"rendered":"<p>Le Mini Tac Bowie de COLD STEEL est un couteau de chasse solide dot\u00e9 d&rsquo;une lame lisse pour chasser le gibier ou couper des b\u00e2tons. Il est excellent \u00e0 porter dissimul\u00e9 ou \u00e0 accrocher autour du cou.<\/p>\n","protected":false},"featured_media":335703,"comment_status":"open","ping_status":"closed","template":"","meta":[],"pwb-brand":[3789],"product_brand":[],"product_cat":[3697,3696],"product_tag":[],"class_list":{"0":"post-335702","1":"product","2":"type-product","3":"status-publish","4":"has-post-thumbnail","6":"pwb-brand-acier-froid","7":"product_cat-couteaux-solides","8":"product_cat-des-couteaux","10":"first","11":"instock","12":"taxable","13":"shipping-taxable","14":"purchasable","15":"product-type-simple"},"brands":[{"id":3789,"name":"Acier froid","slug":"acier-froid"}],"_links":{"self":[{"href":"https:\/\/www.moskito.cz\/fr\/wp-json\/wp\/v2\/product\/335702","targetHints":{"allow":["GET"]}}],"collection":[{"href":"https:\/\/www.moskito.cz\/fr\/wp-json\/wp\/v2\/product"}],"about":[{"href":"https:\/\/www.moskito.cz\/fr\/wp-json\/wp\/v2\/types\/product"}],"replies":[{"embeddable":true,"href":"https:\/\/www.moskito.cz\/fr\/wp-json\/wp\/v2\/comments?post=335702"}],"wp:featuredmedia":[{"embeddable":true,"href":"https:\/\/www.moskito.cz\/fr\/wp-json\/wp\/v2\/media\/335703"}],"wp:attachment":[{"href":"https:\/\/www.moskito.cz\/fr\/wp-json\/wp\/v2\/media?parent=335702"}],"wp:term":[{"taxonomy":"pwb-brand","embeddable":true,"href":"https:\/\/www.moskito.cz\/fr\/wp-json\/wp\/v2\/pwb-brand?post=335702"},{"taxonomy":"product_brand","embeddable":true,"href":"https:\/\/www.moskito.cz\/fr\/wp-json\/wp\/v2\/product_brand?post=335702"},{"taxonomy":"product_cat","embeddable":true,"href":"https:\/\/www.moskito.cz\/fr\/wp-json\/wp\/v2\/product_cat?post=335702"},{"taxonomy":"product_tag","embeddable":true,"href":"https:\/\/www.moskito.cz\/fr\/wp-json\/wp\/v2\/product_tag?post=335702"}],"curies":[{"name":"wp","href":"https:\/\/api.w.org\/{rel}","templated":true}]}}