{"id":335743,"date":"2022-04-19T21:36:28","date_gmt":"2024-04-19T11:54:16","guid":{"rendered":"https:\/\/www.moskito.cz\/produkt\/couteau-pliant-cold-steel-voyager-xl-pointe-tanto-bord-plain-aus10a\/"},"modified":"2025-05-07T11:12:50","modified_gmt":"2025-05-07T10:12:50","slug":"couteau-pliant-cold-steel-voyager-xl-pointe-tanto-bord-plain-aus10a","status":"publish","type":"product","link":"https:\/\/www.moskito.cz\/fr\/produkt\/couteau-pliant-cold-steel-voyager-xl-pointe-tanto-bord-plain-aus10a\/","title":{"rendered":"Couteau pliant Cold Steel VOYAGER XL POINTE TANTO &#8211; BORD PLAIN (AUS10A)"},"content":{"rendered":"<p>Couteau pliant <strong>Cold Steel<\/strong> VOYAGER XL POINTE TANTO &#8211; BORD PLAIN (AUS10A)<\/p>\n<p>La s\u00e9rie Cold Steel Voyager est con\u00e7ue pour \u00eatre un v\u00e9ritable couteau pour tout le monde. L\u00e9gers, confortables et super tranchants, ils sont robustes, fiables et parfaits pour la chasse et le camping ainsi que pour un usage g\u00e9n\u00e9ral et pour hacher au quotidien. Les Voyager excellent dans de nombreuses applications de survie et de sauvetage et se sont r\u00e9v\u00e9l\u00e9s populaires aupr\u00e8s des forces de l&rsquo;ordre et du personnel militaire qui appr\u00e9cient la combinaison de performances de coupe et de s\u00e9curit\u00e9 qu&rsquo;ils offrent. Chaque couteau de notre vaste gamme Voyager est con\u00e7u avec pr\u00e9cision selon nos normes les plus \u00e9lev\u00e9es. La gamme Voyager comprend des lames en alliage japonais AUS10A et notre m\u00e9canisme de verrouillage Tri-Ad &#8211; probablement le verrou le plus s\u00fbr, le plus s\u00e9curis\u00e9 et le plus r\u00e9sistant aux chocs sur le march\u00e9 aujourd&rsquo;hui ! Les poign\u00e9es ergonomiques Griv-Ex Voyagers (renforc\u00e9es par des inserts en aluminium 6061 trait\u00e9s thermiquement) offrent un excellent confort et une prise en main s\u00fbre m\u00eame lors d&rsquo;une utilisation prolong\u00e9e dans des conditions exigeantes. Disponible en deux tailles et avec de nombreuses configurations de lames et de lames, il y a un Voyager pour tout le monde.<\/p>\n<p>PARAM\u00c8TRES DU PRODUIT<br \/>\nMat\u00e9riau du manche : Griv-Ex long<br \/>\nCouleur : Noir\/Argent<br \/>\nPoids : 218,29 g<br \/>\nType de fusible : Tri-Ad Lock<br \/>\n\u00c9paisseur de la lame : 4 mm<br \/>\nAcier&nbsp;:&nbsp;acier inoxydable japonais AUS 10A<br \/>\nMat\u00e9riau du bo\u00eetier&nbsp;: Poche ambidextre \/ Clip ceinture<br \/>\nTaille hors tout : 304 mm<br \/>\nLongueur du manche : 169 mm<br \/>\nLongueur de la lame : 135 mm<\/p>\n<p>La s\u00e9rie Cold Steel Voyager est con\u00e7ue pour \u00eatre le v\u00e9ritable couteau de tout le monde. L\u00e9gers, confortables et ultra tranchants, ils sont robustes, fiables et parfaits pour la chasse et le camping ainsi que pour les t\u00e2ches utilitaires g\u00e9n\u00e9rales et de coupe quotidiennes. Les Voyager excellent dans de nombreuses applications de survie et de sauvetage, et ils se sont r\u00e9v\u00e9l\u00e9s tr\u00e8s populaires aupr\u00e8s des policiers et des militaires, qui appr\u00e9cient la combinaison des performances de coupe et de la s\u00e9curit\u00e9 qu&rsquo;ils offrent. Chaque couteau de notre vaste s\u00e9rie Voyager est con\u00e7u avec pr\u00e9cision et r\u00e9pond \u00e0 nos normes les plus exigeantes. La s\u00e9rie Voyager comprend des lames en alliage japonais AUS10A et notre m\u00e9canisme de verrouillage Tri-Ad &#8211; qui est probablement le verrou le plus s\u00fbr, le plus s\u00fbr et le plus r\u00e9sistant aux chocs sur le march\u00e9 aujourd&rsquo;hui&nbsp;! Les poign\u00e9es ergonomiques Voyagers Griv-Ex (renforc\u00e9es avec des doublures en aluminium 6061 trait\u00e9es thermiquement) offrent \u00e0 la fois un grand confort et une prise s\u00fbre m\u00eame en cas d&rsquo;utilisation prolong\u00e9e dans des conditions difficiles. Disponible en deux tailles et avec de nombreuses configurations de lames et de bords, il y a un Voyager pour tout le monde.<\/p>\n<p>Poids : 7,7 oz \u00c9paisseur de la lame : 4 mm Longueur de la lame : 5-1\/2 pouces Acier de la lame : japonais AUS10A Longueur\/mat\u00e9riau du manche : 6-3\/4 pouces Griv-Ex avec doublures en aluminium 6061 Longueur totale : 12-1\/4 pouces Caract\u00e9ristiques suppl\u00e9mentaires : Couteau de poche \/ clip de ceinture ambidextre Type : Dossier Gamme de longueur de lame : 5+ en acier Famille : AUS Forme de la lame : Tanto M\u00e9canisme de verrouillage : Tri-Ad Lock Famille de produits : Voyager<\/p>\n","protected":false},"excerpt":{"rendered":"<p>Voyager Tanto Plain Edge de Cold Steel est un couteau pliant au bord lisse. Ce couteau tactique de taille moyenne trouvera son utilit\u00e9 chez le personnel militaire ou de s\u00e9curit\u00e9.<\/p>\n","protected":false},"featured_media":335744,"comment_status":"open","ping_status":"closed","template":"","meta":[],"pwb-brand":[3789],"product_brand":[],"product_cat":[3700,3696],"product_tag":[],"class_list":{"0":"post-335743","1":"product","2":"type-product","3":"status-publish","4":"has-post-thumbnail","6":"pwb-brand-acier-froid","7":"product_cat-couteaux-de-fermeture","8":"product_cat-des-couteaux","10":"first","11":"instock","12":"taxable","13":"shipping-taxable","14":"purchasable","15":"product-type-simple"},"brands":[{"id":3789,"name":"Acier froid","slug":"acier-froid"}],"_links":{"self":[{"href":"https:\/\/www.moskito.cz\/fr\/wp-json\/wp\/v2\/product\/335743","targetHints":{"allow":["GET"]}}],"collection":[{"href":"https:\/\/www.moskito.cz\/fr\/wp-json\/wp\/v2\/product"}],"about":[{"href":"https:\/\/www.moskito.cz\/fr\/wp-json\/wp\/v2\/types\/product"}],"replies":[{"embeddable":true,"href":"https:\/\/www.moskito.cz\/fr\/wp-json\/wp\/v2\/comments?post=335743"}],"wp:featuredmedia":[{"embeddable":true,"href":"https:\/\/www.moskito.cz\/fr\/wp-json\/wp\/v2\/media\/335744"}],"wp:attachment":[{"href":"https:\/\/www.moskito.cz\/fr\/wp-json\/wp\/v2\/media?parent=335743"}],"wp:term":[{"taxonomy":"pwb-brand","embeddable":true,"href":"https:\/\/www.moskito.cz\/fr\/wp-json\/wp\/v2\/pwb-brand?post=335743"},{"taxonomy":"product_brand","embeddable":true,"href":"https:\/\/www.moskito.cz\/fr\/wp-json\/wp\/v2\/product_brand?post=335743"},{"taxonomy":"product_cat","embeddable":true,"href":"https:\/\/www.moskito.cz\/fr\/wp-json\/wp\/v2\/product_cat?post=335743"},{"taxonomy":"product_tag","embeddable":true,"href":"https:\/\/www.moskito.cz\/fr\/wp-json\/wp\/v2\/product_tag?post=335743"}],"curies":[{"name":"wp","href":"https:\/\/api.w.org\/{rel}","templated":true}]}}