{"id":335766,"date":"2022-11-07T21:01:36","date_gmt":"2024-04-19T12:02:36","guid":{"rendered":"https:\/\/www.moskito.cz\/produkt\/couteau-pliant-cold-steel-gamme-boss-flat-dark-earth\/"},"modified":"2025-05-07T11:12:52","modified_gmt":"2025-05-07T10:12:52","slug":"couteau-pliant-cold-steel-gamme-boss-flat-dark-earth","status":"publish","type":"product","link":"https:\/\/www.moskito.cz\/fr\/produkt\/couteau-pliant-cold-steel-gamme-boss-flat-dark-earth\/","title":{"rendered":"Couteau Pliant Cold Steel GAMME BOSS FLAT DARK EARTH"},"content":{"rendered":"<p>Couteau Pliant <strong>Cold Steel<\/strong> GAMME BOSS FLAT DARK EARTH.<\/p>\n<p>Que vous conduisiez un taxi \u00e0 Manhattan ou montiez \u00e0 cheval dans le Montana, nous sommes s\u00fbrs que vous appr\u00e9cierez notre Range Boss. Con\u00e7u pour \u00eatre port\u00e9 toute la journ\u00e9e dans une poche ou \u00e0 la taille, il est l\u00e9ger et facile \u00e0 transporter. Il ne prend pas beaucoup de place et peut \u00eatre transport\u00e9 pratiquement inaper\u00e7u jusqu&rsquo;\u00e0 ce que vous l&rsquo;ouvriez. La lame Range Boss est aff\u00fbt\u00e9e \u00e0 plat avec un bord fin si tranchant qu&rsquo;il vous \u00e9tonnera. Il est lav\u00e9 \u00e0 la pierre pour r\u00e9sister \u00e0 la rouille et sa polyvalence en fait un tr\u00e8s bon couteau \u00e0 d\u00e9pecer, sans parler de la pr\u00e9paration des aliments. La poign\u00e9e en nylon renforc\u00e9 de verre est textur\u00e9e avec un motif \u00e0 pois pour une bonne prise en main et comporte le c\u00e9l\u00e8bre verrou Tri-Ad\u00ae pour une r\u00e9sistance sup\u00e9rieure.<\/p>\n<p>\u00ab\u00a0J&rsquo;aimerai toujours un couteau ultra fin et ultral\u00e9ger avec une longue lame et une pointe utile. C&rsquo;est pourquoi le Range Boss sera l&rsquo;un de mes couteaux de tous les jours. Comme le 3&Prime; Hold Out, il est suffisamment l\u00e9ger pour \u00eatre transport\u00e9 24h\/24 et 7j\/7. dans la poche de ma chemise et contrairement au Hold Out, il est dot\u00e9 d&rsquo;un clip plus polyvalent que j&rsquo;ai personnellement trouv\u00e9 tr\u00e8s appropri\u00e9 pour l&rsquo;habillage sur le terrain et l&rsquo;\u00e9corchage, m\u00eame pour les gros sangliers pesant jusqu&rsquo;\u00e0 250 livres. Utilisez les naturels pour la ferme ou le magasin et aidez le nouveau voyou dans la jungle urbaine. Son prix est tr\u00e8s raisonnable et je pense qu&rsquo;il offre un excellent rapport qualit\u00e9-prix, surtout si l&rsquo;on consid\u00e8re qu&rsquo;il est livr\u00e9 avec le c\u00e9l\u00e8bre verrou Tri-AD de Cold Steel !!!\u00a0\u00bb &#8211; Lynn Thompson<\/p>\n<p>PARAM\u00c8TRES DU PRODUIT<br \/>\nPoids : 96g<br \/>\nType de serrure&nbsp;: Serrure Tri-Ad<br \/>\nLongueur de la lame : 101 mm<br \/>\nMat\u00e9riau du bo\u00eetier : clip en acier<br \/>\nLongueur du manche : 134 mm<br \/>\nTaille hors tout : 235 mm<br \/>\nAcier&nbsp;:&nbsp;acier 4034SS<br \/>\n\u00c9paisseur de la lame : 3,5 mm<br \/>\nMat\u00e9riau du manche : Long Zy-Ex\u2122<br \/>\nCouleur marron<\/p>\n","protected":false},"excerpt":{"rendered":"<p>Le Range Boss est un couteau pliant dot\u00e9 d&rsquo;une lame lisse et d&rsquo;une coupe plate.<\/p>\n","protected":false},"featured_media":335767,"comment_status":"open","ping_status":"closed","template":"","meta":[],"pwb-brand":[3789],"product_brand":[],"product_cat":[3700,3696],"product_tag":[],"class_list":{"0":"post-335766","1":"product","2":"type-product","3":"status-publish","4":"has-post-thumbnail","6":"pwb-brand-acier-froid","7":"product_cat-couteaux-de-fermeture","8":"product_cat-des-couteaux","10":"first","11":"outofstock","12":"taxable","13":"shipping-taxable","14":"purchasable","15":"product-type-simple"},"brands":[{"id":3789,"name":"Acier froid","slug":"acier-froid"}],"_links":{"self":[{"href":"https:\/\/www.moskito.cz\/fr\/wp-json\/wp\/v2\/product\/335766","targetHints":{"allow":["GET"]}}],"collection":[{"href":"https:\/\/www.moskito.cz\/fr\/wp-json\/wp\/v2\/product"}],"about":[{"href":"https:\/\/www.moskito.cz\/fr\/wp-json\/wp\/v2\/types\/product"}],"replies":[{"embeddable":true,"href":"https:\/\/www.moskito.cz\/fr\/wp-json\/wp\/v2\/comments?post=335766"}],"wp:featuredmedia":[{"embeddable":true,"href":"https:\/\/www.moskito.cz\/fr\/wp-json\/wp\/v2\/media\/335767"}],"wp:attachment":[{"href":"https:\/\/www.moskito.cz\/fr\/wp-json\/wp\/v2\/media?parent=335766"}],"wp:term":[{"taxonomy":"pwb-brand","embeddable":true,"href":"https:\/\/www.moskito.cz\/fr\/wp-json\/wp\/v2\/pwb-brand?post=335766"},{"taxonomy":"product_brand","embeddable":true,"href":"https:\/\/www.moskito.cz\/fr\/wp-json\/wp\/v2\/product_brand?post=335766"},{"taxonomy":"product_cat","embeddable":true,"href":"https:\/\/www.moskito.cz\/fr\/wp-json\/wp\/v2\/product_cat?post=335766"},{"taxonomy":"product_tag","embeddable":true,"href":"https:\/\/www.moskito.cz\/fr\/wp-json\/wp\/v2\/product_tag?post=335766"}],"curies":[{"name":"wp","href":"https:\/\/api.w.org\/{rel}","templated":true}]}}