{"id":335778,"date":"2022-10-31T21:11:32","date_gmt":"2024-04-19T12:03:43","guid":{"rendered":"https:\/\/www.moskito.cz\/produkt\/couteau-pliant-cold-steel-voyager-xl-pointe-tanto-bord-dente-aus10a\/"},"modified":"2025-05-07T11:12:54","modified_gmt":"2025-05-07T10:12:54","slug":"couteau-pliant-cold-steel-voyager-xl-pointe-tanto-bord-dente-aus10a","status":"publish","type":"product","link":"https:\/\/www.moskito.cz\/fr\/produkt\/couteau-pliant-cold-steel-voyager-xl-pointe-tanto-bord-dente-aus10a\/","title":{"rendered":"Couteau pliant Cold Steel VOYAGER XL POINTE TANTO &#8211; BORD DENT\u00c9 (AUS10A)"},"content":{"rendered":"<p>Couteau pliant Cold Steel VOYAGER XL POINTE TANTO &#8211; BORD DENT\u00c9 (AUS10A)<\/p>\n<p>La s\u00e9rie Cold Steel Voyager est con\u00e7ue pour \u00eatre un v\u00e9ritable couteau pour tout le monde. L\u00e9gers, confortables et super tranchants, ils sont robustes, fiables et parfaits pour la chasse et le camping ainsi que pour un usage g\u00e9n\u00e9ral et pour hacher au quotidien. Les Voyager excellent dans de nombreuses applications de survie et de sauvetage et se sont r\u00e9v\u00e9l\u00e9s populaires aupr\u00e8s des forces de l&rsquo;ordre et du personnel militaire qui appr\u00e9cient la combinaison de performances de coupe et de s\u00e9curit\u00e9 qu&rsquo;ils offrent. Chaque couteau de notre vaste s\u00e9rie Voyager est con\u00e7u avec pr\u00e9cision selon nos normes les plus \u00e9lev\u00e9es. La gamme Voyager comprend des lames en alliage japonais AUS10A et notre m\u00e9canisme de verrouillage Tri-Ad &#8211; probablement le verrou le plus s\u00fbr, le plus s\u00e9curis\u00e9 et le plus r\u00e9sistant aux chocs sur le march\u00e9 aujourd&rsquo;hui ! Les poign\u00e9es ergonomiques Voyager&rsquo; Griv-Ex (renforc\u00e9es par des inserts en aluminium 6061 trait\u00e9s thermiquement) offrent un excellent confort et une prise en main s\u00fbre m\u00eame lors d&rsquo;une utilisation prolong\u00e9e dans des conditions exigeantes. Le Voyager est disponible en deux tailles et avec de nombreuses configurations de lames et de bords, il y en a donc pour tous les go\u00fbts.<\/p>\n<p>PARAM\u00c8TRES DU PRODUIT<\/p>\n<p>Acier&nbsp;:&nbsp;acier inoxydable japonais AUS 10A<br \/>\nType de serrure&nbsp;: Serrure Tri-Ad<br \/>\nPoids : 219,29 g<br \/>\nMat\u00e9riau du manche : Griv-Ex long<br \/>\nCouleur: noir\/argent<br \/>\nMat\u00e9riau de l&rsquo;\u00e9tui&nbsp;: poche ambidextre \/ clip de ceinture<br \/>\n\u00c9paisseur de la lame : 4 mm<br \/>\nLongueur du manche : 169 mm<br \/>\nTaille hors tout : 304 mm<br \/>\nLongueur de la lame : 135 mm<\/p>\n<p>&nbsp;<\/p>\n","protected":false},"excerpt":{"rendered":"<p>La s\u00e9rie Cold Steel Voyager est con\u00e7ue pour \u00eatre un v\u00e9ritable couteau pour tout le monde.<\/p>\n","protected":false},"featured_media":335779,"comment_status":"open","ping_status":"closed","template":"","meta":[],"pwb-brand":[3789],"product_brand":[],"product_cat":[3700,3696],"product_tag":[],"class_list":{"0":"post-335778","1":"product","2":"type-product","3":"status-publish","4":"has-post-thumbnail","6":"pwb-brand-acier-froid","7":"product_cat-couteaux-de-fermeture","8":"product_cat-des-couteaux","10":"first","11":"instock","12":"taxable","13":"shipping-taxable","14":"purchasable","15":"product-type-simple"},"brands":[{"id":3789,"name":"Acier froid","slug":"acier-froid"}],"_links":{"self":[{"href":"https:\/\/www.moskito.cz\/fr\/wp-json\/wp\/v2\/product\/335778","targetHints":{"allow":["GET"]}}],"collection":[{"href":"https:\/\/www.moskito.cz\/fr\/wp-json\/wp\/v2\/product"}],"about":[{"href":"https:\/\/www.moskito.cz\/fr\/wp-json\/wp\/v2\/types\/product"}],"replies":[{"embeddable":true,"href":"https:\/\/www.moskito.cz\/fr\/wp-json\/wp\/v2\/comments?post=335778"}],"wp:featuredmedia":[{"embeddable":true,"href":"https:\/\/www.moskito.cz\/fr\/wp-json\/wp\/v2\/media\/335779"}],"wp:attachment":[{"href":"https:\/\/www.moskito.cz\/fr\/wp-json\/wp\/v2\/media?parent=335778"}],"wp:term":[{"taxonomy":"pwb-brand","embeddable":true,"href":"https:\/\/www.moskito.cz\/fr\/wp-json\/wp\/v2\/pwb-brand?post=335778"},{"taxonomy":"product_brand","embeddable":true,"href":"https:\/\/www.moskito.cz\/fr\/wp-json\/wp\/v2\/product_brand?post=335778"},{"taxonomy":"product_cat","embeddable":true,"href":"https:\/\/www.moskito.cz\/fr\/wp-json\/wp\/v2\/product_cat?post=335778"},{"taxonomy":"product_tag","embeddable":true,"href":"https:\/\/www.moskito.cz\/fr\/wp-json\/wp\/v2\/product_tag?post=335778"}],"curies":[{"name":"wp","href":"https:\/\/api.w.org\/{rel}","templated":true}]}}