{"id":335790,"date":"2021-07-22T13:21:49","date_gmt":"2021-07-22T12:21:49","guid":{"rendered":"https:\/\/www.moskito.cz\/produkt\/couteau-de-fermeture-cold-steel-4-ti-lite-aluminium\/"},"modified":"2025-05-07T11:12:55","modified_gmt":"2025-05-07T10:12:55","slug":"couteau-de-fermeture-cold-steel-4-ti-lite-aluminium","status":"publish","type":"product","link":"https:\/\/www.moskito.cz\/fr\/produkt\/couteau-de-fermeture-cold-steel-4-ti-lite-aluminium\/","title":{"rendered":"Couteau de fermeture Cold Steel 4&Prime; TI-LITE ALUMINIUM"},"content":{"rendered":"<p>Couteau de fermeture <strong>Cold Steel<\/strong> 4&Prime; TI-LITE ALUMINIUM.<\/p>\n<p>Les couteaux pliants Cold-Steels Ti-Lite \u00e9voquent la vitesse \u00e9l\u00e9gante et les lignes rebelles du couteau pliant classique des ann\u00e9es 1950. vol. Ils sont dot\u00e9s de lames en alliage CPM-S35VN aff\u00fbt\u00e9es et solides et de poign\u00e9es en aluminium 7075 frais\u00e9es CNC qui sont finies avec un rev\u00eatement protecteur EDP (Electric Discharge Plating). Les Ti-Lites sont dot\u00e9s de nos verrous \u00e0 ressort \u00e0 lames brevet\u00e9s en acier inoxydable (il a \u00e9t\u00e9 prouv\u00e9 qu&rsquo;ils peuvent supporter jusqu&rsquo;\u00e0 145 livres lors de nos tests). Pour une portabilit\u00e9 facile, les Ti-Lites sont dot\u00e9s d&rsquo;un petit clip de poche en acier discret et peuvent \u00eatre rapidement ouverts \u00e0 l&rsquo;aide des boutons pour le pouce ou en saisissant le quillon sur le bord de la poche lorsque vous tirez le couteau.<\/p>\n<p>Mat\u00e9riau de la lame: poudre pcel CPM S35VN<br \/>\nLongueur de la lame : 101 mm<br \/>\n\u00c9paisseur de la lame : 3 mm<br \/>\nLongueur totale : 222 mm<br \/>\nPoids : 130g<br \/>\nS\u00e9curit\u00e9&nbsp;: Liner&nbsp;Lock<br \/>\nOuverture du couteau&nbsp;: repose-pouce<br \/>\nMat\u00e9riau du manche : duralumin 7075<\/p>\n<p><strong>Cold Steel<\/strong> est une entreprise engag\u00e9e dans la production des couteaux les plus solides et les plus tranchants au monde. Au cours des trois derni\u00e8res d\u00e9cennies, Cold Steel a \u00e9t\u00e9 \u00e0 l&rsquo;avant-garde de nombreuses innovations qui ont contribu\u00e9 \u00e0 d\u00e9finir l&rsquo;industrie du couteau. Les succ\u00e8s successifs, notamment l&rsquo;introduction des manches \u00e0 carreaux Kraton\u00ae et des styles de lames \u00e0 pointe tanto, sont pass\u00e9s de caract\u00e9ristiques curieuses \u00e0 des marques industrielles de qualit\u00e9 et de sophistication. La nouvelle direction a \u00e9galement \u00e9t\u00e9 rompue avec l&rsquo;introduction de nouvelles lames en acier uniques telles que le San Mai III\u00ae et le m\u00e9canisme de verrouillage et de verrouillage Tri-Ad \u2122 pour les couteaux pliants. Par exemple, le verrou Tri-Ad \u2122 n&rsquo;a jamais \u00e9t\u00e9 \u00e9gal\u00e9 par aucun des concurrents de Cold Steel et il n&rsquo;a pas \u00e9t\u00e9 prouv\u00e9 qu&rsquo;il surpassait tout ce qu&rsquo;ils ont produit jusqu&rsquo;\u00e0 pr\u00e9sent. Bien entendu, Cold Steel sera toujours tourn\u00e9 vers l\u2019avenir et s\u2019efforcera constamment de produire les couteaux les plus solides et les plus tranchants au monde. Cet objectif, tout aussi insaisissable et difficile \u00e0 atteindre, est rest\u00e9 le m\u00eame au cours des quarante derni\u00e8res ann\u00e9es. Acier froid inc. est une entreprise ax\u00e9e sur la production des couteaux, \u00e9p\u00e9es, tomahawks, machettes, couverts et outils les plus solides et les plus tranchants pour le transport quotidien : EDC. Rapidement adopt\u00e9 par l&rsquo;arm\u00e9e, les forces sp\u00e9ciales charg\u00e9es de l&rsquo;application de la loi, les intervenants d&rsquo;urgence, les professionnels de l&rsquo;autod\u00e9fense et les membres de la communaut\u00e9 des arts martiaux, Cold Steel s&rsquo;est rapidement fait un nom pour sa qualit\u00e9, sa solidit\u00e9, sa fiabilit\u00e9 et sa fiabilit\u00e9 dans le transport quotidien (EDC). . Notre gamme diversifi\u00e9e et vari\u00e9e s&rsquo;est rapidement \u00e9largie pour inclure non seulement une vaste s\u00e9lection de couteaux pliants (des petites lames \u00ab EDC \u00bb \u00e0 nos embl\u00e9matiques \u00ab m\u00e9ga-dossiers \u00bb) g\u00e9ants, mais \u00e9galement des lames fixes, des \u00e9p\u00e9es, des sabres, des b\u00e2tons et des hallebardes, ainsi que ainsi que du mat\u00e9riel de chasse, des lances, des fusils, des haches, des machettes, des tomahawks et des outils ! Au fil des d\u00e9cennies, Cold Steel a introduit de nouveaux mat\u00e9riaux et conceptions r\u00e9volutionnaires qui ont contribu\u00e9 \u00e0 fa\u00e7onner le monde des couteaux, armes blanches et outils modernes. De l&rsquo;introduction de poign\u00e9es \u00e0 damier Kraton\u00ae et d&rsquo;une lame Tanto \u00ab am\u00e9ricanis\u00e9e \u00bb, \u00e0 l&rsquo;inclusion de nouveaux aciers de lame innovants comme le San Mai III\u00ae et de m\u00e9canismes de verrouillage r\u00e9volutionnaires (comme notre Tri-Ad \u2122 Lock). Alors que nous regardons vers l&rsquo;avenir, Cold Steel continue d&rsquo;apporter sur le march\u00e9 de nouveaux niveaux de r\u00e9sistance, de s\u00e9curit\u00e9 et de performance, en fournissant des produits \u00e9prouv\u00e9s sur lesquels vous pouvez compter, \u00e0 tout moment et en tout lieu !<\/p>\n","protected":false},"excerpt":{"rendered":"<p>Couteau pliant <strong>Cold Steel<\/strong> avec s\u00e9curit\u00e9 et clip de transport.<\/p>\n<p><strong>Transports gratuits.<\/strong><\/p>\n","protected":false},"featured_media":335791,"comment_status":"open","ping_status":"closed","template":"","meta":[],"pwb-brand":[3789],"product_brand":[],"product_cat":[3700,3696],"product_tag":[],"class_list":{"0":"post-335790","1":"product","2":"type-product","3":"status-publish","4":"has-post-thumbnail","6":"pwb-brand-acier-froid","7":"product_cat-couteaux-de-fermeture","8":"product_cat-des-couteaux","10":"first","11":"instock","12":"taxable","13":"shipping-taxable","14":"purchasable","15":"product-type-simple"},"brands":[{"id":3789,"name":"Acier froid","slug":"acier-froid"}],"_links":{"self":[{"href":"https:\/\/www.moskito.cz\/fr\/wp-json\/wp\/v2\/product\/335790","targetHints":{"allow":["GET"]}}],"collection":[{"href":"https:\/\/www.moskito.cz\/fr\/wp-json\/wp\/v2\/product"}],"about":[{"href":"https:\/\/www.moskito.cz\/fr\/wp-json\/wp\/v2\/types\/product"}],"replies":[{"embeddable":true,"href":"https:\/\/www.moskito.cz\/fr\/wp-json\/wp\/v2\/comments?post=335790"}],"wp:featuredmedia":[{"embeddable":true,"href":"https:\/\/www.moskito.cz\/fr\/wp-json\/wp\/v2\/media\/335791"}],"wp:attachment":[{"href":"https:\/\/www.moskito.cz\/fr\/wp-json\/wp\/v2\/media?parent=335790"}],"wp:term":[{"taxonomy":"pwb-brand","embeddable":true,"href":"https:\/\/www.moskito.cz\/fr\/wp-json\/wp\/v2\/pwb-brand?post=335790"},{"taxonomy":"product_brand","embeddable":true,"href":"https:\/\/www.moskito.cz\/fr\/wp-json\/wp\/v2\/product_brand?post=335790"},{"taxonomy":"product_cat","embeddable":true,"href":"https:\/\/www.moskito.cz\/fr\/wp-json\/wp\/v2\/product_cat?post=335790"},{"taxonomy":"product_tag","embeddable":true,"href":"https:\/\/www.moskito.cz\/fr\/wp-json\/wp\/v2\/product_tag?post=335790"}],"curies":[{"name":"wp","href":"https:\/\/api.w.org\/{rel}","templated":true}]}}