{"id":335812,"date":"2022-04-17T20:25:08","date_gmt":"2024-04-19T12:13:01","guid":{"rendered":"https:\/\/www.moskito.cz\/produkt\/couteau-solide-acier-froid-tai-pan-cpm-3v\/"},"modified":"2025-05-07T11:12:56","modified_gmt":"2025-05-07T10:12:56","slug":"couteau-solide-acier-froid-tai-pan-cpm-3v","status":"publish","type":"product","link":"https:\/\/www.moskito.cz\/fr\/produkt\/couteau-solide-acier-froid-tai-pan-cpm-3v\/","title":{"rendered":"Couteau Solide Acier Froid TAI PAN (CPM 3V)"},"content":{"rendered":"<p>Couteau Solide <strong>Acier Froid<\/strong> TAI PAN (CPM 3V)<\/p>\n<p>Comme son homonyme de serpent, le Tai Pan\u00ae est agressivement rapide et mortel. Con\u00e7u par Lynn C. Thompson dans le style distinctif \u00ab Tanto \u00bb, le Tai Pan\u00ae incarne toutes les meilleures qualit\u00e9s du poignard classique tout en minimisant ses d\u00e9fauts. La plupart des poignards sont connus pour avoir des pointes fines et cassantes qui se cassent facilement. En revanche, le Tai Pan\u00ae poss\u00e8de un fer de lance robuste, suffisamment large et solide pour r\u00e9sister \u00e0 la casse sans compromettre sa capacit\u00e9 \u00e0 offrir une p\u00e9n\u00e9tration profonde et facile.<\/p>\n<p>PARAM\u00c8TRES DU PRODUIT<br \/>\nTaille hors tout : 330,2 mm<br \/>\nLongueur de la lame : 190,5 mm<br \/>\nMat\u00e9riau du manche&nbsp;: Kray-Ex\u2122 long<br \/>\n\u00c9paisseur de la lame : 5 mm<br \/>\nPoids : 306,1 g<br \/>\nLongueur du manche : 140 mm<br \/>\nCouleur : Noir\/Argent<br \/>\nAcier&nbsp;:&nbsp;US CPM 3-V \u00e0 haute teneur en carbone<br \/>\nMat\u00e9riau de la gaine&nbsp;: Gaine Secure-Ex\u00ae<\/p>\n<p>Comme son homonyme serpent, le Tai Pan\u00ae est agressivement rapide et mortel. Con\u00e7u par Lynn C. Thompson dans le style distinctif \u00ab Tanto \u00bb, le Tai Pan\u00ae incarne toutes les meilleures caract\u00e9ristiques d&rsquo;un poignard classique tout en minimisant ses d\u00e9fauts. La plupart des poignards sont connus pour avoir des pointes fines et fragiles qui se brisent facilement. En revanche, le Tai Pan\u00ae est dot\u00e9 d&rsquo;une pointe de lance robuste, suffisamment large et \u00e9paisse pour r\u00e9sister \u00e0 la rupture sans compromettre sa capacit\u00e9 \u00e0 offrir une p\u00e9n\u00e9tration profonde et sans effort.<\/p>\n<p>Poids : 10,8 oz \u00c9paisseur de la lame : 5 mm Longueur de la lame : 7-1\/2&Prime; Acier de la lame : CPM 3V Longueur\/mat\u00e9riau du manche : 5-1\/2&Prime; Kray-Ex\u2122 Longueur totale : 9-1\/2&Prime; Caract\u00e9ristiques suppl\u00e9mentaires : S\u00e9curis\u00e9 -Type de couteau \u00e0 gaine Ex\u00ae : Longueur de lame fixe Gamme : 5+ dans la famille d&rsquo;acier : CPM Forme de lame : Pointe de lance<\/p>\n","protected":false},"excerpt":{"rendered":"<p><strong>COLD STEEL<\/strong> 3V Tai Pan est un poignard solide avec une lame aiguis\u00e9e double face. Il est livr\u00e9 avec un \u00e9tui Secure-Ex\u00ae.<\/p>\n","protected":false},"featured_media":335813,"comment_status":"open","ping_status":"closed","template":"","meta":[],"pwb-brand":[3789],"product_brand":[],"product_cat":[3697,3696],"product_tag":[3754],"class_list":{"0":"post-335812","1":"product","2":"type-product","3":"status-publish","4":"has-post-thumbnail","6":"pwb-brand-acier-froid","7":"product_cat-couteaux-solides","8":"product_cat-des-couteaux","9":"product_tag-b2b-fr","11":"first","12":"instock","13":"taxable","14":"shipping-taxable","15":"purchasable","16":"product-type-simple"},"brands":[{"id":3789,"name":"Acier froid","slug":"acier-froid"}],"_links":{"self":[{"href":"https:\/\/www.moskito.cz\/fr\/wp-json\/wp\/v2\/product\/335812","targetHints":{"allow":["GET"]}}],"collection":[{"href":"https:\/\/www.moskito.cz\/fr\/wp-json\/wp\/v2\/product"}],"about":[{"href":"https:\/\/www.moskito.cz\/fr\/wp-json\/wp\/v2\/types\/product"}],"replies":[{"embeddable":true,"href":"https:\/\/www.moskito.cz\/fr\/wp-json\/wp\/v2\/comments?post=335812"}],"wp:featuredmedia":[{"embeddable":true,"href":"https:\/\/www.moskito.cz\/fr\/wp-json\/wp\/v2\/media\/335813"}],"wp:attachment":[{"href":"https:\/\/www.moskito.cz\/fr\/wp-json\/wp\/v2\/media?parent=335812"}],"wp:term":[{"taxonomy":"pwb-brand","embeddable":true,"href":"https:\/\/www.moskito.cz\/fr\/wp-json\/wp\/v2\/pwb-brand?post=335812"},{"taxonomy":"product_brand","embeddable":true,"href":"https:\/\/www.moskito.cz\/fr\/wp-json\/wp\/v2\/product_brand?post=335812"},{"taxonomy":"product_cat","embeddable":true,"href":"https:\/\/www.moskito.cz\/fr\/wp-json\/wp\/v2\/product_cat?post=335812"},{"taxonomy":"product_tag","embeddable":true,"href":"https:\/\/www.moskito.cz\/fr\/wp-json\/wp\/v2\/product_tag?post=335812"}],"curies":[{"name":"wp","href":"https:\/\/api.w.org\/{rel}","templated":true}]}}