{"id":335822,"date":"2022-04-19T22:20:27","date_gmt":"2022-04-19T21:20:27","guid":{"rendered":"https:\/\/www.moskito.cz\/produkt\/couteau-solide-cold-steel-chaos-bowie\/"},"modified":"2025-05-07T11:12:57","modified_gmt":"2025-05-07T10:12:57","slug":"couteau-solide-cold-steel-chaos-bowie","status":"publish","type":"product","link":"https:\/\/www.moskito.cz\/fr\/produkt\/couteau-solide-cold-steel-chaos-bowie\/","title":{"rendered":"Couteau Solide Cold Steel CHAOS BOWIE"},"content":{"rendered":"<p>Couteau massif <strong>Cold Steel<\/strong> CHAOS BOWIE.<\/p>\n<p>En nous inspirant des \u00ab couteaux de tranch\u00e9e \u00bb classiques des deux guerres mondiales du si\u00e8cle dernier, nous avons d\u00e9velopp\u00e9 une gamme de lames fixes tactiques adapt\u00e9es aux d\u00e9fis auxquels sont confront\u00e9s les guerriers modernes d&rsquo;aujourd&rsquo;hui. Nos lames solides Chaos sont dot\u00e9es d&rsquo;anneaux de protection en \u00ab&nbsp;D \u00bb uniques en aluminium 6061 renforc\u00e9 qui permettent une prise incroyablement s\u00fbre et confortable tout en prot\u00e9geant la main des attaques et des dommages entrants lors de la frappe ou de la coupe d&rsquo;un adversaire couvert d&rsquo;un gilet pare-balles et de munitions. , lampes de poche, magazines et \u00e9quipement&nbsp;! Leurs t\u00eates en acier au carbone 1055 extra r\u00e9sistantes sont effil\u00e9es pour concentrer la force de percussion du coup de marteau, et leurs lames en acier \u00e0 haute teneur en carbone SK-5 sont savamment trait\u00e9es thermiquement pour des performances maximales. Leurs \u00e9tuis robustes Secure-Ex sont compatibles Molle-Lok et Tek-Lok avec des passants de ceinture Cor-Ex r\u00e9glables et des sangles de fixation durables pour un verrouillage s\u00fbr et s\u00e9curis\u00e9 lorsqu&rsquo;ils ne sont pas utilis\u00e9s. Chaosseries combine une s\u00fbret\u00e9 et une s\u00e9curit\u00e9 maximales avec des performances et un potentiel de combat extr\u00eames.<\/p>\n<p>PARAM\u00c8TRES DU PRODUIT<br \/>\nLongueur du manche : 152 mm<br \/>\nAcier&nbsp;: SK-5 \u00e0 haute teneur en carbone<br \/>\nCouleur noire<br \/>\nMat\u00e9riau de la gaine&nbsp;: Gaine Secure-Ex\u00ae<br \/>\nTaille hors tout : 419 mm<br \/>\nPoids : 655g<br \/>\nLongueur de la lame : 267 mm<br \/>\nMat\u00e9riau du manche : aluminium 6061<br \/>\n\u00c9paisseur de la lame : 5 mm<\/p>\n<p>En nous inspirant des classiques \u00ab&nbsp;couteaux de tranch\u00e9e&nbsp;\u00bb des deux guerres mondiales du si\u00e8cle dernier, nous avons d\u00e9velopp\u00e9 une s\u00e9rie de lames fixes tactiques adapt\u00e9es aux d\u00e9fis auxquels sont confront\u00e9s les guerriers modernes d&rsquo;aujourd&rsquo;hui. Nos lames fixes Chaos sont \u00e9quip\u00e9es d&rsquo;anneaux de protection uniques en \u00ab&nbsp;D&nbsp;\u00bb en aluminium 6061 renforc\u00e9, permettant une prise incroyablement s\u00fbre et confortable tout en prot\u00e9geant la main des attaques entrantes et des dommages lors de la frappe ou de la coupe d&rsquo;un adversaire couvert d&rsquo;un gilet pare-balles, de munitions. , lampes de poche, magazines et \u00e9quipement&nbsp;! Leurs pommeaux en acier au carbone 1055 tr\u00e8s \u00e9pais sont effil\u00e9s pour concentrer la force de percussion d&rsquo;une frappe de martelage, et leurs lames en acier \u00e0 haute teneur en carbone SK-5 sont savamment trait\u00e9es thermiquement pour des performances maximales. Leurs gaines robustes Secure-Ex sont compatibles Molle-Lok et Tek-Lok avec des boucles de ceinture Cor-Ex r\u00e9glables et des sangles de retenue robustes pour un verrouillage s\u00fbr et fiable lorsqu&rsquo;elles ne sont pas utilis\u00e9es. La s\u00e9rie Chaos combine une s\u00fbret\u00e9 et une s\u00e9curit\u00e9 maximales avec des performances et un potentiel de combat extr\u00eames.<\/p>\n<p>Poids : 23,1 oz \u00c9paisseur de la lame : 5 mm Longueur de la lame : 10-1\/2&Prime; Acier de la lame : SK-5 \u00e0 haute teneur en carbone Longueur\/mat\u00e9riau du manche : 6&Prime; Aluminium 6061 Longueur totale : 16-1\/2&Prime; Caract\u00e9ristiques suppl\u00e9mentaires : Secure-Ex\u00ae Type de couteau fourreau : Fixe Gamme de longueur de lame : 5+ dans la famille d&rsquo;aciers : Aciers \u00e0 haute teneur en carbone Forme de la lame : Clip Point Famille de produits : Chaos<\/p>\n","protected":false},"excerpt":{"rendered":"<p>Le Chaos Bowie est un couteau solide au bord lisse. Le couteau est domin\u00e9 par un prot\u00e8ge-main \u00ab&nbsp;D&nbsp;\u00bb en aluminium 6061 \u00e0 haute r\u00e9sistance.<\/p>\n","protected":false},"featured_media":335823,"comment_status":"open","ping_status":"closed","template":"","meta":[],"pwb-brand":[3789],"product_brand":[],"product_cat":[3697,3696],"product_tag":[3754],"class_list":{"0":"post-335822","1":"product","2":"type-product","3":"status-publish","4":"has-post-thumbnail","6":"pwb-brand-acier-froid","7":"product_cat-couteaux-solides","8":"product_cat-des-couteaux","9":"product_tag-b2b-fr","11":"first","12":"instock","13":"taxable","14":"shipping-taxable","15":"purchasable","16":"product-type-simple"},"brands":[{"id":3789,"name":"Acier froid","slug":"acier-froid"}],"_links":{"self":[{"href":"https:\/\/www.moskito.cz\/fr\/wp-json\/wp\/v2\/product\/335822","targetHints":{"allow":["GET"]}}],"collection":[{"href":"https:\/\/www.moskito.cz\/fr\/wp-json\/wp\/v2\/product"}],"about":[{"href":"https:\/\/www.moskito.cz\/fr\/wp-json\/wp\/v2\/types\/product"}],"replies":[{"embeddable":true,"href":"https:\/\/www.moskito.cz\/fr\/wp-json\/wp\/v2\/comments?post=335822"}],"wp:featuredmedia":[{"embeddable":true,"href":"https:\/\/www.moskito.cz\/fr\/wp-json\/wp\/v2\/media\/335823"}],"wp:attachment":[{"href":"https:\/\/www.moskito.cz\/fr\/wp-json\/wp\/v2\/media?parent=335822"}],"wp:term":[{"taxonomy":"pwb-brand","embeddable":true,"href":"https:\/\/www.moskito.cz\/fr\/wp-json\/wp\/v2\/pwb-brand?post=335822"},{"taxonomy":"product_brand","embeddable":true,"href":"https:\/\/www.moskito.cz\/fr\/wp-json\/wp\/v2\/product_brand?post=335822"},{"taxonomy":"product_cat","embeddable":true,"href":"https:\/\/www.moskito.cz\/fr\/wp-json\/wp\/v2\/product_cat?post=335822"},{"taxonomy":"product_tag","embeddable":true,"href":"https:\/\/www.moskito.cz\/fr\/wp-json\/wp\/v2\/product_tag?post=335822"}],"curies":[{"name":"wp","href":"https:\/\/api.w.org\/{rel}","templated":true}]}}