{"id":335831,"date":"2022-04-19T22:10:21","date_gmt":"2022-04-19T21:10:21","guid":{"rendered":"https:\/\/www.moskito.cz\/produkt\/couteau-a-guepe-forge-a-froid-en-acier-massif\/"},"modified":"2025-05-07T11:12:58","modified_gmt":"2025-05-07T10:12:58","slug":"couteau-a-guepe-forge-a-froid-en-acier-massif","status":"publish","type":"product","link":"https:\/\/www.moskito.cz\/fr\/produkt\/couteau-a-guepe-forge-a-froid-en-acier-massif\/","title":{"rendered":"Couteau \u00e0 gu\u00eape forg\u00e9 \u00e0 froid en acier massif"},"content":{"rendered":"<p>Couteau \u00e0 gu\u00eape forg\u00e9 <strong>en acier froid<\/strong> massif.<\/p>\n<p>C&rsquo;est un v\u00e9ritable d\u00e9fi de fabriquer un couteau \u00e0 double tranchant suffisamment solide et durable pour r\u00e9pondre \u00e0 nos normes, mais notre nouveau Drop Forged Wasp a d\u00e9pass\u00e9 toutes nos attentes. Vous voyez que rien ne casse, ne se desserre ou ne s\u2019use ! Sa construction monolithique fait de la lame, de la protection et de la pointe une seule pi\u00e8ce indissociable&nbsp;! Seuls les poids de poign\u00e9e sont \u00ab accessoires \u00bb et peuvent \u00eatre remplac\u00e9s rapidement et facilement dans le cas tr\u00e8s improbable o\u00f9 ils se briseraient ou s&rsquo;useraient. Parfaitement \u00e9quilibr\u00e9 avec une pointe ferme mais pointue et une taille de gu\u00eape pour couper en va-et-vient. Le Wasp est un couteau terriblement efficace qui est pratiquement \u00e0 l\u2019\u00e9preuve des bombes ! Livr\u00e9 avec un incroyable \u00e9tui Secure-Ex. Il est suffisamment l\u00e9ger pour \u00eatre port\u00e9 toute la journ\u00e9e et, avec un entretien raisonnable, il durera toute une vie.<\/p>\n<p>PARAM\u00c8TRES DU PRODUIT<br \/>\nMat\u00e9riau du manche : Long<br \/>\nLongueur de la lame : 171 mm<br \/>\nLongueur du manche : 140 mm<br \/>\nTaille hors tout : 311 mm<br \/>\nPoids : 238 g<br \/>\nAcier&nbsp;:&nbsp;52100 \u00e0 haute teneur en carbone<br \/>\n\u00c9paisseur de la lame : 7 mm<br \/>\nCouleur grise<\/p>\n<p>C&rsquo;est un v\u00e9ritable d\u00e9fi de fabriquer un couteau \u00e0 double tranchant suffisamment solide et r\u00e9sistant pour r\u00e9pondre \u00e0 nos normes, mais notre nouveau Drop Forged Wasp a d\u00e9pass\u00e9 toutes nos attentes. Vous voyez, il n\u2019y a rien qui puisse se casser, se d\u00e9tacher ou s\u2019user ! Sa construction monolithique fait de la lame, de la garde et de la soie une pi\u00e8ce indissociable&nbsp;! Seules les balances \u00e0 poign\u00e9e sont un \u00ab ajout \u00bb et elles sont remplac\u00e9es rapidement et facilement dans le cas tr\u00e8s improbable o\u00f9 elles se briseraient ou s&rsquo;useraient. Parfaitement \u00e9quilibr\u00e9 avec une pointe robuste mais pointue et une taille de gu\u00eape pour couper d&rsquo;avant en arri\u00e8re. Le Wasp est un couteau terriblement efficace qui est pratiquement \u00e0 l&rsquo;\u00e9preuve des bombes ! Livr\u00e9 avec une superbe gaine Secure-Ex. Il est suffisamment l\u00e9ger pour \u00eatre transport\u00e9 toute la journ\u00e9e et durera toute une vie s&rsquo;il re\u00e7oit un entretien raisonnable.<\/p>\n<p>Poids : 8,4 oz \u00c9paisseur de la lame : 7 mm Longueur de la lame : 6-3\/4&Prime; Acier de la lame : Forg\u00e9 52100 \u00e0 haute teneur en carbone Longueur\/mat\u00e9riau du manche : 5-1\/2&Prime; Longueur totale : 12-1\/4&Prime; Caract\u00e9ristiques suppl\u00e9mentaires : S\u00e9curis\u00e9- Type de couteau \u00e0 gaine Ex\u00ae : Longueur de lame fixe Gamme : 5+ dans la famille d&rsquo;aciers : Aciers \u00e0 haute teneur en carbone Forme de la lame : Pointe de lance Famille de produits : Forg\u00e9<\/p>\n","protected":false},"excerpt":{"rendered":"<p>Une longue dague offensive avec une lame \u00e0 double tranchant. Les dagues \u00e0 longue lame sont devenues plus c\u00e9l\u00e8bres au IIe si\u00e8cle. Seconde Guerre mondiale, lorsqu&rsquo;ils \u00e9taient en service dans les commandos britanniques.<\/p>\n","protected":false},"featured_media":335835,"comment_status":"open","ping_status":"closed","template":"","meta":[],"pwb-brand":[3789],"product_brand":[],"product_cat":[3697,3696],"product_tag":[],"class_list":{"0":"post-335831","1":"product","2":"type-product","3":"status-publish","4":"has-post-thumbnail","6":"pwb-brand-acier-froid","7":"product_cat-couteaux-solides","8":"product_cat-des-couteaux","10":"first","11":"outofstock","12":"taxable","13":"shipping-taxable","14":"purchasable","15":"product-type-simple"},"brands":[{"id":3789,"name":"Acier froid","slug":"acier-froid"}],"_links":{"self":[{"href":"https:\/\/www.moskito.cz\/fr\/wp-json\/wp\/v2\/product\/335831","targetHints":{"allow":["GET"]}}],"collection":[{"href":"https:\/\/www.moskito.cz\/fr\/wp-json\/wp\/v2\/product"}],"about":[{"href":"https:\/\/www.moskito.cz\/fr\/wp-json\/wp\/v2\/types\/product"}],"replies":[{"embeddable":true,"href":"https:\/\/www.moskito.cz\/fr\/wp-json\/wp\/v2\/comments?post=335831"}],"wp:featuredmedia":[{"embeddable":true,"href":"https:\/\/www.moskito.cz\/fr\/wp-json\/wp\/v2\/media\/335835"}],"wp:attachment":[{"href":"https:\/\/www.moskito.cz\/fr\/wp-json\/wp\/v2\/media?parent=335831"}],"wp:term":[{"taxonomy":"pwb-brand","embeddable":true,"href":"https:\/\/www.moskito.cz\/fr\/wp-json\/wp\/v2\/pwb-brand?post=335831"},{"taxonomy":"product_brand","embeddable":true,"href":"https:\/\/www.moskito.cz\/fr\/wp-json\/wp\/v2\/product_brand?post=335831"},{"taxonomy":"product_cat","embeddable":true,"href":"https:\/\/www.moskito.cz\/fr\/wp-json\/wp\/v2\/product_cat?post=335831"},{"taxonomy":"product_tag","embeddable":true,"href":"https:\/\/www.moskito.cz\/fr\/wp-json\/wp\/v2\/product_tag?post=335831"}],"curies":[{"name":"wp","href":"https:\/\/api.w.org\/{rel}","templated":true}]}}