{"id":335841,"date":"2022-11-08T21:45:10","date_gmt":"2022-11-08T20:45:10","guid":{"rendered":"https:\/\/www.moskito.cz\/produkt\/couteau-solide-cold-steel-chaos-double-bord\/"},"modified":"2025-05-07T11:12:59","modified_gmt":"2025-05-07T10:12:59","slug":"couteau-solide-cold-steel-chaos-double-bord","status":"publish","type":"product","link":"https:\/\/www.moskito.cz\/fr\/produkt\/couteau-solide-cold-steel-chaos-double-bord\/","title":{"rendered":"Couteau Solide Cold Steel CHAOS DOUBLE BORD"},"content":{"rendered":"<p>Couteau Solide <strong>Cold Steel<\/strong> CHAOS DOUBLE BORD.<\/p>\n<p>En nous inspirant des \u00ab&nbsp;couteaux de tranch\u00e9e&nbsp;\u00bb classiques des deux guerres mondiales du si\u00e8cle dernier, nous avons d\u00e9velopp\u00e9 une gamme de nouvelles lames tactiques fixes adapt\u00e9es aux d\u00e9fis auxquels sont confront\u00e9s les guerriers modernes d&rsquo;aujourd&rsquo;hui. Nos lames solides de la s\u00e9rie Chaos sont dot\u00e9es d&rsquo;anneaux de protection uniques en forme de \u00ab&nbsp;D&nbsp;\u00bb en aluminium renforc\u00e9 6061 qui permettent une prise incroyablement s\u00fbre et confortable tout en prot\u00e9geant la main des attaques et des dommages entrants lors de la frappe ou de la coupe d&rsquo;un adversaire couvert d&rsquo;un gilet pare-balles, de munitions. , lampes de poche, magazines et \u00e9quipement&nbsp;! Leurs t\u00eates en acier au carbone 1055 extra r\u00e9sistantes sont effil\u00e9es pour concentrer la force de percussion du coup de marteau, et leurs lames en acier \u00e0 haute teneur en carbone SK-5 sont savamment trait\u00e9es thermiquement pour des performances maximales.<\/p>\n<p>PARAM\u00c8TRES DU PRODUIT<br \/>\nAcier&nbsp;: SK-5 \u00e0 haute teneur en carbone<br \/>\nTaille hors tout : 342 mm<br \/>\nLongueur de la lame : 190 mm<br \/>\nMat\u00e9riau du manche : aluminium 6061<br \/>\nLongueur du manche : 152 mm<br \/>\nCouleur noire:<\/p>\n<p>Poids : 481,94 g<br \/>\n\u00c9paisseur de la lame : 4,5 mm<br \/>\nMat\u00e9riau de la gaine&nbsp;: Gaine Secure-Ex\u00ae<\/p>\n","protected":false},"excerpt":{"rendered":"<p>Pr\u00e9sentation du Chaos Double Edge de Cold Steel.<\/p>\n","protected":false},"featured_media":335842,"comment_status":"open","ping_status":"closed","template":"","meta":[],"pwb-brand":[3789],"product_brand":[],"product_cat":[3697,3696],"product_tag":[],"class_list":{"0":"post-335841","1":"product","2":"type-product","3":"status-publish","4":"has-post-thumbnail","6":"pwb-brand-acier-froid","7":"product_cat-couteaux-solides","8":"product_cat-des-couteaux","10":"first","11":"instock","12":"taxable","13":"shipping-taxable","14":"purchasable","15":"product-type-simple"},"brands":[{"id":3789,"name":"Acier froid","slug":"acier-froid"}],"_links":{"self":[{"href":"https:\/\/www.moskito.cz\/fr\/wp-json\/wp\/v2\/product\/335841","targetHints":{"allow":["GET"]}}],"collection":[{"href":"https:\/\/www.moskito.cz\/fr\/wp-json\/wp\/v2\/product"}],"about":[{"href":"https:\/\/www.moskito.cz\/fr\/wp-json\/wp\/v2\/types\/product"}],"replies":[{"embeddable":true,"href":"https:\/\/www.moskito.cz\/fr\/wp-json\/wp\/v2\/comments?post=335841"}],"wp:featuredmedia":[{"embeddable":true,"href":"https:\/\/www.moskito.cz\/fr\/wp-json\/wp\/v2\/media\/335842"}],"wp:attachment":[{"href":"https:\/\/www.moskito.cz\/fr\/wp-json\/wp\/v2\/media?parent=335841"}],"wp:term":[{"taxonomy":"pwb-brand","embeddable":true,"href":"https:\/\/www.moskito.cz\/fr\/wp-json\/wp\/v2\/pwb-brand?post=335841"},{"taxonomy":"product_brand","embeddable":true,"href":"https:\/\/www.moskito.cz\/fr\/wp-json\/wp\/v2\/product_brand?post=335841"},{"taxonomy":"product_cat","embeddable":true,"href":"https:\/\/www.moskito.cz\/fr\/wp-json\/wp\/v2\/product_cat?post=335841"},{"taxonomy":"product_tag","embeddable":true,"href":"https:\/\/www.moskito.cz\/fr\/wp-json\/wp\/v2\/product_tag?post=335841"}],"curies":[{"name":"wp","href":"https:\/\/api.w.org\/{rel}","templated":true}]}}