{"id":335855,"date":"2022-11-04T20:09:14","date_gmt":"2024-04-19T12:22:18","guid":{"rendered":"https:\/\/www.moskito.cz\/produkt\/couteau-fixe-cold-steel-magnum-warcraft-tanto-4034\/"},"modified":"2025-05-07T11:13:00","modified_gmt":"2025-05-07T10:13:00","slug":"couteau-fixe-cold-steel-magnum-warcraft-tanto-4034","status":"publish","type":"product","link":"https:\/\/www.moskito.cz\/fr\/produkt\/couteau-fixe-cold-steel-magnum-warcraft-tanto-4034\/","title":{"rendered":"Couteau Fixe Cold Steel MAGNUM WARCRAFT TANTO (4034)"},"content":{"rendered":"<p>Couteau Fixe <strong>Cold Steel<\/strong> MAGNUM WARCRAFT TANTO (4034)<\/p>\n<p>La gamme de produits Warcraft Tanto se veut une version moderne d&rsquo;un couteau militaire destin\u00e9 aux forces arm\u00e9es. La lame de 5 mm d&rsquo;\u00e9paisseur avec une construction robuste \u00e0 pleine soie qui traverse tout le manche profil\u00e9 conf\u00e8re au couteau des propri\u00e9t\u00e9s exceptionnelles. Le couteau tient parfaitement dans la main et son poids plus \u00e9lev\u00e9 met l&rsquo;accent sur la technique lors de la r\u00e9alisation des coupes. Chacun de nos couteaux Warcraft Tanto est fabriqu\u00e9 en acier inoxydable japonais 4034. Cet acier inoxydable poss\u00e8de des propri\u00e9t\u00e9s comparables \u00e0 l&rsquo;AUS8A ou au 440C. Le mat\u00e9riau du manche GNF est en nylon, lamin\u00e9 avec de la fibre de verre. Le couteau est disponible en trois tailles. Le Warcraft Tanto est livr\u00e9 avec un \u00e9tui rigide en mat\u00e9riau Secure-Ex\u00ae Sheath.<\/p>\n<p>PARAM\u00c8TRES DU PRODUIT<br \/>\nPoids : 510g<br \/>\nLongueur de la lame : 305 mm<br \/>\nMat\u00e9riau de la gaine&nbsp;: Gaine Secure-Ex\u00ae<br \/>\nAcier&nbsp;:&nbsp;acier 4034SS<br \/>\nCouleur: Argent<br \/>\n\u00c9paisseur de la lame : 5 mm<br \/>\nLongueur du manche : 127 mm<br \/>\nTaille hors tout : 431,8 mm<br \/>\nMat\u00e9riau du manche : GFN<\/p>\n","protected":false},"excerpt":{"rendered":"<p>Le couteau \u00e0 lame fixe Magnum Warcraft Tanto est, gr\u00e2ce \u00e0 sa longueur et \u00e0 la forme de sa lame, ainsi que son manche profil\u00e9, pr\u00e9destin\u00e9 aux techniques de slashing.<\/p>\n","protected":false},"featured_media":335856,"comment_status":"open","ping_status":"closed","template":"","meta":[],"pwb-brand":[3789],"product_brand":[],"product_cat":[3697,3696],"product_tag":[],"class_list":{"0":"post-335855","1":"product","2":"type-product","3":"status-publish","4":"has-post-thumbnail","6":"pwb-brand-acier-froid","7":"product_cat-couteaux-solides","8":"product_cat-des-couteaux","10":"first","11":"instock","12":"taxable","13":"shipping-taxable","14":"purchasable","15":"product-type-simple"},"brands":[{"id":3789,"name":"Acier froid","slug":"acier-froid"}],"_links":{"self":[{"href":"https:\/\/www.moskito.cz\/fr\/wp-json\/wp\/v2\/product\/335855","targetHints":{"allow":["GET"]}}],"collection":[{"href":"https:\/\/www.moskito.cz\/fr\/wp-json\/wp\/v2\/product"}],"about":[{"href":"https:\/\/www.moskito.cz\/fr\/wp-json\/wp\/v2\/types\/product"}],"replies":[{"embeddable":true,"href":"https:\/\/www.moskito.cz\/fr\/wp-json\/wp\/v2\/comments?post=335855"}],"wp:featuredmedia":[{"embeddable":true,"href":"https:\/\/www.moskito.cz\/fr\/wp-json\/wp\/v2\/media\/335856"}],"wp:attachment":[{"href":"https:\/\/www.moskito.cz\/fr\/wp-json\/wp\/v2\/media?parent=335855"}],"wp:term":[{"taxonomy":"pwb-brand","embeddable":true,"href":"https:\/\/www.moskito.cz\/fr\/wp-json\/wp\/v2\/pwb-brand?post=335855"},{"taxonomy":"product_brand","embeddable":true,"href":"https:\/\/www.moskito.cz\/fr\/wp-json\/wp\/v2\/product_brand?post=335855"},{"taxonomy":"product_cat","embeddable":true,"href":"https:\/\/www.moskito.cz\/fr\/wp-json\/wp\/v2\/product_cat?post=335855"},{"taxonomy":"product_tag","embeddable":true,"href":"https:\/\/www.moskito.cz\/fr\/wp-json\/wp\/v2\/product_tag?post=335855"}],"curies":[{"name":"wp","href":"https:\/\/api.w.org\/{rel}","templated":true}]}}