{"id":335904,"date":"2023-10-05T15:04:26","date_gmt":"2023-10-05T14:04:26","guid":{"rendered":"https:\/\/www.moskito.cz\/produkt\/couteau-solide-cold-steel-wild-west-bowie-81b\/"},"modified":"2025-05-07T11:13:03","modified_gmt":"2025-05-07T10:13:03","slug":"couteau-solide-cold-steel-wild-west-bowie-81b","status":"publish","type":"product","link":"https:\/\/www.moskito.cz\/fr\/produkt\/couteau-solide-cold-steel-wild-west-bowie-81b\/","title":{"rendered":"Couteau Solide COLD STEEL WILD WEST BOWIE 81B"},"content":{"rendered":"<p>Couteau Solide <strong>COLD STEEL<\/strong> WILD WEST BOWIE 81B<\/p>\n<p>Con\u00e7u comme les grandes lames embl\u00e9matiques des \u00e9missions de t\u00e9l\u00e9vision et des films occidentaux, notre Wild West Bowie est un classique am\u00e9ricain saisissant. La lame est en acier au carbone 1090. Il s&rsquo;agit d&rsquo;une lame longue et large avec un \u00e9quilibre vers l&rsquo;avant, aff\u00fbt\u00e9e au sabre et renforc\u00e9e par un faux tranchant pour une puissance de coupe, de tranchant et de per\u00e7age maximale. Le manche a un profil classique avec des \u00e9cailles en palissandre fix\u00e9es \u00e0 la pointe compl\u00e8te avec des vis en laiton et comporte un prot\u00e8ge-main en laiton \u00e0 motif S pour prot\u00e9ger vos doigts et augmenter son potentiel d\u00e9fensif. Le Wild West Bowie est dot\u00e9 d&rsquo;un \u00e9tui traditionnel en cuir noir dot\u00e9 d&rsquo;un passant de ceinture pivotant en laiton et d&rsquo;un bracelet en cuir.<\/p>\n<p>Mat\u00e9riau de la lame : 1090<br \/>\nMat\u00e9riau du bo\u00eetier : Cuir<br \/>\nLongueur de la lame : 27,3 cm<br \/>\nLongueur totale : 41 cm<br \/>\nLongueur du manche : 13,3 cm<br \/>\n\u00c9paisseur de la lame : 0,47 cm<br \/>\nPoids : 655g<br \/>\nType de lame&nbsp;: pointe \u00e0 pince<\/p>\n<p>&nbsp;<\/p>\n","protected":false},"excerpt":{"rendered":"<p><strong>Wild West Bowie est une r\u00e9plique d&rsquo;un couteau bowie du Far West.<\/strong><\/p>\n","protected":false},"featured_media":335905,"comment_status":"open","ping_status":"closed","template":"","meta":[],"pwb-brand":[3789],"product_brand":[],"product_cat":[3697,3696],"product_tag":[],"class_list":{"0":"post-335904","1":"product","2":"type-product","3":"status-publish","4":"has-post-thumbnail","6":"pwb-brand-acier-froid","7":"product_cat-couteaux-solides","8":"product_cat-des-couteaux","10":"first","11":"outofstock","12":"taxable","13":"shipping-taxable","14":"purchasable","15":"product-type-simple"},"brands":[{"id":3789,"name":"Acier froid","slug":"acier-froid"}],"_links":{"self":[{"href":"https:\/\/www.moskito.cz\/fr\/wp-json\/wp\/v2\/product\/335904","targetHints":{"allow":["GET"]}}],"collection":[{"href":"https:\/\/www.moskito.cz\/fr\/wp-json\/wp\/v2\/product"}],"about":[{"href":"https:\/\/www.moskito.cz\/fr\/wp-json\/wp\/v2\/types\/product"}],"replies":[{"embeddable":true,"href":"https:\/\/www.moskito.cz\/fr\/wp-json\/wp\/v2\/comments?post=335904"}],"wp:featuredmedia":[{"embeddable":true,"href":"https:\/\/www.moskito.cz\/fr\/wp-json\/wp\/v2\/media\/335905"}],"wp:attachment":[{"href":"https:\/\/www.moskito.cz\/fr\/wp-json\/wp\/v2\/media?parent=335904"}],"wp:term":[{"taxonomy":"pwb-brand","embeddable":true,"href":"https:\/\/www.moskito.cz\/fr\/wp-json\/wp\/v2\/pwb-brand?post=335904"},{"taxonomy":"product_brand","embeddable":true,"href":"https:\/\/www.moskito.cz\/fr\/wp-json\/wp\/v2\/product_brand?post=335904"},{"taxonomy":"product_cat","embeddable":true,"href":"https:\/\/www.moskito.cz\/fr\/wp-json\/wp\/v2\/product_cat?post=335904"},{"taxonomy":"product_tag","embeddable":true,"href":"https:\/\/www.moskito.cz\/fr\/wp-json\/wp\/v2\/product_tag?post=335904"}],"curies":[{"name":"wp","href":"https:\/\/api.w.org\/{rel}","templated":true}]}}