{"id":335914,"date":"2021-07-21T12:14:23","date_gmt":"2021-07-21T11:14:23","guid":{"rendered":"https:\/\/www.moskito.cz\/produkt\/couteau-solide-cold-steel-master-tanto-san-mai\/"},"modified":"2024-04-19T13:38:51","modified_gmt":"2024-04-19T12:38:51","slug":"couteau-solide-cold-steel-master-tanto-san-mai","status":"publish","type":"product","link":"https:\/\/www.moskito.cz\/fr\/produkt\/couteau-solide-cold-steel-master-tanto-san-mai\/","title":{"rendered":"Couteau Solide Cold Steel Master Tanto San Mai"},"content":{"rendered":"<p>Couteau solide <strong>Cold Steel<\/strong> Ma\u00eetre Tanto San Mai.<\/p>\n<p>Aujourd\u2019hui, personne dans l\u2019industrie du couteau n\u2019en sait plus sur Tanto que Cold Steel. Apr\u00e8s tout, Cold Steel a invent\u00e9 et popularis\u00e9 ce style de couteau au d\u00e9but des ann\u00e9es 80. vol. Nous avons d\u00e9pens\u00e9 des millions de dollars pour convaincre le public de l&rsquo;existence de Tantech \u00e0 travers de nombreuses publicit\u00e9s, d\u00e9monstrations en direct ou enregistrements vid\u00e9o. Nous fabriquons des Tantos depuis plus de 30 ans et il n&rsquo;existe toujours pas d&rsquo;usine ou de fabricant de couteaux personnalis\u00e9s qui fabriquent un Tanto qui puisse se rapprocher de la puissance de coupe, de hachage ou de per\u00e7age produite par Cold Steel. Tous nos Tantos pr\u00e9sentent une finition satin\u00e9e brillante sur les biseaux creux de la lame et une finition contrast\u00e9e sur les surfaces planes de la lame. Cette technique met en valeur nos m\u00e9thodes de meulage de pointe et met en valeur l\u2019apparence unique du Cold Steel Tantos. De plus, le Tantos est livr\u00e9 avec notre c\u00e9l\u00e8bre poign\u00e9e Kraton ovale aplatie. La forme ovale offre une prise ferme et r\u00e9siste au basculement ou \u00e0 la torsion de la main lors d&rsquo;une utilisation intensive, ce qui d\u00e9truirait un couteau plus petit au fil du temps. L&rsquo;utilisation du Kraton dans le manche du couteau est une autre innovation de Cold Steel. Le Kraton est un mat\u00e9riau in\u00e9gal\u00e9 de l\u2019\u00e8re spatiale qui ne se fissure pas, ne pourrit pas et est immunis\u00e9 contre les ravages des intemp\u00e9ries. La t\u00eate effil\u00e9e en acier est une autre caract\u00e9ristique importante du Tanto que vous ne devriez pas ignorer. Lynn Thompson l&rsquo;a con\u00e7u pour concentrer toute la force d&rsquo;un coup \u00e9crasant sur une petite zone, de sorte que m\u00eame un coup mod\u00e9r\u00e9 puisse \u00eatre remarquablement efficace pour d\u00e9sarmer ou neutraliser un attaquant. Tous les couteaux de la s\u00e9rie San Mai Tanto sont livr\u00e9s avec une gaine Secure-Ex \u00e9paisse et de haute qualit\u00e9 qui vous offrira des ann\u00e9es de service et gardera votre Tanto \u00e0 vos c\u00f4t\u00e9s, pr\u00eat \u00e0 l&rsquo;action.<\/p>\n<p>Lame Tanto en acier VG-10 San Mai III.<\/p>\n<p>Poign\u00e9e : Kraton.<\/p>\n<p>\u00c9tui : Kydex.<\/p>\n<p>Longueur de la lame : 15,2 cm.<\/p>\n<p>Longueur totale : 29,2 cm.<\/p>\n<p><strong>Cold Steel<\/strong> est une entreprise engag\u00e9e dans la production des couteaux les plus solides et les plus tranchants au monde. Au cours des trois derni\u00e8res d\u00e9cennies, Cold Steel a \u00e9t\u00e9 \u00e0 l&rsquo;avant-garde de nombreuses innovations qui ont contribu\u00e9 \u00e0 d\u00e9finir l&rsquo;industrie du couteau. Les succ\u00e8s successifs, notamment l&rsquo;introduction des manches \u00e0 carreaux Kraton\u00ae et des styles de lames \u00e0 pointe tanto, sont pass\u00e9s de caract\u00e9ristiques curieuses \u00e0 des marques industrielles de qualit\u00e9 et de sophistication. La nouvelle direction a \u00e9galement \u00e9t\u00e9 rompue avec l&rsquo;introduction de nouvelles lames en acier uniques telles que le San Mai III\u00ae et le m\u00e9canisme de verrouillage et de verrouillage Tri-Ad \u2122 pour les couteaux pliants. Par exemple, le verrou Tri-Ad \u2122 n&rsquo;a jamais \u00e9t\u00e9 \u00e9gal\u00e9 par aucun des concurrents de Cold Steel et il n&rsquo;a pas \u00e9t\u00e9 prouv\u00e9 qu&rsquo;il surpassait tout ce qu&rsquo;ils ont produit jusqu&rsquo;\u00e0 pr\u00e9sent. Bien entendu, Cold Steel sera toujours tourn\u00e9 vers l\u2019avenir et s\u2019efforcera constamment de produire les couteaux les plus solides et les plus tranchants au monde. Cet objectif, tout aussi insaisissable et difficile \u00e0 atteindre, est rest\u00e9 le m\u00eame au cours des quarante derni\u00e8res ann\u00e9es. Acier froid inc. est une entreprise ax\u00e9e sur la production des couteaux, \u00e9p\u00e9es, tomahawks, machettes, couverts et outils les plus solides et les plus tranchants pour le transport quotidien : EDC. Rapidement adopt\u00e9 par l&rsquo;arm\u00e9e, les forces sp\u00e9ciales charg\u00e9es de l&rsquo;application de la loi, les intervenants d&rsquo;urgence, les professionnels de l&rsquo;autod\u00e9fense et les membres de la communaut\u00e9 des arts martiaux, Cold Steel s&rsquo;est rapidement fait un nom pour sa qualit\u00e9, sa solidit\u00e9, sa fiabilit\u00e9 et sa fiabilit\u00e9 dans le transport quotidien (EDC). . Notre gamme diversifi\u00e9e et vari\u00e9e s&rsquo;est rapidement \u00e9largie pour inclure non seulement une vaste s\u00e9lection de couteaux pliants (des petites lames \u00ab EDC \u00bb \u00e0 nos embl\u00e9matiques \u00ab m\u00e9ga-dossiers \u00bb) g\u00e9ants, mais \u00e9galement des lames fixes, des \u00e9p\u00e9es, des sabres, des b\u00e2tons et des hallebardes, ainsi que ainsi que du mat\u00e9riel de chasse, des lances, des fusils, des haches, des machettes, des tomahawks et des outils ! Au fil des d\u00e9cennies, Cold Steel a introduit de nouveaux mat\u00e9riaux et conceptions r\u00e9volutionnaires qui ont contribu\u00e9 \u00e0 fa\u00e7onner le monde des couteaux, armes blanches et outils modernes. De l&rsquo;introduction de poign\u00e9es \u00e0 damier Kraton\u00ae et d&rsquo;une lame Tanto \u00ab am\u00e9ricanis\u00e9e \u00bb, \u00e0 l&rsquo;inclusion de nouveaux aciers de lame innovants comme le San Mai III\u00ae et de m\u00e9canismes de verrouillage r\u00e9volutionnaires (comme notre Tri-Ad \u2122 Lock). Alors que nous regardons vers l&rsquo;avenir, Cold Steel continue d&rsquo;apporter sur le march\u00e9 de nouveaux niveaux de r\u00e9sistance, de s\u00e9curit\u00e9 et de performance, en fournissant des produits \u00e9prouv\u00e9s sur lesquels vous pouvez compter, \u00e0 tout moment et en tout lieu !<\/p>\n","protected":false},"excerpt":{"rendered":"<p>Le design Master Tanto in San Mai\u00ae de COLD STEEL est un couteau unique \u00e0 lame fixe. Sa lame et sa pointe, ainsi que la forme de son manche, sont directement d\u00e9velopp\u00e9es pour concentrer la puissance d&rsquo;\u00e9crasement dans la coupe.<\/p>\n","protected":false},"featured_media":335915,"comment_status":"open","ping_status":"closed","template":"","meta":[],"pwb-brand":[3789],"product_brand":[],"product_cat":[3697,3696],"product_tag":[],"class_list":{"0":"post-335914","1":"product","2":"type-product","3":"status-publish","4":"has-post-thumbnail","6":"pwb-brand-acier-froid","7":"product_cat-couteaux-solides","8":"product_cat-des-couteaux","10":"first","11":"instock","12":"taxable","13":"shipping-taxable","14":"purchasable","15":"product-type-simple"},"brands":[{"id":3789,"name":"Acier froid","slug":"acier-froid"}],"_links":{"self":[{"href":"https:\/\/www.moskito.cz\/fr\/wp-json\/wp\/v2\/product\/335914","targetHints":{"allow":["GET"]}}],"collection":[{"href":"https:\/\/www.moskito.cz\/fr\/wp-json\/wp\/v2\/product"}],"about":[{"href":"https:\/\/www.moskito.cz\/fr\/wp-json\/wp\/v2\/types\/product"}],"replies":[{"embeddable":true,"href":"https:\/\/www.moskito.cz\/fr\/wp-json\/wp\/v2\/comments?post=335914"}],"wp:featuredmedia":[{"embeddable":true,"href":"https:\/\/www.moskito.cz\/fr\/wp-json\/wp\/v2\/media\/335915"}],"wp:attachment":[{"href":"https:\/\/www.moskito.cz\/fr\/wp-json\/wp\/v2\/media?parent=335914"}],"wp:term":[{"taxonomy":"pwb-brand","embeddable":true,"href":"https:\/\/www.moskito.cz\/fr\/wp-json\/wp\/v2\/pwb-brand?post=335914"},{"taxonomy":"product_brand","embeddable":true,"href":"https:\/\/www.moskito.cz\/fr\/wp-json\/wp\/v2\/product_brand?post=335914"},{"taxonomy":"product_cat","embeddable":true,"href":"https:\/\/www.moskito.cz\/fr\/wp-json\/wp\/v2\/product_cat?post=335914"},{"taxonomy":"product_tag","embeddable":true,"href":"https:\/\/www.moskito.cz\/fr\/wp-json\/wp\/v2\/product_tag?post=335914"}],"curies":[{"name":"wp","href":"https:\/\/api.w.org\/{rel}","templated":true}]}}