{"id":335921,"date":"2022-11-08T22:52:32","date_gmt":"2024-04-19T12:40:17","guid":{"rendered":"https:\/\/www.moskito.cz\/produkt\/tomahawk-cold-steel-trench-hawk-noir\/"},"modified":"2025-05-07T11:13:03","modified_gmt":"2025-05-07T10:13:03","slug":"tomahawk-cold-steel-trench-hawk-noir","status":"publish","type":"product","link":"https:\/\/www.moskito.cz\/fr\/produkt\/tomahawk-cold-steel-trench-hawk-noir\/","title":{"rendered":"Tomahawk Cold Steel TRENCH HAWK NOIR"},"content":{"rendered":"<p>Tomahawk Cold Steel TRENCH HAWK NOIR.<\/p>\n<p>Le Cold Steel Trench Hawk pr\u00e9sente un bord tranchant et une pointe en coin qui offrent de nombreuses options tactiques aux guerriers modernes de notre nation. Forg\u00e9e \u00e0 partir d&rsquo;acier au carbone 5150 et durcie diff\u00e9rentiellement, la t\u00eate Trench Hawk peut r\u00e9sister \u00e0 d&rsquo;\u00e9normes impacts ainsi qu&rsquo;au terrible stress d&rsquo;une utilisation intensive \u00e0 long terme. La poign\u00e9e de notre Trench Hawk est tr\u00e8s r\u00e9sistante aux chocs et r\u00e9sistera \u00e0 une manipulation brutale jusqu&rsquo;\u00e0 la rupture. manche en noyer massif. Et en prime, il est facile et peu co\u00fbteux de le remplacer lorsqu&rsquo;il s&rsquo;use finalement \u00e0 cause de lancers r\u00e9p\u00e9t\u00e9s.* Le Trench Hawk est livr\u00e9 avec un manchon articul\u00e9 Secure-Ex brevet\u00e9.<\/p>\n<p>PARAM\u00c8TRES DU PRODUIT<br \/>\nCouleur noire<br \/>\nPoids : 822,13 g<br \/>\nTaille hors tout : 482 mm<br \/>\nAcier&nbsp;: Carbone 1055 forg\u00e9<br \/>\nMat\u00e9riau du manche : polypropyl\u00e8ne<\/p>\n","protected":false},"excerpt":{"rendered":"<p>COLD STEEL Trench Hawk est un tomahawk fabriqu\u00e9 avec des mat\u00e9riaux modernes et tr\u00e8s durables. En raison de sa construction, elle est consid\u00e9r\u00e9e comme une hache de combat et de lancer.<\/p>\n","protected":false},"featured_media":335922,"comment_status":"open","ping_status":"closed","template":"","meta":[],"pwb-brand":[3789],"product_brand":[],"product_cat":[3702],"product_tag":[],"class_list":{"0":"post-335921","1":"product","2":"type-product","3":"status-publish","4":"has-post-thumbnail","6":"pwb-brand-acier-froid","7":"product_cat-haches","9":"first","10":"outofstock","11":"taxable","12":"shipping-taxable","13":"purchasable","14":"product-type-simple"},"brands":[{"id":3789,"name":"Acier froid","slug":"acier-froid"}],"_links":{"self":[{"href":"https:\/\/www.moskito.cz\/fr\/wp-json\/wp\/v2\/product\/335921","targetHints":{"allow":["GET"]}}],"collection":[{"href":"https:\/\/www.moskito.cz\/fr\/wp-json\/wp\/v2\/product"}],"about":[{"href":"https:\/\/www.moskito.cz\/fr\/wp-json\/wp\/v2\/types\/product"}],"replies":[{"embeddable":true,"href":"https:\/\/www.moskito.cz\/fr\/wp-json\/wp\/v2\/comments?post=335921"}],"wp:featuredmedia":[{"embeddable":true,"href":"https:\/\/www.moskito.cz\/fr\/wp-json\/wp\/v2\/media\/335922"}],"wp:attachment":[{"href":"https:\/\/www.moskito.cz\/fr\/wp-json\/wp\/v2\/media?parent=335921"}],"wp:term":[{"taxonomy":"pwb-brand","embeddable":true,"href":"https:\/\/www.moskito.cz\/fr\/wp-json\/wp\/v2\/pwb-brand?post=335921"},{"taxonomy":"product_brand","embeddable":true,"href":"https:\/\/www.moskito.cz\/fr\/wp-json\/wp\/v2\/product_brand?post=335921"},{"taxonomy":"product_cat","embeddable":true,"href":"https:\/\/www.moskito.cz\/fr\/wp-json\/wp\/v2\/product_cat?post=335921"},{"taxonomy":"product_tag","embeddable":true,"href":"https:\/\/www.moskito.cz\/fr\/wp-json\/wp\/v2\/product_tag?post=335921"}],"curies":[{"name":"wp","href":"https:\/\/api.w.org\/{rel}","templated":true}]}}