{"id":335944,"date":"2022-11-08T22:13:14","date_gmt":"2024-04-19T12:43:55","guid":{"rendered":"https:\/\/www.moskito.cz\/produkt\/tomahawk-cold-steel-war-hawk\/"},"modified":"2025-05-07T11:13:04","modified_gmt":"2025-05-07T10:13:04","slug":"tomahawk-cold-steel-war-hawk","status":"publish","type":"product","link":"https:\/\/www.moskito.cz\/fr\/produkt\/tomahawk-cold-steel-war-hawk\/","title":{"rendered":"Tomahawk Cold Steel WAR HAWK"},"content":{"rendered":"<p>Tomahawk <strong>Cold Steel<\/strong> WAR HAWK.<\/p>\n<p>Notre War Hawk combine le style tactique et les mat\u00e9riaux utilis\u00e9s dans notre populaire Trench Hawk avec des \u00e9l\u00e9ments de conception d&rsquo;inspiration historique provenant d&rsquo;anciennes haches de combat. Avec sa large t\u00eate de hache barbue et sa pointe invers\u00e9e incurv\u00e9e et renforc\u00e9e de style Tanto, il s&rsquo;agit d&rsquo;un tomahawk et d&rsquo;une br\u00e8che tactiques tout \u00e0 fait modernes. outil! Chaque War Hawk est livr\u00e9 avec un \u00e9tui articul\u00e9 Secure-Ex brevet\u00e9.<br \/>\nPARAM\u00c8TRES DU PRODUIT<br \/>\nCouleur noire<br \/>\nAcier&nbsp;: Carbone 1055 forg\u00e9<br \/>\nTour de t\u00eate : 76<br \/>\nTaille hors tout : 482 mm<br \/>\nPoids : 836,31 g<br \/>\nMat\u00e9riau du manche : polypropyl\u00e8ne<\/p>\n","protected":false},"excerpt":{"rendered":"<p>Tomahawk Cold Steel WAR HAWK. Notre War Hawk combine le style tactique et les mat\u00e9riaux utilis\u00e9s dans notre populaire Trench Hawk avec des \u00e9l\u00e9ments de conception d&rsquo;inspiration historique provenant d&rsquo;anciennes haches de combat. Avec sa large t\u00eate de hache barbue et sa pointe invers\u00e9e incurv\u00e9e et renforc\u00e9e de style Tanto, il s&rsquo;agit d&rsquo;un tomahawk et [&hellip;]<\/p>\n","protected":false},"featured_media":335945,"comment_status":"open","ping_status":"closed","template":"","meta":[],"pwb-brand":[3789],"product_brand":[],"product_cat":[3702],"product_tag":[],"class_list":{"0":"post-335944","1":"product","2":"type-product","3":"status-publish","4":"has-post-thumbnail","6":"pwb-brand-acier-froid","7":"product_cat-haches","9":"first","10":"instock","11":"sale","12":"taxable","13":"shipping-taxable","14":"purchasable","15":"product-type-simple"},"brands":[{"id":3789,"name":"Acier froid","slug":"acier-froid"}],"_links":{"self":[{"href":"https:\/\/www.moskito.cz\/fr\/wp-json\/wp\/v2\/product\/335944","targetHints":{"allow":["GET"]}}],"collection":[{"href":"https:\/\/www.moskito.cz\/fr\/wp-json\/wp\/v2\/product"}],"about":[{"href":"https:\/\/www.moskito.cz\/fr\/wp-json\/wp\/v2\/types\/product"}],"replies":[{"embeddable":true,"href":"https:\/\/www.moskito.cz\/fr\/wp-json\/wp\/v2\/comments?post=335944"}],"wp:featuredmedia":[{"embeddable":true,"href":"https:\/\/www.moskito.cz\/fr\/wp-json\/wp\/v2\/media\/335945"}],"wp:attachment":[{"href":"https:\/\/www.moskito.cz\/fr\/wp-json\/wp\/v2\/media?parent=335944"}],"wp:term":[{"taxonomy":"pwb-brand","embeddable":true,"href":"https:\/\/www.moskito.cz\/fr\/wp-json\/wp\/v2\/pwb-brand?post=335944"},{"taxonomy":"product_brand","embeddable":true,"href":"https:\/\/www.moskito.cz\/fr\/wp-json\/wp\/v2\/product_brand?post=335944"},{"taxonomy":"product_cat","embeddable":true,"href":"https:\/\/www.moskito.cz\/fr\/wp-json\/wp\/v2\/product_cat?post=335944"},{"taxonomy":"product_tag","embeddable":true,"href":"https:\/\/www.moskito.cz\/fr\/wp-json\/wp\/v2\/product_tag?post=335944"}],"curies":[{"name":"wp","href":"https:\/\/api.w.org\/{rel}","templated":true}]}}