{"id":335954,"date":"2023-04-05T15:11:21","date_gmt":"2024-04-19T12:45:16","guid":{"rendered":"https:\/\/www.moskito.cz\/produkt\/hache-cold-steel-trench-hawk-par-green\/"},"modified":"2025-05-07T11:13:04","modified_gmt":"2025-05-07T10:13:04","slug":"hache-cold-steel-trench-hawk-par-green","status":"publish","type":"product","link":"https:\/\/www.moskito.cz\/fr\/produkt\/hache-cold-steel-trench-hawk-par-green\/","title":{"rendered":"Hache Cold Steel TRENCH HAWK par GREEN"},"content":{"rendered":"<p>Hache <strong>Cold Steel<\/strong> TRENCH HAWK par GREEN<\/p>\n<p><strong>Faucon des tranch\u00e9es en acier froid<\/strong>  dispose d&rsquo;un bord tranchant et d&rsquo;une pointe en coin qui offre de nombreuses \u00ab&nbsp;options&nbsp;\u00bb tactiques pour les guerriers modernes de notre nation. Forg\u00e9e sous pression \u00e0 partir d&rsquo;acier au carbone 1055 et durcie diff\u00e9rentiellement, la t\u00eate Trench Hawk r\u00e9siste \u00e0 d&rsquo;\u00e9normes impacts et au stress terrible d&rsquo;une utilisation intensive \u00e0 long terme. Le manche de notre Trench Hawk est tr\u00e8s r\u00e9sistant aux chocs et r\u00e9sistera aux abus qui briseraient m\u00eame un manche en hickory solide. Et en prime, il est facile et peu co\u00fbteux de le remplacer lorsqu&rsquo;il s&rsquo;use finalement \u00e0 cause de lancers r\u00e9p\u00e9t\u00e9s.* Le Trench Hawk est livr\u00e9 avec un manchon articul\u00e9 Secure-Ex\u2122 brevet\u00e9.<\/p>\n<p>Description:<\/p>\n<p>Mat\u00e9riau du bo\u00eetier&nbsp;: Secure-Ex<br \/>\nMat\u00e9riau du manche : polypropyl\u00e8ne<br \/>\nMat\u00e9riau de la lame : 1055<br \/>\nType de hache : Tomahawk<br \/>\nPoids : 822 g<br \/>\nLongueur totale : 48,3 cm<br \/>\nLongueur de la t\u00eate de hache : 9 cm<\/p>\n<p>&nbsp;<\/p>\n","protected":false},"excerpt":{"rendered":"<p><strong>COLD STEEL Trench Hawk est un tomahawk fabriqu\u00e9 avec des mat\u00e9riaux modernes et tr\u00e8s durables.<\/strong><\/p>\n","protected":false},"featured_media":335955,"comment_status":"open","ping_status":"closed","template":"","meta":[],"pwb-brand":[3789],"product_brand":[],"product_cat":[3702],"product_tag":[],"class_list":{"0":"post-335954","1":"product","2":"type-product","3":"status-publish","4":"has-post-thumbnail","6":"pwb-brand-acier-froid","7":"product_cat-haches","9":"first","10":"outofstock","11":"taxable","12":"shipping-taxable","13":"purchasable","14":"product-type-simple"},"brands":[{"id":3789,"name":"Acier froid","slug":"acier-froid"}],"_links":{"self":[{"href":"https:\/\/www.moskito.cz\/fr\/wp-json\/wp\/v2\/product\/335954","targetHints":{"allow":["GET"]}}],"collection":[{"href":"https:\/\/www.moskito.cz\/fr\/wp-json\/wp\/v2\/product"}],"about":[{"href":"https:\/\/www.moskito.cz\/fr\/wp-json\/wp\/v2\/types\/product"}],"replies":[{"embeddable":true,"href":"https:\/\/www.moskito.cz\/fr\/wp-json\/wp\/v2\/comments?post=335954"}],"wp:featuredmedia":[{"embeddable":true,"href":"https:\/\/www.moskito.cz\/fr\/wp-json\/wp\/v2\/media\/335955"}],"wp:attachment":[{"href":"https:\/\/www.moskito.cz\/fr\/wp-json\/wp\/v2\/media?parent=335954"}],"wp:term":[{"taxonomy":"pwb-brand","embeddable":true,"href":"https:\/\/www.moskito.cz\/fr\/wp-json\/wp\/v2\/pwb-brand?post=335954"},{"taxonomy":"product_brand","embeddable":true,"href":"https:\/\/www.moskito.cz\/fr\/wp-json\/wp\/v2\/product_brand?post=335954"},{"taxonomy":"product_cat","embeddable":true,"href":"https:\/\/www.moskito.cz\/fr\/wp-json\/wp\/v2\/product_cat?post=335954"},{"taxonomy":"product_tag","embeddable":true,"href":"https:\/\/www.moskito.cz\/fr\/wp-json\/wp\/v2\/product_tag?post=335954"}],"curies":[{"name":"wp","href":"https:\/\/api.w.org\/{rel}","templated":true}]}}