{"id":335962,"date":"2022-04-20T19:49:43","date_gmt":"2024-04-19T12:45:54","guid":{"rendered":"https:\/\/www.moskito.cz\/produkt\/couteau-solide-cold-steel-leatherneck-tanto\/"},"modified":"2025-05-07T11:13:05","modified_gmt":"2025-05-07T10:13:05","slug":"couteau-solide-cold-steel-leatherneck-tanto","status":"publish","type":"product","link":"https:\/\/www.moskito.cz\/fr\/produkt\/couteau-solide-cold-steel-leatherneck-tanto\/","title":{"rendered":"Couteau Solide Cold Steel LEATHERNECK TANTO"},"content":{"rendered":"<p>Couteau solide <strong>Cold Steel<\/strong> LEATHERNECK TANTO.<\/p>\n<p>La gamme Cold Steel Leatherneck se compose de deux styles de lames distincts et embl\u00e9matiques, qui se sont tous deux r\u00e9v\u00e9l\u00e9s extr\u00eamement populaires aupr\u00e8s de nos fr\u00e8res et s\u0153urs des forces arm\u00e9es : Le Leatherneck-SF (pour Semper-Fi) est dot\u00e9 d&rsquo;un magnifique sabre aff\u00fbt\u00e9 \u00e0 la main. La lame aff\u00fbt\u00e9e Clip Point et Leatherneck Tanto est dot\u00e9e de notre lame Cold Steel \u00ab American Tanto \u00bb signature avec une pointe solide renforc\u00e9e pour plus de r\u00e9sistance. Les deux sont fabriqu\u00e9s en acier \u00e0 outils D2 r\u00e9sistant avec un rev\u00eatement en poudre noire antireflet. Pour emp\u00eacher les doigts de l&rsquo;utilisateur de glisser vers l&rsquo;avant sur leur bord tranchant, les Leathernecks sont livr\u00e9s avec une protection \u00e0 double quillon en acier solide. Les poign\u00e9es sont fabriqu\u00e9es en Kray-Ex\u2122 \u00e0 carreaux profonds qui recouvrent compl\u00e8tement les cols extra larges en cuir. La poign\u00e9e Leatherneck est finie avec un capuchon \u00e9pais en acier usin\u00e9 (pas de moulage ou de plastique bon march\u00e9 comme certains autres sur le march\u00e9) afin qu&rsquo;ils puissent servir de marteau en cas d&rsquo;urgence ! Pour un transport s\u00fbr et confortable des couteaux Leatherneck, chaque lame est livr\u00e9e avec un \u00e9tui Secure-Ex robuste et polyvalent de style militaire avec une boucle de ceinture enti\u00e8rement amovible et r\u00e9versible.<\/p>\n<p>PARAM\u00c8TRES DU PRODUIT<br \/>\nMat\u00e9riau du manche&nbsp;: Long Griv-Ex\u2122<br \/>\nCouleur noire<br \/>\nAcier&nbsp;: acier allemand D2 avec rev\u00eatement en poudre noire<br \/>\nPoids : 345,86 g<br \/>\n\u00c9paisseur de la lame : 5 mm<br \/>\nLongueur du manche : 123 mm<br \/>\nLongueur de la lame : 180 mm<br \/>\nTaille hors tout : 303 mm<br \/>\nMat\u00e9riau de la gaine&nbsp;: Gaine Secure-Ex\u00ae<\/p>\n<p>La s\u00e9rie Cold Steel Leatherneck est compos\u00e9e de deux styles de lames distincts et embl\u00e9matiques, qui se sont tous deux r\u00e9v\u00e9l\u00e9s exceptionnellement populaires aupr\u00e8s de nos fr\u00e8res et s\u0153urs des forces arm\u00e9es&nbsp;: Le Leatherneck-SF (pour Semper-Fi) a un magnifique sabre aiguis\u00e9 \u00e0 la main. Lame \u00e0 pointe de serrage rectifi\u00e9e, et le Leatherneck Tanto est dot\u00e9 de notre lame Cold Steel \u00ab American Tanto \u00bb signature avec une pointe renforc\u00e9e pour plus de r\u00e9sistance. Les deux sont fabriqu\u00e9s en acier \u00e0 outils D2 r\u00e9sistant avec une finition en poudre noire non r\u00e9fl\u00e9chissante. Pour emp\u00eacher les doigts de l&rsquo;utilisateur de glisser vers l&rsquo;avant sur leur bord vif, les Leathernecks sont livr\u00e9s avec une protection \u00e0 double quillon en acier solide. Les poign\u00e9es sont faites de Kray-Ex\u2122 profond\u00e9ment damier qui englobe totalement les Leathernecks extra larges et pleine soie. La poign\u00e9e du Leatherneck est recouverte d&rsquo;un \u00e9pais capuchon en acier usin\u00e9 (pas de moulage ou de plastique bon march\u00e9 comme certains autres sur le march\u00e9) afin qu&rsquo;il puisse m\u00eame servir de marteau en cas d&rsquo;urgence ! Pour transporter les couteaux Leatherneck en toute s\u00e9curit\u00e9 et facilement, chaque lame est livr\u00e9e avec un \u00e9tui Secure-Ex robuste et polyvalent de style militaire avec boucle de ceinture enti\u00e8rement d\u00e9tachable et ambidextre.<\/p>\n<p>Poids : 12,2 oz \u00c9paisseur de la lame : 5 mm Longueur de la lame : 7&Prime; Acier de la lame : Acier allemand D2 avec rev\u00eatement en poudre noire Longueur\/Mat\u00e9riau du manche : 5&Prime; Longueur totale Griv-Ex\u2122 : 12&Prime; Caract\u00e9ristiques suppl\u00e9mentaires : Gaine Secure-Ex\u00ae<\/p>\n","protected":false},"excerpt":{"rendered":"<p>Leatherneck Tanto de COLD STEEL est un couteau de campagne \u00e0 lame fixe. Ce couteau militaire a \u00e9t\u00e9 fabriqu\u00e9 en hommage au Corps des Marines des \u00c9tats-Unis.<\/p>\n","protected":false},"featured_media":335963,"comment_status":"open","ping_status":"closed","template":"","meta":[],"pwb-brand":[3789],"product_brand":[],"product_cat":[3697,3696],"product_tag":[],"class_list":{"0":"post-335962","1":"product","2":"type-product","3":"status-publish","4":"has-post-thumbnail","6":"pwb-brand-acier-froid","7":"product_cat-couteaux-solides","8":"product_cat-des-couteaux","10":"first","11":"outofstock","12":"taxable","13":"shipping-taxable","14":"purchasable","15":"product-type-simple"},"brands":[{"id":3789,"name":"Acier froid","slug":"acier-froid"}],"_links":{"self":[{"href":"https:\/\/www.moskito.cz\/fr\/wp-json\/wp\/v2\/product\/335962","targetHints":{"allow":["GET"]}}],"collection":[{"href":"https:\/\/www.moskito.cz\/fr\/wp-json\/wp\/v2\/product"}],"about":[{"href":"https:\/\/www.moskito.cz\/fr\/wp-json\/wp\/v2\/types\/product"}],"replies":[{"embeddable":true,"href":"https:\/\/www.moskito.cz\/fr\/wp-json\/wp\/v2\/comments?post=335962"}],"wp:featuredmedia":[{"embeddable":true,"href":"https:\/\/www.moskito.cz\/fr\/wp-json\/wp\/v2\/media\/335963"}],"wp:attachment":[{"href":"https:\/\/www.moskito.cz\/fr\/wp-json\/wp\/v2\/media?parent=335962"}],"wp:term":[{"taxonomy":"pwb-brand","embeddable":true,"href":"https:\/\/www.moskito.cz\/fr\/wp-json\/wp\/v2\/pwb-brand?post=335962"},{"taxonomy":"product_brand","embeddable":true,"href":"https:\/\/www.moskito.cz\/fr\/wp-json\/wp\/v2\/product_brand?post=335962"},{"taxonomy":"product_cat","embeddable":true,"href":"https:\/\/www.moskito.cz\/fr\/wp-json\/wp\/v2\/product_cat?post=335962"},{"taxonomy":"product_tag","embeddable":true,"href":"https:\/\/www.moskito.cz\/fr\/wp-json\/wp\/v2\/product_tag?post=335962"}],"curies":[{"name":"wp","href":"https:\/\/api.w.org\/{rel}","templated":true}]}}