{"id":335988,"date":"2022-11-24T22:24:53","date_gmt":"2024-04-19T13:07:15","guid":{"rendered":"https:\/\/www.moskito.cz\/produkt\/couteau-de-fermeture-extrema-ratio-mf1-noir-ruvido\/"},"modified":"2025-05-07T11:13:06","modified_gmt":"2025-05-07T10:13:06","slug":"couteau-de-fermeture-extrema-ratio-mf1-noir-ruvido","status":"publish","type":"product","link":"https:\/\/www.moskito.cz\/fr\/produkt\/couteau-de-fermeture-extrema-ratio-mf1-noir-ruvido\/","title":{"rendered":"Couteau de fermeture Extrema Ratio MF1 NOIR RUVIDO"},"content":{"rendered":"<p>Couteau de fermeture <strong>Extrema Ratio<\/strong> MF1 NOIR RUVIDO.<\/p>\n<p>Tout ce qui vient d&rsquo;\u00eatre dit sur la s\u00e9rie MF s&rsquo;applique au mod\u00e8le MF1. Sa variante, le MF1 BC (\u00ab Belt Cutter \u00bb) est dot\u00e9 d&rsquo;un coupe-ceinture int\u00e9gr\u00e9 dans la poign\u00e9e, con\u00e7u pour accueillir une lame de coupe standard de qualit\u00e9 industrielle qui peut \u00eatre facilement remplac\u00e9e. Il dispose \u00e9galement d&rsquo;un tournevis int\u00e9gr\u00e9 pour r\u00e9gler l&rsquo;optique de l&rsquo;arme \u00e0 feu. Cette version est r\u00e9alis\u00e9e avec un manche rugueux pour une meilleure prise en main.<\/p>\n<p>POIDS G&nbsp;: 166<br \/>\nPOIDS ONCES&nbsp;: 5,9<br \/>\nLONGUEUR DE LA LAME (MM): 92<br \/>\nLONGUEUR DE LA LAME (POUCES)&nbsp;: 3,6<br \/>\nLONGUEUR TOTALE (MM): 227<br \/>\nLONGUEUR TOTALE (POUCES)&nbsp;: 8,9<br \/>\n\u00c9PAISSEUR DE LA LAME (MM): 4<br \/>\n\u00c9PAISSEUR DE LA LAME (POUCES)&nbsp;: 0,16<br \/>\nMAT\u00c9RIAU DE LA LAME&nbsp;: ACIER B\u00d6HLER N690 (58HRC)<br \/>\nTRAITEMENT DE SURFACE DE LA LAME&nbsp;: BRUSTAGE MIL-C-13924<br \/>\nGRILLE PRINCIPALE&nbsp;: PLATE<br \/>\nMAT\u00c9RIAU DE LA POIGN\u00c9E&nbsp;: ALUMINIUM ANODIS\u00c9 ANTICORROSION<\/p>\n","protected":false},"excerpt":{"rendered":"<p>Bas\u00e9e \u00e0 Prato, en Italie <strong>, Extrema Ratio<\/strong> con\u00e7oit et fabrique des couteaux de combat, militaires, de cuisine, de chasse et tactiques de haute performance depuis 1997 et jouit d&rsquo;une r\u00e9putation de qualit\u00e9 sup\u00e9rieure sans \u00e9gal dans l&rsquo;industrie des couteaux militaires et tactiques. <strong>Transports gratuits.<\/strong><\/p>\n","protected":false},"featured_media":335989,"comment_status":"open","ping_status":"closed","template":"","meta":[],"pwb-brand":[3767],"product_brand":[],"product_cat":[3700,3696],"product_tag":[3754],"class_list":{"0":"post-335988","1":"product","2":"type-product","3":"status-publish","4":"has-post-thumbnail","6":"pwb-brand-rapport-extreme","7":"product_cat-couteaux-de-fermeture","8":"product_cat-des-couteaux","9":"product_tag-b2b-fr","11":"first","12":"instock","13":"taxable","14":"shipping-taxable","15":"purchasable","16":"product-type-simple"},"brands":[{"id":3767,"name":"Rapport extr\u00eame","slug":"rapport-extreme"}],"_links":{"self":[{"href":"https:\/\/www.moskito.cz\/fr\/wp-json\/wp\/v2\/product\/335988","targetHints":{"allow":["GET"]}}],"collection":[{"href":"https:\/\/www.moskito.cz\/fr\/wp-json\/wp\/v2\/product"}],"about":[{"href":"https:\/\/www.moskito.cz\/fr\/wp-json\/wp\/v2\/types\/product"}],"replies":[{"embeddable":true,"href":"https:\/\/www.moskito.cz\/fr\/wp-json\/wp\/v2\/comments?post=335988"}],"wp:featuredmedia":[{"embeddable":true,"href":"https:\/\/www.moskito.cz\/fr\/wp-json\/wp\/v2\/media\/335989"}],"wp:attachment":[{"href":"https:\/\/www.moskito.cz\/fr\/wp-json\/wp\/v2\/media?parent=335988"}],"wp:term":[{"taxonomy":"pwb-brand","embeddable":true,"href":"https:\/\/www.moskito.cz\/fr\/wp-json\/wp\/v2\/pwb-brand?post=335988"},{"taxonomy":"product_brand","embeddable":true,"href":"https:\/\/www.moskito.cz\/fr\/wp-json\/wp\/v2\/product_brand?post=335988"},{"taxonomy":"product_cat","embeddable":true,"href":"https:\/\/www.moskito.cz\/fr\/wp-json\/wp\/v2\/product_cat?post=335988"},{"taxonomy":"product_tag","embeddable":true,"href":"https:\/\/www.moskito.cz\/fr\/wp-json\/wp\/v2\/product_tag?post=335988"}],"curies":[{"name":"wp","href":"https:\/\/api.w.org\/{rel}","templated":true}]}}