{"id":336113,"date":"2022-11-27T22:07:01","date_gmt":"2024-04-19T14:17:15","guid":{"rendered":"https:\/\/www.moskito.cz\/produkt\/ciseaux-multifonctions-sog-parashears-noir\/"},"modified":"2025-05-07T11:13:11","modified_gmt":"2025-05-07T10:13:11","slug":"ciseaux-multifonctions-sog-parashears-noir","status":"publish","type":"product","link":"https:\/\/www.moskito.cz\/fr\/produkt\/ciseaux-multifonctions-sog-parashears-noir\/","title":{"rendered":"Ciseaux multifonctions SOG PARASHEARS NOIR"},"content":{"rendered":"<p>Ciseaux multifonctions <strong>SOG<\/strong> PARASHEARS NOIR.<\/p>\n<p>Outil multifonction sp\u00e9cialement con\u00e7u pour les premiers intervenants, ParaShears est livr\u00e9 avec un kit d&rsquo;outils sp\u00e9cifiques \u00e0 la mission qui comprend 11 composants, dont des ciseaux, un coupe-sangle, un brise-verre, une cl\u00e9 \u00e0 oxyg\u00e8ne et une pince \u00e0 \u00e9piler. Utilisant la technologie brevet\u00e9e Compound Leverage de SOG, les ParaShears sont capables de couper des mat\u00e9riaux plus facilement et plus rapidement que les cisailles \u00e9quivalentes. Capable et fiable, ParaShears est un outil multifonctionnel con\u00e7u pour un travail rapide et pr\u00e9cis dans les conditions les plus stressantes des applications m\u00e9dicales.<\/p>\n<p>Ciseaux multi-outils pr\u00eats pour les urgences<br \/>\nOutil multifonctionnel avec 11 outils pour les ambulanciers et les sauveteurs. Fabriqu\u00e9 en acier inoxydable avec poign\u00e9e GRN. Il p\u00e8se 4,8 onces et est fabriqu\u00e9 \u00e0 partir de mat\u00e9riaux compatibles autoclave.<\/p>\n<p>EFFET DE LEVIER DU COMPOS\u00c9 SOG<br \/>\nLa technologie brevet\u00e9e Compound Leverage de SOG utilise plusieurs points de pivotement qui g\u00e9n\u00e8rent plus de levage de poign\u00e9e par rapport au mouvement de la pince. Le r\u00e9sultat est un avantage de levier qui permet une coupe plus fluide et plus facile.<\/p>\n<p>11 OUTIL<br \/>\nComprend une r\u00e8gle de pouce, une r\u00e8gle MM, des ciseaux, un coupe-fil, un brise-verre, une pince \u00e0 \u00e9piler, un Phillips n\u00b01, un d\u00e9capsuleur, une t\u00eate plate moyenne, un poin\u00e7on, un coupe-corde et une cl\u00e9 O2.<\/p>\n<p>TAILLE GLOBALE&nbsp;: 185&nbsp;mm<br \/>\nMAT\u00c9RIAU DE LA POIGN\u00c9E&nbsp;: Acier inoxydable et GRN<br \/>\nLONGUEUR DE LA LAME : 46 mm<br \/>\nLa couleur noire<br \/>\nPOIDS : 136 g<br \/>\nACIER&nbsp;: 3Cr13<br \/>\nLONGUEUR DU POIGN\u00c9E&nbsp;: 130&nbsp;mm<br \/>\nTYPE DE FUSIBLE : M\u00e9canisme rabattable<br \/>\n\u00c9PAISSEUR DE LA LAME&nbsp;: 2,5&nbsp;mm<br \/>\nMAT\u00c9RIAU DU BO\u00ceTIER&nbsp;: Nylon<\/p>\n<p><iframe title=\"Parashears\" width=\"800\" height=\"450\" src=\"https:\/\/www.youtube.com\/embed\/DOcOGQdJ56c?feature=oembed\" frameborder=\"0\" allow=\"accelerometer; autoplay; clipboard-write; encrypted-media; gyroscope; picture-in-picture; web-share\" referrerpolicy=\"strict-origin-when-cross-origin\" allowfullscreen><\/iframe><\/p>\n<p>&nbsp;<\/p>\n","protected":false},"excerpt":{"rendered":"<p>Les ParaShears sont des ciseaux m\u00e9dicaux multifonctionnels con\u00e7us pour un travail rapide et pr\u00e9cis dans les conditions les plus stressantes. Ils contiennent 11 outils cach\u00e9s dans les poign\u00e9es.<\/p>\n","protected":false},"featured_media":336114,"comment_status":"open","ping_status":"closed","template":"","meta":[],"pwb-brand":[3849],"product_brand":[],"product_cat":[3695],"product_tag":[3754],"class_list":{"0":"post-336113","1":"product","2":"type-product","3":"status-publish","4":"has-post-thumbnail","6":"pwb-brand-sog-fr","7":"product_cat-outil-multi-fonction","8":"product_tag-b2b-fr","10":"first","11":"instock","12":"taxable","13":"shipping-taxable","14":"purchasable","15":"product-type-simple"},"brands":[{"id":3849,"name":"SOG","slug":"sog-fr"}],"_links":{"self":[{"href":"https:\/\/www.moskito.cz\/fr\/wp-json\/wp\/v2\/product\/336113","targetHints":{"allow":["GET"]}}],"collection":[{"href":"https:\/\/www.moskito.cz\/fr\/wp-json\/wp\/v2\/product"}],"about":[{"href":"https:\/\/www.moskito.cz\/fr\/wp-json\/wp\/v2\/types\/product"}],"replies":[{"embeddable":true,"href":"https:\/\/www.moskito.cz\/fr\/wp-json\/wp\/v2\/comments?post=336113"}],"wp:featuredmedia":[{"embeddable":true,"href":"https:\/\/www.moskito.cz\/fr\/wp-json\/wp\/v2\/media\/336114"}],"wp:attachment":[{"href":"https:\/\/www.moskito.cz\/fr\/wp-json\/wp\/v2\/media?parent=336113"}],"wp:term":[{"taxonomy":"pwb-brand","embeddable":true,"href":"https:\/\/www.moskito.cz\/fr\/wp-json\/wp\/v2\/pwb-brand?post=336113"},{"taxonomy":"product_brand","embeddable":true,"href":"https:\/\/www.moskito.cz\/fr\/wp-json\/wp\/v2\/product_brand?post=336113"},{"taxonomy":"product_cat","embeddable":true,"href":"https:\/\/www.moskito.cz\/fr\/wp-json\/wp\/v2\/product_cat?post=336113"},{"taxonomy":"product_tag","embeddable":true,"href":"https:\/\/www.moskito.cz\/fr\/wp-json\/wp\/v2\/product_tag?post=336113"}],"curies":[{"name":"wp","href":"https:\/\/api.w.org\/{rel}","templated":true}]}}