{"id":336276,"date":"2024-04-19T17:06:02","date_gmt":"2024-04-19T16:06:02","guid":{"rendered":"https:\/\/www.moskito.cz\/produkt\/couteau-pliant-crkt-facet-k254tm390-en-edition-limitee\/"},"modified":"2025-05-07T11:13:13","modified_gmt":"2025-05-07T10:13:13","slug":"couteau-pliant-crkt-facet-k254tm390-en-edition-limitee","status":"publish","type":"product","link":"https:\/\/www.moskito.cz\/fr\/produkt\/couteau-pliant-crkt-facet-k254tm390-en-edition-limitee\/","title":{"rendered":"Couteau pliant CRKT Facet K254TM390 en \u00e9dition limit\u00e9e"},"content":{"rendered":"<p>Couteau pliant <strong>CRKT<\/strong> Facet K254TM390 en \u00e9dition limit\u00e9e.<\/p>\n<p><strong>Ken Onion<\/strong> est connu pour son design \u00e9l\u00e9gant et pratique et le K254TM390 ne fait pas exception. Les angles et les facettes du manche compl\u00e8tent le design fin et la forme angulaire de la lame. \u00c9quip\u00e9es du syst\u00e8me de broches \u00e0 roulement \u00e0 billes IKBS de CRKT, les raquettes \u00e0 lame s&rsquo;ouvrent comme vous ne le croiriez pas. La lame est fabriqu\u00e9e en acier Bohler M390 de qualit\u00e9 sup\u00e9rieure pour une r\u00e9tention exceptionnelle des bords et a une finition satin\u00e9e. Le verrou du cadre int\u00e9gr\u00e9 utilise une barre de verrouillage solide pour fixer fermement la lame. Gr\u00e2ce \u00e0 l&rsquo;ajout d&rsquo;un clip de poche semi-profonde, le Facet est facile \u00e0 transporter sans attirer l&rsquo;attention ni g\u00eaner.<\/p>\n<p>Cette version sp\u00e9ciale en \u00e9dition limit\u00e9e du populaire design Facet pr\u00e9sente une am\u00e9lioration substantielle des poign\u00e9es en acier et en titane avec un fantastique design \u00ab viral \u00bb. Limit\u00e9 \u00e0 500 pi\u00e8ces.<\/p>\n<p>\u00c0 propos du cr\u00e9ateur de couteaux<\/p>\n<p>Ken Onion \u2013 \u00ab Bien que je sois un collectionneur passionn\u00e9 de couteaux depuis mon enfance, collectionnant principalement des couteaux de stock et tout ce que je pouvais trouver, je n&rsquo;\u00e9tais pas au courant de l&rsquo;industrie des couteaux personnalis\u00e9s jusqu&rsquo;en 1989, lorsque j&rsquo;ai vu un num\u00e9ro de Knives Illustrated dans ma pharmacie locale. De l\u00e0, j&rsquo;ai trouv\u00e9 un coutelier local nomm\u00e9 Stan Fujisaka et je l&rsquo;ai suppli\u00e9 de m&rsquo;apprendre. J&rsquo;ai fabriqu\u00e9 mon premier couteau en novembre 1991 et depuis lors, je me remets d&rsquo;une op\u00e9ration au dos en 1996 et j&rsquo;ai d\u00e9cid\u00e9 de concevoir un dossier plus facile \u00e0 manipuler que ce qui \u00e9tait disponible et non une lame de tir. Le r\u00e9sultat a \u00e9t\u00e9 le premier couteau assist\u00e9, que j&rsquo;ai appel\u00e9 \u00ab\u00a0Speed \u200b\u200b\u200b\u200bSafe\u00a0\u00bb. Apr\u00e8s avoir pris connaissance de quelques informations sur l&rsquo;ensemble du processus de brevet et consult\u00e9 un avocat, j&rsquo;ai obtenu mon premier brevet et cr\u00e9\u00e9 une toute nouvelle cat\u00e9gorie de couteaux entre manuels et automatiques.<\/p>\n<p>Lame en acier M390<br \/>\nBord de lame uni<br \/>\nTraitement de surface de la lame satin\u00e9e<br \/>\nLongueur de la lame : 8,88 cm<br \/>\n\u00c9paisseur de la lame 0,31 cm<br \/>\nLongueur totale : 19,68 cm<br \/>\nLongueur ferm\u00e9 : 10,97 cm<br \/>\nPoids 3,00 onces. (85,05g)<\/p>\n","protected":false},"excerpt":{"rendered":"<p>DESIGNER<br \/>\nKen Oignon<br \/>\nKaneohe, Hawa\u00ef<br \/>\nKen est la vraie affaire. Ken, le plus jeune intronis\u00e9 au Temple de la renomm\u00e9e du magazine Blade en 2008, est reconnu comme l&rsquo;un des cr\u00e9ateurs de couteaux les plus innovants et les plus performants de tous les temps. En 1996, il a cr\u00e9\u00e9 le premier m\u00e9canisme d&rsquo;ouverture assist\u00e9e \u00e0 succ\u00e8s commercial et a d\u00e9voil\u00e9 20 ans plus tard sa technologie prim\u00e9e Field Strip. Aujourd&rsquo;hui, cette innovation qui change le monde \u00e9tablit une nouvelle norme avec la technologie Field Strip Gen II, une renaissance qui doit \u00eatre \u00e0 la hauteur de son nom.<\/p>\n","protected":false},"featured_media":336224,"comment_status":"open","ping_status":"closed","template":"","meta":[],"pwb-brand":[3762],"product_brand":[],"product_cat":[3700,3696],"product_tag":[3754],"class_list":{"0":"post-336276","1":"product","2":"type-product","3":"status-publish","4":"has-post-thumbnail","6":"pwb-brand-crkt-fr","7":"product_cat-couteaux-de-fermeture","8":"product_cat-des-couteaux","9":"product_tag-b2b-fr","11":"first","12":"instock","13":"taxable","14":"shipping-taxable","15":"purchasable","16":"product-type-simple"},"brands":[{"id":3762,"name":"CRKT","slug":"crkt-fr"}],"_links":{"self":[{"href":"https:\/\/www.moskito.cz\/fr\/wp-json\/wp\/v2\/product\/336276","targetHints":{"allow":["GET"]}}],"collection":[{"href":"https:\/\/www.moskito.cz\/fr\/wp-json\/wp\/v2\/product"}],"about":[{"href":"https:\/\/www.moskito.cz\/fr\/wp-json\/wp\/v2\/types\/product"}],"replies":[{"embeddable":true,"href":"https:\/\/www.moskito.cz\/fr\/wp-json\/wp\/v2\/comments?post=336276"}],"wp:featuredmedia":[{"embeddable":true,"href":"https:\/\/www.moskito.cz\/fr\/wp-json\/wp\/v2\/media\/336224"}],"wp:attachment":[{"href":"https:\/\/www.moskito.cz\/fr\/wp-json\/wp\/v2\/media?parent=336276"}],"wp:term":[{"taxonomy":"pwb-brand","embeddable":true,"href":"https:\/\/www.moskito.cz\/fr\/wp-json\/wp\/v2\/pwb-brand?post=336276"},{"taxonomy":"product_brand","embeddable":true,"href":"https:\/\/www.moskito.cz\/fr\/wp-json\/wp\/v2\/product_brand?post=336276"},{"taxonomy":"product_cat","embeddable":true,"href":"https:\/\/www.moskito.cz\/fr\/wp-json\/wp\/v2\/product_cat?post=336276"},{"taxonomy":"product_tag","embeddable":true,"href":"https:\/\/www.moskito.cz\/fr\/wp-json\/wp\/v2\/product_tag?post=336276"}],"curies":[{"name":"wp","href":"https:\/\/api.w.org\/{rel}","templated":true}]}}