{"id":336279,"date":"2020-12-02T21:14:04","date_gmt":"2024-04-22T08:43:25","guid":{"rendered":"https:\/\/www.moskito.cz\/produkt\/couteau-pliant-de-sport-joker\/"},"modified":"2025-07-11T07:53:04","modified_gmt":"2025-07-11T06:53:04","slug":"couteau-pliant-de-sport-joker","status":"publish","type":"product","link":"https:\/\/www.moskito.cz\/fr\/produkt\/couteau-pliant-de-sport-joker\/","title":{"rendered":"Couteau pliant de sport Joker"},"content":{"rendered":"<p>Couteau pliant de sport <strong>Joker<\/strong> .<br \/>\nLes couteaux Joker proviennent de la ville espagnole d&rsquo;Albacete, connue pour la production traditionnelle de couteaux et de poignards.<\/p>\n<p>Lame : acier au molybd\u00e8ne vanadium<br \/>\nManche : Bouleau fris\u00e9 et grenadille<br \/>\nLa lame mesure 8 cm et p\u00e8se 75 gr<\/p>\n<p><strong>Joker<\/strong> &#8211; Nous sommes une entreprise espagnole de renomm\u00e9e mondiale bas\u00e9e dans la ville d&rsquo;Albacete, reconnue dans le monde entier pour notre savoir-faire et nos ma\u00eetres couteaux.<\/p>\n<p>Joker fabrique soigneusement chacune de ses pi\u00e8ces \u00e0 la main.<\/p>\n<p>Depuis sa cr\u00e9ation en 1987, Joker s&rsquo;est toujours efforc\u00e9 de combiner l&rsquo;artisanat traditionnel avec une technologie de pointe dans chacun de ses produits.<\/p>\n<p>Joker perp\u00e9tue la fi\u00e8re tradition des fabricants de moz espagnols, proposant certaines des meilleures lames et poss\u00e9dant l&rsquo;une des plus grandes gammes de la plan\u00e8te.<\/p>\n","protected":false},"excerpt":{"rendered":"<p>Les couteaux <strong>Joker<\/strong> proviennent de la ville espagnole d&rsquo;Albacete, connue pour la production traditionnelle de couteaux et de poignards.<br \/>\n<strong>Con\u00e7u et fabriqu\u00e9 en Espagne (Albacete)<\/strong><\/p>\n","protected":false},"featured_media":192401,"comment_status":"open","ping_status":"closed","template":"","meta":[],"pwb-brand":[3873],"product_brand":[],"product_cat":[3700,3696],"product_tag":[],"class_list":{"0":"post-336279","1":"product","2":"type-product","3":"status-publish","4":"has-post-thumbnail","6":"pwb-brand-joker-fr","7":"product_cat-couteaux-de-fermeture","8":"product_cat-des-couteaux","10":"first","11":"instock","12":"taxable","13":"shipping-taxable","14":"purchasable","15":"product-type-simple"},"brands":[{"id":3873,"name":"Joker","slug":"joker-fr"}],"_links":{"self":[{"href":"https:\/\/www.moskito.cz\/fr\/wp-json\/wp\/v2\/product\/336279","targetHints":{"allow":["GET"]}}],"collection":[{"href":"https:\/\/www.moskito.cz\/fr\/wp-json\/wp\/v2\/product"}],"about":[{"href":"https:\/\/www.moskito.cz\/fr\/wp-json\/wp\/v2\/types\/product"}],"replies":[{"embeddable":true,"href":"https:\/\/www.moskito.cz\/fr\/wp-json\/wp\/v2\/comments?post=336279"}],"wp:featuredmedia":[{"embeddable":true,"href":"https:\/\/www.moskito.cz\/fr\/wp-json\/wp\/v2\/media\/192401"}],"wp:attachment":[{"href":"https:\/\/www.moskito.cz\/fr\/wp-json\/wp\/v2\/media?parent=336279"}],"wp:term":[{"taxonomy":"pwb-brand","embeddable":true,"href":"https:\/\/www.moskito.cz\/fr\/wp-json\/wp\/v2\/pwb-brand?post=336279"},{"taxonomy":"product_brand","embeddable":true,"href":"https:\/\/www.moskito.cz\/fr\/wp-json\/wp\/v2\/product_brand?post=336279"},{"taxonomy":"product_cat","embeddable":true,"href":"https:\/\/www.moskito.cz\/fr\/wp-json\/wp\/v2\/product_cat?post=336279"},{"taxonomy":"product_tag","embeddable":true,"href":"https:\/\/www.moskito.cz\/fr\/wp-json\/wp\/v2\/product_tag?post=336279"}],"curies":[{"name":"wp","href":"https:\/\/api.w.org\/{rel}","templated":true}]}}