{"id":336286,"date":"2022-10-22T20:56:17","date_gmt":"2024-04-22T08:47:57","guid":{"rendered":"https:\/\/www.moskito.cz\/produkt\/couteau-de-tir-heretic-knives-wraith-auto-black-dlc-h000-4a-t\/"},"modified":"2025-05-07T11:13:15","modified_gmt":"2025-05-07T10:13:15","slug":"couteau-de-tir-heretic-knives-wraith-auto-black-dlc-h000-4a-t","status":"publish","type":"product","link":"https:\/\/www.moskito.cz\/fr\/produkt\/couteau-de-tir-heretic-knives-wraith-auto-black-dlc-h000-4a-t\/","title":{"rendered":"Couteau de tir Heretic Knives Wraith Auto Black DLC H000-4A-T"},"content":{"rendered":"<p>Couteau de tir <strong>Heretic Knives<\/strong> Wraith Auto Black DLC H000-4A-T<\/p>\n<p>Le Wraith Auto est un couteau tr\u00e8s polyvalent dot\u00e9 d&rsquo;un ch\u00e2ssis principal monobloc int\u00e9gr\u00e9 et d&rsquo;un support s\u00e9par\u00e9 pour loger le m\u00e9canisme automatique. Il s\u2019agit d\u2019un couteau travailleur qui prend des coups mais qui a l\u2019air \u00e9l\u00e9gant en m\u00eame temps.<\/p>\n<p>Ce Wraith Auto est une version tactique avec une lame \u00e0 point tombant recouverte de DLC noir avec un manche en aluminium noir et une fibre de carbone marbr\u00e9e.<\/p>\n<p>Mat\u00e9riau de la lame : Elmax<br \/>\nStyle de lame&nbsp;:&nbsp;pointe de chute<br \/>\nLongueur de la lame : 9 cm<br \/>\nLongueur totale : 22 cm<br \/>\nMat\u00e9riau du manche : Aluminium anodis\u00e9 noir et support CF marbr\u00e9<br \/>\nSyst\u00e8me de verrouillage&nbsp;: bouton\/verrouillage plongeant<br \/>\nPoids : 5,07 onces<br \/>\nClip de poche&nbsp;: main droite Pointe vers le bas<br \/>\nPays d&rsquo;origine : \u00c9tats-Unis<\/p>\n","protected":false},"excerpt":{"rendered":"<p>Tous nos couteaux sont fabriqu\u00e9s aux \u00c9tats-Unis et nous le conserverons ainsi. Lorsque vous achetez l&rsquo;un de nos couteaux, vous pouvez avoir confiance en votre outil en sachant qu&rsquo;il est soutenu par une entreprise am\u00e9ricaine. Nos couteaux sont fabriqu\u00e9s en petits lots pour vous assurer d&rsquo;obtenir un couteau de qualit\u00e9 qui attire l&rsquo;attention que les autres couteaux produits en s\u00e9rie n&rsquo;obtiennent pas&nbsp;!!<\/p>\n","protected":false},"featured_media":336287,"comment_status":"open","ping_status":"closed","template":"","meta":[],"pwb-brand":[3758],"product_brand":[],"product_cat":[3699,3696],"product_tag":[],"class_list":{"0":"post-336286","1":"product","2":"type-product","3":"status-publish","4":"has-post-thumbnail","6":"pwb-brand-couteaux-heretiques","7":"product_cat-couteaux-de-tir","8":"product_cat-des-couteaux","10":"first","11":"outofstock","12":"taxable","13":"shipping-taxable","14":"purchasable","15":"product-type-simple"},"brands":[{"id":3758,"name":"Couteaux h\u00e9r\u00e9tiques","slug":"couteaux-heretiques"}],"_links":{"self":[{"href":"https:\/\/www.moskito.cz\/fr\/wp-json\/wp\/v2\/product\/336286","targetHints":{"allow":["GET"]}}],"collection":[{"href":"https:\/\/www.moskito.cz\/fr\/wp-json\/wp\/v2\/product"}],"about":[{"href":"https:\/\/www.moskito.cz\/fr\/wp-json\/wp\/v2\/types\/product"}],"replies":[{"embeddable":true,"href":"https:\/\/www.moskito.cz\/fr\/wp-json\/wp\/v2\/comments?post=336286"}],"wp:featuredmedia":[{"embeddable":true,"href":"https:\/\/www.moskito.cz\/fr\/wp-json\/wp\/v2\/media\/336287"}],"wp:attachment":[{"href":"https:\/\/www.moskito.cz\/fr\/wp-json\/wp\/v2\/media?parent=336286"}],"wp:term":[{"taxonomy":"pwb-brand","embeddable":true,"href":"https:\/\/www.moskito.cz\/fr\/wp-json\/wp\/v2\/pwb-brand?post=336286"},{"taxonomy":"product_brand","embeddable":true,"href":"https:\/\/www.moskito.cz\/fr\/wp-json\/wp\/v2\/product_brand?post=336286"},{"taxonomy":"product_cat","embeddable":true,"href":"https:\/\/www.moskito.cz\/fr\/wp-json\/wp\/v2\/product_cat?post=336286"},{"taxonomy":"product_tag","embeddable":true,"href":"https:\/\/www.moskito.cz\/fr\/wp-json\/wp\/v2\/product_tag?post=336286"}],"curies":[{"name":"wp","href":"https:\/\/api.w.org\/{rel}","templated":true}]}}