{"id":336356,"date":"2021-09-22T09:35:12","date_gmt":"2024-04-22T13:14:56","guid":{"rendered":"https:\/\/www.moskito.cz\/produkt\/couteau-pliant-sog-trident-at-noir-rouge-tanto\/"},"modified":"2025-05-07T11:13:16","modified_gmt":"2025-05-07T10:13:16","slug":"couteau-pliant-sog-trident-at-noir-rouge-tanto","status":"publish","type":"product","link":"https:\/\/www.moskito.cz\/fr\/produkt\/couteau-pliant-sog-trident-at-noir-rouge-tanto\/","title":{"rendered":"Couteau Pliant SOG Trident AT Noir &amp; Rouge Tanto"},"content":{"rendered":"<p>Couteau pliant <strong>SOG<\/strong> Trident AT Noir &amp; Rouge Tanto.<\/p>\n<p>Con\u00e7u pour les utilisateurs professionnels, le Trident AT est dot\u00e9 d&rsquo;une ouverture assist\u00e9e rapide avec le verrou double face innovant AT-XR de <strong>SOG<\/strong> , ainsi que d&rsquo;un coupe-fil et d&rsquo;un brise-verre int\u00e9gr\u00e9s. Le Trident AT est facile \u00e0 transporter, avec une lame en acier inoxydable D2 haute performance trait\u00e9e thermiquement cryog\u00e9niquement. Son puissant m\u00e9canisme de verrouillage AT-XR dispose \u00e9galement d&rsquo;une s\u00e9curit\u00e9 de verrouillage de lame int\u00e9gr\u00e9e et d&rsquo;un syst\u00e8me de s\u00e9curit\u00e9 mont\u00e9 sur la colonne vert\u00e9brale. Un autre d\u00e9veloppement dans le domaine : le Trident qui a fait ses preuves.<br \/>\nCONCEPTION BUT<br \/>\nChaque \u00e9l\u00e9ment du Trident AT a \u00e9t\u00e9 d\u00e9velopp\u00e9 pour les situations extr\u00eames ou d&rsquo;urgence &#8211; y compris l&rsquo;ouverture rapide de la lame, le coupe-fil et le brise-verre &#8211; le tout parfaitement int\u00e9gr\u00e9 \u00e0 la texture hautement adh\u00e9rente et \u00e0 la poign\u00e9e durable.<\/p>\n<p>&nbsp;<\/p>\n<p>SERRURE AT-XR<\/p>\n<p>Le verrou XR brevet\u00e9 de SOG avec technologie assist\u00e9e (AT) permet une ouverture rapide d&rsquo;une seule main et un verrouillage ferme une fois ouvert. Fiable et puissant, capable de r\u00e9sister \u00e0 une force de 1 500 livres, le verrou AT-XR offre une s\u00e9curit\u00e9 int\u00e9gr\u00e9e maximale pour verrouiller la lame lors de l&rsquo;ouverture, garantissant qu&rsquo;elle ne s&rsquo;ouvre que lorsque pr\u00e9vu.<\/p>\n<p>S\u00c9CURIT\u00c9 2.0<\/p>\n<p>SOG a travaill\u00e9 avec les utilisateurs pour d\u00e9velopper une s\u00e9curit\u00e9 bidirectionnelle aussi simple que rapide. Con\u00e7u pour \u00eatre intuitif et utiliser des mouvements naturels de la main, cela signifie que vous n&rsquo;avez pas besoin de rompre votre prise pour l&rsquo;utiliser. Une fois ouvert, il se verrouille comme un arr\u00eat de pouce. Tout ce que devrait \u00eatre la s\u00e9curit\u00e9.<\/p>\n<p>LAME EN ACIER CRYO D2<\/p>\n<p>Un acier \u00e0 outils polyvalent \u00e0 haute teneur en carbone trait\u00e9 thermiquement par cryog\u00e9nie selon les sp\u00e9cifications de performance uniques de SOG. D2 offre la combinaison id\u00e9ale de r\u00e9tention des bords et de durabilit\u00e9 pour une utilisation \u00e0 long terme avec un entretien facile.<\/p>\n<p>Longueur totale : 22,5 cm<br \/>\nLongueur de la lame : 9 cm<br \/>\nPoids : 5,15 onces<br \/>\nType de lame en acier&nbsp;: Cryo D2<br \/>\nMat\u00e9riau du manche : GRN<br \/>\nCouleur du manche : Noir<br \/>\nCouleur de surbrillance : Rouge<br \/>\nCaract\u00e9ristiques : Boucle de cha\u00eene, coupe-verre, brise-verre<br \/>\nFinition : Nitrure de titane<br \/>\nM\u00e9canisme de verrouillage : AT-XR<br \/>\nS\u00e9curit\u00e9 : S\u00e9curit\u00e9 bidirectionnelle<br \/>\nM\u00e9canisme d&rsquo;ouverture : Pouce Assist\u00e9<\/p>\n<p>Notre histoire commence au Vietnam, o\u00f9 des membres de la force d&rsquo;op\u00e9rations sp\u00e9ciales tr\u00e8s secr\u00e8te am\u00e9ricaine &#8211; connue sous le nom de MACV &#8211; <strong>SOG<\/strong> &#8211; transportaient un couteau secret unique dans la jungle lors de missions secr\u00e8tes. Quelques ann\u00e9es plus tard, en 1986, ce couteau a inspir\u00e9 un jeune designer nomm\u00e9 Spencer Frazer \u00e0 fonder SOG Specialty Knives. Sa mission : reproduire le couteau SOG Bowie original et rendre hommage \u00e0 l&rsquo;unit\u00e9 des op\u00e9rations sp\u00e9ciales qui l&rsquo;a cr\u00e9\u00e9. Ce qui a commenc\u00e9 comme un mod\u00e8le comm\u00e9moratif unique est rapidement devenu toute une gamme d&rsquo;outils innovants &#8211; \u00e9prouv\u00e9s par les forces sp\u00e9ciales am\u00e9ricaines, et m\u00eame r\u00e9compens\u00e9s comme le couteau de choix des Navy SEAL. Aujourd&rsquo;hui, les couteaux SOG sont port\u00e9s en toute confiance dans les situations les plus exigeantes. Forg\u00e9 dans la tradition, endurci sur le terrain, d\u00e9pos\u00e9 pour vous.<\/p>\n<p>Que vous prot\u00e9giez les autres ou meniez une exp\u00e9dition de chasse \u00e9pique, releviez l&rsquo;un des d\u00e9fis quotidiens de la vie ou affrontiez les conditions les plus extr\u00eames \u00e0 ce jour, faites votre chemin avec SOG.<\/p>\n<p>Con\u00e7u pour les utilisateurs professionnels, le Trident AT offre une ouverture assist\u00e9e rapide avec le verrou ambidextre innovant AT-XR de SOG, ainsi qu&rsquo;un coupe-fil et un brise-verre int\u00e9gr\u00e9s. Le Trident AT est facile \u00e0 transporter, avec une lame en acier inoxydable D2 hautement fonctionnelle de 3,75&Prime; trait\u00e9e thermiquement cryog\u00e9niquement. Son puissant m\u00e9canisme de verrouillage AT-XR comprend \u00e9galement une s\u00e9curit\u00e9 de verrouillage de lame int\u00e9gr\u00e9e et un syst\u00e8me de s\u00e9curit\u00e9 mont\u00e9 sur la colonne vert\u00e9brale. La prochaine \u00e9volution du Trident \u00e9prouv\u00e9 sur le terrain.<\/p>\n<p>Longueur totale<br \/>\n9.03&Prime;<br \/>\nLongueur ferm\u00e9e<br \/>\n5,33&Prime;<br \/>\nLongueur de la lame<br \/>\n3,7&Prime;<br \/>\nPoids<br \/>\n5,15 onces<br \/>\nType d&rsquo;acier de lame<br \/>\nCryo D2<br \/>\n\u00c9paisseur de la lame<br \/>\n0,12&Prime;<br \/>\nMat\u00e9riau du manche<br \/>\nVERT<br \/>\nCouleur de la poign\u00e9e<br \/>\nNoir<br \/>\nCouleur d&rsquo;accentuation<br \/>\n\u00c9d<br \/>\nCaract\u00e9ristiques<br \/>\nBoucle de longe, coupe-ligne, brise-verre<br \/>\nFinition<br \/>\nNitrure de titane<br \/>\nM\u00e9canisme de verrouillage<br \/>\nAT-XR<br \/>\nS\u00e9curit\u00e9<br \/>\nS\u00e9curit\u00e9 ambidextre mont\u00e9e sur la colonne vert\u00e9brale<br \/>\nM\u00e9canisme d&rsquo;ouverture<br \/>\nGoujon de pouce assist\u00e9<br \/>\nPays d&rsquo;origine<br \/>\nTa\u00efwan<br \/>\nType de bord<br \/>\nDroit<\/p>\n","protected":false},"excerpt":{"rendered":"<div class=\"elementor-element elementor-element-bbb542b elementor-widget elementor-widget-woocommerce-product-short-description\" data-id=\"bbb542b\" data-element_type=\"widget\" data-widget_type=\"woocommerce-product-short-description.default\">\n<div class=\"elementor-widget-container\">\n<div class=\"woocommerce-product-details__short-description\">\n<div class=\"elementor-element elementor-element-bbb542b elementor-widget elementor-widget-woocommerce-product-short-description\" data-id=\"bbb542b\" data-element_type=\"widget\" data-widget_type=\"woocommerce-product-short-description.default\">\n<div class=\"elementor-widget-container\">\n<div class=\"woocommerce-product-details__short-description\">\n<p>Que vous prot\u00e9giez les autres ou meniez une exp\u00e9dition de chasse \u00e9pique, releviez l&rsquo;un des d\u00e9fis quotidiens de la vie ou affrontiez les conditions les plus extr\u00eames \u00e0 ce jour, faites votre chemin avec <strong>SOG<\/strong> .<\/p>\n<p><strong>Nous offrons une garantie \u00e0 vie sur tous les couteaux SOG&nbsp;!<\/strong><\/p>\n<\/div>\n<\/div>\n<\/div>\n<\/div>\n<\/div>\n<\/div>\n","protected":false},"featured_media":336357,"comment_status":"open","ping_status":"closed","template":"","meta":[],"pwb-brand":[3849],"product_brand":[],"product_cat":[3700,3696],"product_tag":[3754],"class_list":{"0":"post-336356","1":"product","2":"type-product","3":"status-publish","4":"has-post-thumbnail","6":"pwb-brand-sog-fr","7":"product_cat-couteaux-de-fermeture","8":"product_cat-des-couteaux","9":"product_tag-b2b-fr","11":"first","12":"outofstock","13":"taxable","14":"shipping-taxable","15":"purchasable","16":"product-type-simple"},"brands":[{"id":3849,"name":"SOG","slug":"sog-fr"}],"_links":{"self":[{"href":"https:\/\/www.moskito.cz\/fr\/wp-json\/wp\/v2\/product\/336356","targetHints":{"allow":["GET"]}}],"collection":[{"href":"https:\/\/www.moskito.cz\/fr\/wp-json\/wp\/v2\/product"}],"about":[{"href":"https:\/\/www.moskito.cz\/fr\/wp-json\/wp\/v2\/types\/product"}],"replies":[{"embeddable":true,"href":"https:\/\/www.moskito.cz\/fr\/wp-json\/wp\/v2\/comments?post=336356"}],"wp:featuredmedia":[{"embeddable":true,"href":"https:\/\/www.moskito.cz\/fr\/wp-json\/wp\/v2\/media\/336357"}],"wp:attachment":[{"href":"https:\/\/www.moskito.cz\/fr\/wp-json\/wp\/v2\/media?parent=336356"}],"wp:term":[{"taxonomy":"pwb-brand","embeddable":true,"href":"https:\/\/www.moskito.cz\/fr\/wp-json\/wp\/v2\/pwb-brand?post=336356"},{"taxonomy":"product_brand","embeddable":true,"href":"https:\/\/www.moskito.cz\/fr\/wp-json\/wp\/v2\/product_brand?post=336356"},{"taxonomy":"product_cat","embeddable":true,"href":"https:\/\/www.moskito.cz\/fr\/wp-json\/wp\/v2\/product_cat?post=336356"},{"taxonomy":"product_tag","embeddable":true,"href":"https:\/\/www.moskito.cz\/fr\/wp-json\/wp\/v2\/product_tag?post=336356"}],"curies":[{"name":"wp","href":"https:\/\/api.w.org\/{rel}","templated":true}]}}