{"id":336368,"date":"2021-10-18T21:24:53","date_gmt":"2024-04-22T14:40:03","guid":{"rendered":"https:\/\/www.moskito.cz\/?post_type=product&#038;p=336368"},"modified":"2026-04-15T06:45:14","modified_gmt":"2026-04-15T05:45:14","slug":"pince-multifonctions-sog-poweraccess-deluxe","status":"publish","type":"product","link":"https:\/\/www.moskito.cz\/fr\/produkt\/pince-multifonctions-sog-poweraccess-deluxe\/","title":{"rendered":"Pince multifonctions SOG POWERACCESS DELUXE"},"content":{"rendered":"<p>Notre histoire commence au Vietnam, o\u00f9 des membres de la force d&rsquo;op\u00e9rations sp\u00e9ciales tr\u00e8s secr\u00e8te am\u00e9ricaine &#8211; connue sous le nom de MACV &#8211; <strong>SOG<\/strong> &#8211; transportaient un couteau secret unique dans la jungle lors de missions secr\u00e8tes. Quelques ann\u00e9es plus tard, en 1986, ce couteau a inspir\u00e9 un jeune designer nomm\u00e9 Spencer Frazer \u00e0 fonder <strong>SOG<\/strong> Specialty Knives. Sa mission : reproduire le couteau <strong>SOG<\/strong> Bowie original et rendre hommage \u00e0 l&rsquo;unit\u00e9 des op\u00e9rations sp\u00e9ciales qui l&rsquo;a cr\u00e9\u00e9. Ce qui a commenc\u00e9 comme un mod\u00e8le comm\u00e9moratif unique est rapidement devenu toute une gamme d&rsquo;outils innovants &#8211; \u00e9prouv\u00e9s par les forces sp\u00e9ciales am\u00e9ricaines, et m\u00eame r\u00e9compens\u00e9s comme le couteau de choix des Navy SEAL. Aujourd&rsquo;hui, les couteaux SOG sont port\u00e9s en toute confiance dans les situations les plus exigeantes. Forg\u00e9 dans la tradition, endurci sur le terrain, d\u00e9pos\u00e9 pour vous.<\/p>\n<p>Que vous prot\u00e9giez les autres ou meniez une exp\u00e9dition de chasse \u00e9pique, releviez l&rsquo;un des d\u00e9fis quotidiens de la vie ou affrontiez les conditions les plus extr\u00eames \u00e0 ce jour, faites votre chemin avec <strong>SOG<\/strong> .<\/p>\n<p>Pince multifonction <strong>SOG<\/strong> POWERACCESS DELUXE.<\/p>\n<p>PowerAccess Deluxe poss\u00e8de le plus grand nombre d&rsquo;outils de tous les produits SOG \u00e0 ce jour (21). Deluxe dispose d&rsquo;un effet de levier SOG pour une force de pr\u00e9hension maximale. Il est log\u00e9 dans un \u00e9tui en nylon avec un jeu hexagonal de 12 pi\u00e8ces.<\/p>\n<p><strong>Doit avoir plusieurs outils<\/strong><br \/>\nVoici un petit conseil : si vous allez \u00e0 l&rsquo;universit\u00e9 ou si vous sortez seul, un outil polyvalent comme PowerAccess Deluxe vous sera certainement utile.<\/p>\n<p><strong>Il contient 21 instruments, le plus grand nombre de tous les multi SOG.<\/strong><br \/>\nComprend des t\u00eates de pinces \u00e0 levier compos\u00e9 pour une ouverture et une fermeture en douceur et une force de pr\u00e9hension accrue. Un total de 21 outils sont contenus dans le PowerAccess Deluxe robuste en acier inoxydable, dont deux couteaux utilitaires, un ouvre-bo\u00eete et d\u00e9capsuleur, une scie \u00e0 bois, deux tournevis \u00e0 t\u00eate plate, un tournevis cruciforme et un tournevis 1\/4&Prime; avec une cl\u00e9 hexagonale. jeu de bits.<\/p>\n<p><strong>21 OUTILS<\/strong><br \/>\nComprend deux couteaux, un ouvre-bo\u00eete et un ouvre-bouteille, une scie \u00e0 bois, deux tournevis \u00e0 t\u00eate plate, un tournevis \u00e0 bijoux et un tournevis 1\/4&Prime; avec jeu hexagonal.<\/p>\n<p><strong>LEVIER COMPOS\u00c9<\/strong><br \/>\nLa technologie brevet\u00e9e Compound Leverage de SOG fonctionne en utilisant plusieurs points de pivotement qui g\u00e9n\u00e8rent plus de mouvement dans la poign\u00e9e par rapport au mouvement de la pince. Le r\u00e9sultat est un avantage de levier environ deux fois sup\u00e9rieur \u00e0 celui d&rsquo;un outil multifonction classique, rendant chaque coupe plus fluide et plus facile.<\/p>\n<p><strong>CONSTRUCTION EN ACIER INOXYDABLE 5CR15MOV<\/strong><br \/>\nAciers inoxydables polyvalents avec des propri\u00e9t\u00e9s similaires \u00e0 celles des meilleurs m\u00e9taux de la s\u00e9rie 440, offrant une bonne capacit\u00e9 d&rsquo;aff\u00fbtage, une bonne r\u00e9tention des bords et une r\u00e9sistance \u00e9lev\u00e9e \u00e0 la corrosion.<\/p>\n<p>POIDS DU PRODUIT : 8,70 oz<br \/>\nTYPE DE LAME EN ACIER : Inox<br \/>\nFINI&nbsp;: Lavage \u00e0 la pierre<br \/>\nNOMBRE D&rsquo;OUTILS : 21<br \/>\nTYPE DE LAME EN ACIER : Inox<br \/>\nDOSSIER 3 FACE<br \/>\nR\u00c9SIDENCE<br \/>\nOUVRE-BOUTEILLE<br \/>\nOUVREUR<br \/>\nLAME ENTI\u00c8REMENT DENT\u00c9E<br \/>\nCOUPE-FIL DUR<br \/>\nTOURNEVIS PLAT MOYEN<br \/>\nPINCE \u00c0 BOUT AIGUILLE<br \/>\nTOURNEVIS PHILIPS<br \/>\nRAPPORTEUR<br \/>\nR\u00c8GLE<br \/>\nJEU D&rsquo;EMBOUTS HEXAGONAUX DE 12 PI\u00c8CES<\/p>\n<p>Le PowerAccess Deluxe poss\u00e8de le plus grand nombre d&rsquo;outils de tous les produits SOG \u00e0 ce jour (21). Le Deluxe est dot\u00e9 d&rsquo;un levier compos\u00e9 SOG pour une force de pr\u00e9hension maximale. Log\u00e9 dans une gaine en nylon avec un kit d&#8217;embouts hexagonaux de 12 pi\u00e8ces.<\/p>\n<p>Doit avoir un multi-outil<br \/>\nVoici un petit conseil : si vous partez \u00e0 l&rsquo;universit\u00e9 ou si vous vous lancez seul, un outil multifonction comme le PowerAccess Deluxe vous sera sans aucun doute utile.<\/p>\n<p>Comprend 21 outils, le plus pour n&rsquo;importe quel outil multifonction SOG<br \/>\nComprend des t\u00eates de pince \u00e0 levier compos\u00e9 pour une ouverture et une fermeture en douceur et une puissance de pr\u00e9hension accrue. Un total de 21 outils sont pr\u00e9sents sur le PowerAccess Deluxe robuste en acier inoxydable, dont deux lames de couteau, un ouvre-bo\u00eete et un ouvre-bouteille, une scie \u00e0 bois, deux tournevis plats, un tournevis cruciforme et un tournevis 1\/4&Prime; avec kit d&#8217;embouts hexagonaux.<\/p>\n<p>21 OUTILS<br \/>\nComprend deux lames de couteau, un ouvre-bo\u00eete et un ouvre-bouteille, une scie \u00e0 bois, deux tournevis plats, un tournevis \u00e0 bijoux et un tournevis 1\/4&Prime; avec kit d&#8217;embouts hexagonaux.<\/p>\n<p>LEVIER COMPOS\u00c9<br \/>\nLa technologie exclusive Compound Leverage de SOG fonctionne en utilisant plusieurs points de pivotement qui g\u00e9n\u00e8rent une plus grande course de la poign\u00e9e par rapport au mouvement de la pince. Le r\u00e9sultat est un avantage de levier d&rsquo;environ deux fois la puissance d&rsquo;un outil multifonction classique, ce qui rend chaque coupe plus fluide et plus facile.<\/p>\n<p>CONSTRUCTION EN ACIER INOXYDABLE 5CR15MOV<br \/>\nAciers inoxydables polyvalents avec des qualit\u00e9s similaires \u00e0 celles des meilleurs m\u00e9taux de la s\u00e9rie 440, offrant une bonne capacit\u00e9 d&rsquo;aff\u00fbtage, une bonne r\u00e9tention des bords et une r\u00e9sistance \u00e9lev\u00e9e \u00e0 la corrosion.<\/p>\n<p>POIDS DU PRODUIT<br \/>\n8,70 onces<br \/>\nCUP<br \/>\n729857008037<br \/>\nTYPE DE LAME EN ACIER<br \/>\nAcier inoxydable<br \/>\nPAYS D&rsquo;ORIGINE<br \/>\nChine<br \/>\nFINITION<br \/>\nLavage \u00e0 la pierre<br \/>\nCOMPTE D&rsquo;OUTILS<br \/>\n21<br \/>\nTYPE DE LAME EN ACIER<br \/>\nAcier inoxydable<br \/>\nENTRA\u00ceNEMENT 1\/4&Prime;<br \/>\nOui<br \/>\nDOSSIER 3 FACE<br \/>\nOui<br \/>\nPOIN\u00c7ON<br \/>\nOui<br \/>\nOUVRE-BOUTEILLE<br \/>\nOui<br \/>\nOUVRE-BO\u00ceTE<br \/>\nOui<br \/>\nLAME ENTI\u00c8REMENT DENT\u00c9E<br \/>\nOui<br \/>\nPINCE<br \/>\nOui<br \/>\nCOUPE-FIL DUR<br \/>\nOui<br \/>\nTOURNEVIS PLAT MOYEN<br \/>\nOui<br \/>\nPINCE \u00c0 BEC AIGUILLE<br \/>\nOui<br \/>\nTOURNEVIS PHILIPS<br \/>\nOui<br \/>\nRAPPORTEUR<br \/>\nOui<br \/>\nR\u00c8GLE<br \/>\nOui<br \/>\nKIT D&rsquo;EMBOUTS HEXAGONAUX DE 12 PI\u00c8CES<br \/>\nOui<\/p>\n<p>&nbsp;<\/p>\n<p>&nbsp;<\/p>\n<p>&nbsp;<\/p>\n","protected":false},"excerpt":{"rendered":"<p>Que vous prot\u00e9giez les autres ou meniez une exp\u00e9dition de chasse \u00e9pique, releviez l&rsquo;un des d\u00e9fis quotidiens de la vie ou affrontiez les conditions les plus extr\u00eames \u00e0 ce jour, faites votre chemin avec <strong>SOG<\/strong> .<\/p>\n<p><strong>Nous offrons une garantie \u00e0 vie sur tous les couteaux SOG&nbsp;!<\/strong><\/p>\n","protected":false},"featured_media":336369,"comment_status":"open","ping_status":"closed","template":"","meta":[],"pwb-brand":[3849],"product_brand":[],"product_cat":[3695],"product_tag":[3754],"class_list":{"0":"post-336368","1":"product","2":"type-product","3":"status-publish","4":"has-post-thumbnail","6":"pwb-brand-sog-fr","7":"product_cat-outil-multi-fonction","8":"product_tag-b2b-fr","10":"first","11":"instock","12":"taxable","13":"shipping-taxable","14":"purchasable","15":"product-type-simple"},"brands":[{"id":3849,"name":"SOG","slug":"sog-fr"}],"_links":{"self":[{"href":"https:\/\/www.moskito.cz\/fr\/wp-json\/wp\/v2\/product\/336368","targetHints":{"allow":["GET"]}}],"collection":[{"href":"https:\/\/www.moskito.cz\/fr\/wp-json\/wp\/v2\/product"}],"about":[{"href":"https:\/\/www.moskito.cz\/fr\/wp-json\/wp\/v2\/types\/product"}],"replies":[{"embeddable":true,"href":"https:\/\/www.moskito.cz\/fr\/wp-json\/wp\/v2\/comments?post=336368"}],"wp:featuredmedia":[{"embeddable":true,"href":"https:\/\/www.moskito.cz\/fr\/wp-json\/wp\/v2\/media\/336369"}],"wp:attachment":[{"href":"https:\/\/www.moskito.cz\/fr\/wp-json\/wp\/v2\/media?parent=336368"}],"wp:term":[{"taxonomy":"pwb-brand","embeddable":true,"href":"https:\/\/www.moskito.cz\/fr\/wp-json\/wp\/v2\/pwb-brand?post=336368"},{"taxonomy":"product_brand","embeddable":true,"href":"https:\/\/www.moskito.cz\/fr\/wp-json\/wp\/v2\/product_brand?post=336368"},{"taxonomy":"product_cat","embeddable":true,"href":"https:\/\/www.moskito.cz\/fr\/wp-json\/wp\/v2\/product_cat?post=336368"},{"taxonomy":"product_tag","embeddable":true,"href":"https:\/\/www.moskito.cz\/fr\/wp-json\/wp\/v2\/product_tag?post=336368"}],"curies":[{"name":"wp","href":"https:\/\/api.w.org\/{rel}","templated":true}]}}