{"id":336421,"date":"2022-04-26T20:53:17","date_gmt":"2024-04-22T14:48:31","guid":{"rendered":"https:\/\/www.moskito.cz\/produkt\/pince-multifonctions-sog-powerlock-noir-scissors-nylon-pouch\/"},"modified":"2025-05-07T11:13:18","modified_gmt":"2025-05-07T10:13:18","slug":"pince-multifonctions-sog-powerlock-noir-scissors-nylon-pouch","status":"publish","type":"product","link":"https:\/\/www.moskito.cz\/fr\/produkt\/pince-multifonctions-sog-powerlock-noir-scissors-nylon-pouch\/","title":{"rendered":"Pince multifonctions SOG POWERLOCK NOIR SCISSORS NYLON POUCH"},"content":{"rendered":"<p>Pince multifonctionnelle <strong>SOG<\/strong> POWERLOCK CISEAUX NOIR POCHETTE EN NYLON.<\/p>\n<p>Avec le ch\u00e2ssis PowerLock \u00e9prouv\u00e9, SOG est la seule entreprise \u00e0 appliquer la technologie de levier compos\u00e9 \u00e0 l&rsquo;EOD (Explosive Ordnance Disposal). Cela facilite le sertissage des couvercles de jet et de la ligne de d\u00e9molition avec moins de pression manuelle. Une autre caract\u00e9ristique unique de la SOG est le placement du dispositif de sertissage dans la poign\u00e9e&#8230; et non dans la m\u00e2choire de la pince comme pour tous les autres mod\u00e8les. Cela permet de minimiser les dommages collat\u00e9raux sur la machine \u00e0 sertir et permet \u00e0 l&rsquo;op\u00e9rateur d&rsquo;utiliser pleinement la surface ininterrompue de la pince. De plus, il n&rsquo;y a pas d&rsquo;affaiblissement de la pince, ce qui provoque souvent la rupture des pointes de la pince. L&rsquo;\u00e9quipement de sertissage produit des sertissages sans sertissage et \u00e0 haute r\u00e9sistance qui r\u00e9pondent aux sp\u00e9cifications gouvernementales en mati\u00e8re de fusibles. Un coupe-fil dur est \u00e9galement inclus. Tous approuv\u00e9s par GSA.<\/p>\n<p>Levier compos\u00e9 exclusif SOG<br \/>\nUne des innovations les plus utiles dans le monde des outils multifonctions. Cela rend l\u2019ouverture et la pr\u00e9hension beaucoup plus fluides, plus faciles et plus puissantes.<\/p>\n<p>Les soldats utilisent PowerLock dans certains des endroits les plus dangereux de la plan\u00e8te<br \/>\nDisons-le de cette fa\u00e7on&nbsp;: il est tout \u00e0 fait capable de g\u00e9rer les t\u00e2ches quotidiennes \u00e0 la maison ou sur le lieu de travail.<\/p>\n<p>18 outils \u00e0 port\u00e9e de main<br \/>\nComprend une pince, un couteau \u00e0 fil dur, une pince \u00e0 sertir, une pince \u00e0 sertir, une scie \u00e0 bois \u00e0 2 dents, une lame partiellement dentel\u00e9e, une lime \u00e0 3 faces, un gros tournevis, un tournevis cruciforme, un lecteur 1\/4&Prime;, un poin\u00e7on, un ouvre-bo\u00eete, un petit tournevis, un ouvre-bouteille. , un tournevis moyen, des ciseaux et des r\u00e8gles.<\/p>\n<p>420 INOX<br \/>\nL&rsquo;acier inoxydable 420 offre une r\u00e9sistance \u00e0 la corrosion et une r\u00e9sistance et une duret\u00e9 accrues.<\/p>\n<p>LEVIER COMPOS\u00c9<br \/>\nLa technologie brevet\u00e9e Compound Leverage de SOG utilise plusieurs points de pivotement qui g\u00e9n\u00e8rent plus de levage de poign\u00e9e par rapport au mouvement de la pince. Le r\u00e9sultat est un avantage d&rsquo;environ deux fois la puissance d&rsquo;un multi-outil classique, rendant chaque coupe plus fluide et plus facile.<\/p>\n<p>DISPOSITIF DE SERTISSAGE NEM<br \/>\nSitu\u00e9 \u00e0 l&rsquo;int\u00e9rieur de la poign\u00e9e pour minimiser les dommages collat\u00e9raux \u00e0 l&rsquo;outil de sertissage et permettre une utilisation compl\u00e8te de la surface ininterrompue de la pince. L&rsquo;\u00e9quipement de sertissage produit des sertissages sans sertissage avec une r\u00e9sistance \u00e0 l&rsquo;arrachement \u00e9lev\u00e9e qui r\u00e9pondent aux sp\u00e9cifications gouvernementales en mati\u00e8re de fusibles.<\/p>\n<p>PARAM\u00c8TRES DU PRODUIT&nbsp;:<br \/>\n\u00c9PAISSEUR DE LA LAME&nbsp;: 2&nbsp;mm<br \/>\nLONGUEUR DE LA LAME : 7 cm<br \/>\nACIER&nbsp;:&nbsp;420 inoxydable<br \/>\nPOIDS : 27,2 g<br \/>\nMAT\u00c9RIAU DE LA POIGN\u00c9E&nbsp;: Acier inoxydable 420<br \/>\nTAILLE TOTALE : 17,8 cm<br \/>\nMAT\u00c9RIEL DU CAS : Tissu synth\u00e9tique<br \/>\nLONGUEUR DU POIGN\u00c9E : 11,7 cm<br \/>\nLa couleur noire<br \/>\nTYPE DE FUSIBLE : M\u00e9canisme rabattable<\/p>\n<p>&nbsp;<\/p>\n","protected":false},"excerpt":{"rendered":"<p>Que vous prot\u00e9giez les autres ou meniez une exp\u00e9dition de chasse \u00e9pique, releviez l&rsquo;un des d\u00e9fis quotidiens de la vie ou affrontiez les conditions les plus extr\u00eames \u00e0 ce jour, faites votre chemin avec <strong>SOG<\/strong> .<\/p>\n<p><strong>Nous offrons une garantie \u00e0 vie sur tous les couteaux SOG&nbsp;!<\/strong><\/p>\n","protected":false},"featured_media":336422,"comment_status":"open","ping_status":"closed","template":"","meta":[],"pwb-brand":[3849],"product_brand":[],"product_cat":[3695],"product_tag":[3754],"class_list":{"0":"post-336421","1":"product","2":"type-product","3":"status-publish","4":"has-post-thumbnail","6":"pwb-brand-sog-fr","7":"product_cat-outil-multi-fonction","8":"product_tag-b2b-fr","10":"first","11":"instock","12":"taxable","13":"shipping-taxable","14":"purchasable","15":"product-type-simple"},"brands":[{"id":3849,"name":"SOG","slug":"sog-fr"}],"_links":{"self":[{"href":"https:\/\/www.moskito.cz\/fr\/wp-json\/wp\/v2\/product\/336421","targetHints":{"allow":["GET"]}}],"collection":[{"href":"https:\/\/www.moskito.cz\/fr\/wp-json\/wp\/v2\/product"}],"about":[{"href":"https:\/\/www.moskito.cz\/fr\/wp-json\/wp\/v2\/types\/product"}],"replies":[{"embeddable":true,"href":"https:\/\/www.moskito.cz\/fr\/wp-json\/wp\/v2\/comments?post=336421"}],"wp:featuredmedia":[{"embeddable":true,"href":"https:\/\/www.moskito.cz\/fr\/wp-json\/wp\/v2\/media\/336422"}],"wp:attachment":[{"href":"https:\/\/www.moskito.cz\/fr\/wp-json\/wp\/v2\/media?parent=336421"}],"wp:term":[{"taxonomy":"pwb-brand","embeddable":true,"href":"https:\/\/www.moskito.cz\/fr\/wp-json\/wp\/v2\/pwb-brand?post=336421"},{"taxonomy":"product_brand","embeddable":true,"href":"https:\/\/www.moskito.cz\/fr\/wp-json\/wp\/v2\/product_brand?post=336421"},{"taxonomy":"product_cat","embeddable":true,"href":"https:\/\/www.moskito.cz\/fr\/wp-json\/wp\/v2\/product_cat?post=336421"},{"taxonomy":"product_tag","embeddable":true,"href":"https:\/\/www.moskito.cz\/fr\/wp-json\/wp\/v2\/product_tag?post=336421"}],"curies":[{"name":"wp","href":"https:\/\/api.w.org\/{rel}","templated":true}]}}