{"id":336470,"date":"2021-10-16T20:04:31","date_gmt":"2021-10-16T19:04:31","guid":{"rendered":"https:\/\/www.moskito.cz\/produkt\/pince-multifonctions-sog-powerassist-noir-nylon-pouch\/"},"modified":"2024-04-22T15:51:48","modified_gmt":"2024-04-22T14:51:48","slug":"pince-multifonctions-sog-powerassist-noir-nylon-pouch","status":"publish","type":"product","link":"https:\/\/www.moskito.cz\/fr\/produkt\/pince-multifonctions-sog-powerassist-noir-nylon-pouch\/","title":{"rendered":"Pince multifonctions SOG POWERASSIST NOIR NYLON POUCH"},"content":{"rendered":"<p>Notre histoire commence au Vietnam, o\u00f9 des membres de la force d&rsquo;op\u00e9rations sp\u00e9ciales tr\u00e8s secr\u00e8te am\u00e9ricaine &#8211; connue sous le nom de MACV &#8211; <strong>SOG<\/strong> &#8211; transportaient un couteau secret unique dans la jungle lors de missions secr\u00e8tes. Quelques ann\u00e9es plus tard, en 1986, ce couteau a inspir\u00e9 un jeune designer nomm\u00e9 Spencer Frazer \u00e0 fonder <strong>SOG<\/strong> Specialty Knives. Sa mission : reproduire le couteau <strong>SOG<\/strong> Bowie original et rendre hommage \u00e0 l&rsquo;unit\u00e9 des op\u00e9rations sp\u00e9ciales qui l&rsquo;a cr\u00e9\u00e9. Ce qui a commenc\u00e9 comme un mod\u00e8le comm\u00e9moratif unique est rapidement devenu toute une gamme d&rsquo;outils innovants &#8211; \u00e9prouv\u00e9s par les forces sp\u00e9ciales am\u00e9ricaines, et m\u00eame r\u00e9compens\u00e9s comme le couteau de choix des Navy SEAL. Aujourd&rsquo;hui, les couteaux SOG sont port\u00e9s en toute confiance dans les situations les plus exigeantes. Forg\u00e9 dans la tradition, endurci sur le terrain, d\u00e9pos\u00e9 pour vous.<\/p>\n<p>Que vous prot\u00e9giez les autres ou meniez une exp\u00e9dition de chasse \u00e9pique, releviez l&rsquo;un des d\u00e9fis quotidiens de la vie ou affrontiez les conditions les plus extr\u00eames \u00e0 ce jour, faites votre chemin avec <strong>SOG<\/strong> .<\/p>\n<p>Pince multifonctionnelle <strong>SOG<\/strong> POWERASSIST POCHETTE EN NYLON NOIR.<\/p>\n<p>PowerAssist am\u00e8ne les outils multifonctions \u00e0 un nouveau niveau. C&rsquo;est la premi\u00e8re fois au monde que non pas un, mais deux couteaux sont stock\u00e9s gr\u00e2ce \u00e0 la technologie SOG assist\u00e9e. Commencez \u00e0 ouvrir les couteaux principaux disponibles lorsque l&rsquo;outil principal est ferm\u00e9 et le SAT prendra le relais pour terminer l&rsquo;ouverture. Lorsqu&rsquo;ils ne sont pas utilis\u00e9s, ces couteaux sont verrouill\u00e9s \u00e0 l&rsquo;aide de notre d\u00e9verrouillage lat\u00e9ral. Ouvrez l&rsquo;outil et d\u00e9couvrez la pr\u00e9cision de la capacit\u00e9 des pinces robustes et des gros coupe-fils. Les surfaces lisses de la poign\u00e9e assurent le confort m\u00eame lors des travaux les plus exigeants. Il comprend \u00e9galement des caches d&rsquo;engrenages \u00e0 levier compos\u00e9, une construction durable, un coupe-V, des shapers int\u00e9gr\u00e9s et une finition noire mate pour une faible r\u00e9flectivit\u00e9.<\/p>\n<p>Ayez toujours PowerAssist avec vous<br \/>\nSi vous vous dirigez vers la cabane du lac pour un week-end de patrouille relaxant, l&rsquo;ajout du PowerAssist \u00e0 votre pack de produits essentiels pourrait s&rsquo;av\u00e9rer payant si vous devez soudainement r\u00e9parer quelque chose.<\/p>\n<p>Outil multifonction SOG \u00e0 la pointe de la technologie &#8211; 16 outils&nbsp;!<br \/>\nComprend une pince, une pince, un coupe-fil dur, un broyeur de fil, une pince \u00e0 lame \u00e0 jet, une lame droite, une lame enti\u00e8rement dentel\u00e9e, une lime \u00e0 3 faces, un gros tournevis, un tournevis cruciforme, un ouvre-bo\u00eete, un petit tournevis, un ouvre-bouteille, un tournevis moyen, un coupe-V. et les dirigeants.<\/p>\n<p>ACIER INOXYDABLE 420 REV\u00caTU D&rsquo;OXYDE<br \/>\nOffre une bonne adh\u00e9rence des bords et une bonne r\u00e9sistance \u00e0 l\u2019abrasion.<\/p>\n<p>LEVIER COMPOS\u00c9<br \/>\nOuverture et fermeture en douceur avec une puissance de pr\u00e9hension accrue.<\/p>\n<p>TECHNOLOGIE SOUTENUE PAR SOG<br \/>\nSAT assemble deux couteaux en un \u00e9clair. Le premier multi-outil de ce type dot\u00e9 de cette fonctionnalit\u00e9.<\/p>\n<p>LONGUEUR TOTALE : 17,5 cm<br \/>\nLONGUEUR FERM\u00c9 : 11,5 cm<br \/>\nPOIDS DU PRODUIT : 9,60 oz<br \/>\nFINITIONS : Oxyde Noir<br \/>\nNOMBRE D&rsquo;OUTILS : 16<br \/>\nBo\u00eetier : nylon balistique<br \/>\nTYPE DE LAME EN ACIER : 420<br \/>\nMAT\u00c9RIAU DE LA POIGN\u00c9E&nbsp;: acier inoxydable 420<br \/>\nDURET\u00c9 : RC 51-53<br \/>\nOUVERTURE ASSIST\u00c9E : Oui<\/p>\n<p>Le PowerAssist \u00e9l\u00e8ve les outils multifonctions \u00e0 un nouveau niveau. C&rsquo;est le premier au monde \u00e0 abriter non pas une mais deux pales \u00e0 technologie assist\u00e9e SOG. Commencez \u00e0 ouvrir les lames principales, disponibles lorsque l&rsquo;outil principal est ferm\u00e9, et SAT prend le relais pour terminer l&rsquo;ouverture. Lorsqu&rsquo;elles ne sont pas utilis\u00e9es, ces lames se verrouillent gr\u00e2ce \u00e0 notre d\u00e9verrouillage lat\u00e9ral en instance de brevet. Ouvrez l&rsquo;outil et d\u00e9couvrez la pr\u00e9cision de la pince robuste et des grands coupe-fils. Les surfaces de poign\u00e9e lisses favorisent le confort m\u00eame lors des travaux les plus difficiles. Comprend \u00e9galement des couvercles d&rsquo;engrenage \u00e0 levier compos\u00e9, une construction robuste, un coupe-V, des sertisseuses int\u00e9gr\u00e9es et une finition noire mate pour une faible r\u00e9flectivit\u00e9.<\/p>\n<p>Emportez toujours le PowerAssist avec vous<br \/>\nSi vous vous rendez au chalet du lac pour un week-end de d\u00e9tente en patrouille, l&rsquo;ajout d&rsquo;un PowerAssist \u00e0 votre paquet de produits de premi\u00e8re n\u00e9cessit\u00e9 peut s&rsquo;av\u00e9rer payant lorsque vous devez soudainement r\u00e9parer quelque chose.<\/p>\n<p>Le multi-outil SOG le plus riche en fonctionnalit\u00e9s &#8211; 16 outils&nbsp;!<br \/>\nComprend une pince, une pince, un coupe-fil dur, une pince \u00e0 sertir, une pince \u00e0 sertir pour d\u00e9tonateurs, une lame droite, une lame enti\u00e8rement dentel\u00e9e, une lime \u00e0 3 faces, un gros tournevis, un tournevis cruciforme, un ouvre-bo\u00eete, un petit tournevis, un ouvre-bouteille, un tournevis moyen, un tournevis en V. cutter et r\u00e8gles<\/p>\n<p>LONGUEUR TOTALE<br \/>\n7&Prime;<br \/>\nLONGUEUR FERM\u00c9E<br \/>\n4,60&Prime;<br \/>\nPOIDS DU PRODUIT<br \/>\n9,60 onces<br \/>\nCUP<br \/>\n7-29857-99400-2<br \/>\nDATE DE PR\u00c9COMMANDE<br \/>\nSUR<br \/>\nEST PR\u00c9COMMANDE<br \/>\nSUR<br \/>\nPRODUIT RETIR\u00c9 DE LA VENTE<br \/>\nSUR<br \/>\nTYPE DE PRODUIT<br \/>\nOutil Multi-fonction<br \/>\nFINITION<br \/>\nOxyde noir<br \/>\nCOMPTE D&rsquo;OUTILS<br \/>\n16<br \/>\nTROUS POUR LONGE<br \/>\nOui<br \/>\nEMBALLAGE<br \/>\nUnibox &#8211; Pr\u00eat pour l&rsquo;affichage<br \/>\nMAT\u00c9RIAU DE LA GAINE<br \/>\nNylon balistique<br \/>\nTYPE DE LAME EN ACIER<br \/>\n420<br \/>\nMAT\u00c9RIEL DE LA POIGN\u00c9E<br \/>\nAcier inoxydable 420<br \/>\nDURET\u00c9<br \/>\nRC. 51-53<br \/>\nLAMES DE VERROUILLAGE<br \/>\nOui<br \/>\nOUTILS DE VERROUILLAGE<br \/>\nOui<br \/>\nOUVERTURE ASSIST\u00c9E<br \/>\nOui<\/p>\n<p>&nbsp;<\/p>\n","protected":false},"excerpt":{"rendered":"<p>Que vous prot\u00e9giez les autres ou meniez une exp\u00e9dition de chasse \u00e9pique, releviez l&rsquo;un des d\u00e9fis quotidiens de la vie ou affrontiez les conditions les plus extr\u00eames \u00e0 ce jour, faites votre chemin avec <strong>SOG<\/strong> .<\/p>\n<p><strong>Nous offrons une garantie \u00e0 vie sur tous les couteaux SOG&nbsp;!<\/strong><\/p>\n","protected":false},"featured_media":336471,"comment_status":"open","ping_status":"closed","template":"","meta":[],"pwb-brand":[3849],"product_brand":[],"product_cat":[3695],"product_tag":[3754],"class_list":{"0":"post-336470","1":"product","2":"type-product","3":"status-publish","4":"has-post-thumbnail","6":"pwb-brand-sog-fr","7":"product_cat-outil-multi-fonction","8":"product_tag-b2b-fr","10":"first","11":"instock","12":"taxable","13":"shipping-taxable","14":"purchasable","15":"product-type-simple"},"brands":[{"id":3849,"name":"SOG","slug":"sog-fr"}],"_links":{"self":[{"href":"https:\/\/www.moskito.cz\/fr\/wp-json\/wp\/v2\/product\/336470","targetHints":{"allow":["GET"]}}],"collection":[{"href":"https:\/\/www.moskito.cz\/fr\/wp-json\/wp\/v2\/product"}],"about":[{"href":"https:\/\/www.moskito.cz\/fr\/wp-json\/wp\/v2\/types\/product"}],"replies":[{"embeddable":true,"href":"https:\/\/www.moskito.cz\/fr\/wp-json\/wp\/v2\/comments?post=336470"}],"wp:featuredmedia":[{"embeddable":true,"href":"https:\/\/www.moskito.cz\/fr\/wp-json\/wp\/v2\/media\/336471"}],"wp:attachment":[{"href":"https:\/\/www.moskito.cz\/fr\/wp-json\/wp\/v2\/media?parent=336470"}],"wp:term":[{"taxonomy":"pwb-brand","embeddable":true,"href":"https:\/\/www.moskito.cz\/fr\/wp-json\/wp\/v2\/pwb-brand?post=336470"},{"taxonomy":"product_brand","embeddable":true,"href":"https:\/\/www.moskito.cz\/fr\/wp-json\/wp\/v2\/product_brand?post=336470"},{"taxonomy":"product_cat","embeddable":true,"href":"https:\/\/www.moskito.cz\/fr\/wp-json\/wp\/v2\/product_cat?post=336470"},{"taxonomy":"product_tag","embeddable":true,"href":"https:\/\/www.moskito.cz\/fr\/wp-json\/wp\/v2\/product_tag?post=336470"}],"curies":[{"name":"wp","href":"https:\/\/api.w.org\/{rel}","templated":true}]}}