{"id":336528,"date":"2022-01-07T21:58:58","date_gmt":"2024-04-22T14:58:19","guid":{"rendered":"https:\/\/www.moskito.cz\/produkt\/hache-sog-voodoo-hawk-mini-satin\/"},"modified":"2025-05-07T11:13:20","modified_gmt":"2025-05-07T10:13:20","slug":"hache-sog-voodoo-hawk-mini-satin","status":"publish","type":"product","link":"https:\/\/www.moskito.cz\/fr\/produkt\/hache-sog-voodoo-hawk-mini-satin\/","title":{"rendered":"Hache SOG VOODOO HAWK MINI &#8211; SATIN"},"content":{"rendered":"<p>Le SOG Voodoo Hawk original a \u00e9t\u00e9 con\u00e7u comme une combinaison de nos tactiques Tomahawk et FastHawk. Ce Voodoo Hawk Mini est plus petit et plus l\u00e9ger tout en comportant toujours les m\u00eames composants&nbsp;; t\u00eate de coupe allong\u00e9e, pointe per\u00e7ante, manche compact en nylon renforc\u00e9 de verre et t\u00eate en m\u00e9tal. Le Voodoo Hawk Mini a tout ce que le Voodoo Hawk a, mais dans une forme plus petite et plus compacte, id\u00e9al pour les voyageurs en plein air tels que les routards, les randonneurs, les chasseurs ou les plaisanciers. La poign\u00e9e en nylon renforc\u00e9 de verre durable peut r\u00e9sister aux chocs tout en restant solide. Un excellent outil pour tout ce que vous pouvez lui lancer. Comprend un \u00e9tui de transport en nylon.<\/p>\n<p>Hache <strong>SOG<\/strong> VOODOO HAWK MINI &#8211; SATIN<\/p>\n<p>LONGUEUR TOTALE : 31 cm<br \/>\nPOIDS DU PRODUIT&nbsp;:&nbsp;23,10 onces<br \/>\nLONGUEUR DE LA LAME : 7 cm<br \/>\nFINITIONS: Satin\u00e9<br \/>\nDURET\u00c9 : Rc. 46-52<br \/>\nTYPE D&rsquo;ACIER DE LAME&nbsp;: 3Cr13MoV<br \/>\nTYPE DE BORD&nbsp;: Droit<br \/>\nMAT\u00c9RIAU DE LA POIGN\u00c9E&nbsp;: Nylon renforc\u00e9 de verre<br \/>\nCOULEUR DE LA POIGN\u00c9E&nbsp;: Noir<br \/>\n\u00c9TUI INCLUS&nbsp;: Oui<br \/>\nCOULEUR DE LA FEUILLE&nbsp;: Noir<br \/>\nMAT\u00c9RIEL DE LA FEUILLE&nbsp;:&nbsp;Nylon balistique<\/p>\n","protected":false},"excerpt":{"rendered":"<p><strong>ID\u00c9AL POUR LA CHASSE ET LE CAMPING<\/strong><\/p>\n<p>Que vous prot\u00e9giez les autres ou meniez une exp\u00e9dition de chasse \u00e9pique, releviez l&rsquo;un des d\u00e9fis quotidiens de la vie ou affrontiez les conditions les plus extr\u00eames \u00e0 ce jour, faites votre chemin avec SOG.<\/p>\n<p><strong>Nous offrons une garantie \u00e0 vie sur tous les couteaux SOG&nbsp;!<\/strong><\/p>\n","protected":false},"featured_media":336529,"comment_status":"open","ping_status":"closed","template":"","meta":[],"pwb-brand":[3849],"product_brand":[],"product_cat":[3702],"product_tag":[3754],"class_list":{"0":"post-336528","1":"product","2":"type-product","3":"status-publish","4":"has-post-thumbnail","6":"pwb-brand-sog-fr","7":"product_cat-haches","8":"product_tag-b2b-fr","10":"first","11":"outofstock","12":"taxable","13":"shipping-taxable","14":"purchasable","15":"product-type-simple"},"brands":[{"id":3849,"name":"SOG","slug":"sog-fr"}],"_links":{"self":[{"href":"https:\/\/www.moskito.cz\/fr\/wp-json\/wp\/v2\/product\/336528","targetHints":{"allow":["GET"]}}],"collection":[{"href":"https:\/\/www.moskito.cz\/fr\/wp-json\/wp\/v2\/product"}],"about":[{"href":"https:\/\/www.moskito.cz\/fr\/wp-json\/wp\/v2\/types\/product"}],"replies":[{"embeddable":true,"href":"https:\/\/www.moskito.cz\/fr\/wp-json\/wp\/v2\/comments?post=336528"}],"wp:featuredmedia":[{"embeddable":true,"href":"https:\/\/www.moskito.cz\/fr\/wp-json\/wp\/v2\/media\/336529"}],"wp:attachment":[{"href":"https:\/\/www.moskito.cz\/fr\/wp-json\/wp\/v2\/media?parent=336528"}],"wp:term":[{"taxonomy":"pwb-brand","embeddable":true,"href":"https:\/\/www.moskito.cz\/fr\/wp-json\/wp\/v2\/pwb-brand?post=336528"},{"taxonomy":"product_brand","embeddable":true,"href":"https:\/\/www.moskito.cz\/fr\/wp-json\/wp\/v2\/product_brand?post=336528"},{"taxonomy":"product_cat","embeddable":true,"href":"https:\/\/www.moskito.cz\/fr\/wp-json\/wp\/v2\/product_cat?post=336528"},{"taxonomy":"product_tag","embeddable":true,"href":"https:\/\/www.moskito.cz\/fr\/wp-json\/wp\/v2\/product_tag?post=336528"}],"curies":[{"name":"wp","href":"https:\/\/api.w.org\/{rel}","templated":true}]}}