{"id":336557,"date":"2022-01-06T22:58:13","date_gmt":"2024-04-22T14:59:53","guid":{"rendered":"https:\/\/www.moskito.cz\/produkt\/hache-sog-survival-hawk-noir\/"},"modified":"2025-05-07T11:13:21","modified_gmt":"2025-05-07T10:13:21","slug":"hache-sog-survival-hawk-noir","status":"publish","type":"product","link":"https:\/\/www.moskito.cz\/fr\/produkt\/hache-sog-survival-hawk-noir\/","title":{"rendered":"Hache SOG SURVIVAL HAWK &#8211; NOIR"},"content":{"rendered":"<p>Il est difficile de se tromper lorsque vous transportez un tomahawk l\u00e9ger, rapide et riche en fonctionnalit\u00e9s. \u00c9quip\u00e9 d&rsquo;un manche r\u00e9fl\u00e9chissant envelopp\u00e9 de paracorde, d&rsquo;une tige d&rsquo;allumage en ferroc\u00e9rium dans le manche, d&rsquo;un arrache-clou, d&rsquo;un marteau et d&rsquo;une lame multi-usage tranchante, le Survival Hawk est pr\u00eat \u00e0 vous accompagner partout o\u00f9 vous allez. Les racines techniques du Survival Hawk proviennent de conceptions \u00e9prouv\u00e9es qui ont \u00e9t\u00e9 test\u00e9es \u00e0 plusieurs reprises dans le monde r\u00e9el. O\u00f9 que vous alliez, c&rsquo;est le tomahawk parfait sur lequel vous pouvez compter.<\/p>\n<p><strong>Hache SOG<\/strong> SURVIVAL HAWK &#8211; NOIR<\/p>\n<p>LONGUEUR TOTALE : 30 cm<br \/>\nPOIDS DU PRODUIT&nbsp;:&nbsp;19,50 onces<br \/>\nLONGUEUR DE LA LAME : 7,5 cm<br \/>\nDURET\u00c9 : Rc. 47-49<br \/>\nTYPE DE LAME EN ACIER<br \/>\nMAT\u00c9RIAU DE LA POIGN\u00c9E&nbsp;: Nylon renforc\u00e9 de verre<br \/>\nCOULEUR DE LA POIGN\u00c9E&nbsp;: Noir<br \/>\n\u00c9TUI INCLUS&nbsp;: Oui<br \/>\nCOULEUR DE LA FEUILLE&nbsp;: Noir<br \/>\nMAT\u00c9RIEL DE LA FEUILLE&nbsp;:&nbsp;Nylon balistique<\/p>\n<div class=\"measured-item spec-item\" data-uom=\"dimension\"><\/div>\n<div class=\"spec-item\"><\/div>\n","protected":false},"excerpt":{"rendered":"<p><strong>ID\u00c9AL POUR LA CHASSE ET LE CAMPING<\/strong><\/p>\n<p>Que vous prot\u00e9giez les autres ou meniez une exp\u00e9dition de chasse \u00e9pique, releviez l&rsquo;un des d\u00e9fis quotidiens de la vie ou affrontiez les conditions les plus extr\u00eames \u00e0 ce jour, faites votre chemin avec SOG.<\/p>\n<p><strong>Nous offrons une garantie \u00e0 vie sur tous les couteaux SOG&nbsp;!<\/strong><\/p>\n","protected":false},"featured_media":336558,"comment_status":"open","ping_status":"closed","template":"","meta":[],"pwb-brand":[3849],"product_brand":[],"product_cat":[3702],"product_tag":[3754],"class_list":{"0":"post-336557","1":"product","2":"type-product","3":"status-publish","4":"has-post-thumbnail","6":"pwb-brand-sog-fr","7":"product_cat-haches","8":"product_tag-b2b-fr","10":"first","11":"instock","12":"taxable","13":"shipping-taxable","14":"purchasable","15":"product-type-simple"},"brands":[{"id":3849,"name":"SOG","slug":"sog-fr"}],"_links":{"self":[{"href":"https:\/\/www.moskito.cz\/fr\/wp-json\/wp\/v2\/product\/336557","targetHints":{"allow":["GET"]}}],"collection":[{"href":"https:\/\/www.moskito.cz\/fr\/wp-json\/wp\/v2\/product"}],"about":[{"href":"https:\/\/www.moskito.cz\/fr\/wp-json\/wp\/v2\/types\/product"}],"replies":[{"embeddable":true,"href":"https:\/\/www.moskito.cz\/fr\/wp-json\/wp\/v2\/comments?post=336557"}],"wp:featuredmedia":[{"embeddable":true,"href":"https:\/\/www.moskito.cz\/fr\/wp-json\/wp\/v2\/media\/336558"}],"wp:attachment":[{"href":"https:\/\/www.moskito.cz\/fr\/wp-json\/wp\/v2\/media?parent=336557"}],"wp:term":[{"taxonomy":"pwb-brand","embeddable":true,"href":"https:\/\/www.moskito.cz\/fr\/wp-json\/wp\/v2\/pwb-brand?post=336557"},{"taxonomy":"product_brand","embeddable":true,"href":"https:\/\/www.moskito.cz\/fr\/wp-json\/wp\/v2\/product_brand?post=336557"},{"taxonomy":"product_cat","embeddable":true,"href":"https:\/\/www.moskito.cz\/fr\/wp-json\/wp\/v2\/product_cat?post=336557"},{"taxonomy":"product_tag","embeddable":true,"href":"https:\/\/www.moskito.cz\/fr\/wp-json\/wp\/v2\/product_tag?post=336557"}],"curies":[{"name":"wp","href":"https:\/\/api.w.org\/{rel}","templated":true}]}}