{"id":336630,"date":"2023-11-19T20:36:29","date_gmt":"2023-11-19T19:36:29","guid":{"rendered":"https:\/\/www.moskito.cz\/produkt\/couteau-pliant-spyderco-manix-2-xl-c95gpbbk2\/"},"modified":"2025-05-07T11:13:22","modified_gmt":"2025-05-07T10:13:22","slug":"couteau-pliant-spyderco-manix-2-xl-c95gpbbk2","status":"publish","type":"product","link":"https:\/\/www.moskito.cz\/fr\/produkt\/couteau-pliant-spyderco-manix-2-xl-c95gpbbk2\/","title":{"rendered":"Couteau pliant Spyderco Manix 2 XL C95GPBBK2"},"content":{"rendered":"<p>Couteau pliant <strong>Spyderco<\/strong> Manix 2 XL C95GPBBK2<\/p>\n<p>Si vous \u00eates amateur de grands couteaux, <strong>le Manix 2 XL<\/strong> est le couteau qu&rsquo;il vous faut. Il poss\u00e8de toutes les m\u00eames qualit\u00e9s que le Manix 2, mais dans un format extra-large, parfait pour les grandes mains et les grosses coupes. Sa lame CPM S30V a une \u00e9mouture enti\u00e8rement plate pour la synth\u00e8se id\u00e9ale de r\u00e9sistance et de g\u00e9om\u00e9trie de lame. Ce <strong>Manix 2 XL<\/strong> est dot\u00e9 d&rsquo;une finition de lame en carbone de type diamant (DLC) non r\u00e9fl\u00e9chissante avec du mat\u00e9riel noir assorti et un clip avec des inserts squelett\u00e9s. Les deux disposent d&rsquo;une cage en polym\u00e8re noir dans un m\u00e9canisme de verrouillage \u00e0 roulement \u00e0 billes.<\/p>\n<p>Fonction:<br \/>\nCaract\u00e8re\/lat\u00e9ralit\u00e9&nbsp;: droite\/gauche<br \/>\nM\u00e9canisme de verrouillage : Serrure avec roulement \u00e0 billes<br \/>\nJimping&nbsp;:&nbsp;colonne vert\u00e9brale et choil<br \/>\nTrou pour lani\u00e8re&nbsp;:&nbsp;Oui<br \/>\nAcier de la lame&nbsp;: CPM-S30V<br \/>\nMat\u00e9riau du manche : G-10 noir<br \/>\nMeulage de la lame&nbsp;: Meulage plat<br \/>\nConfiguration de bord&nbsp;: simple<br \/>\nCaract\u00e9ristiques:<br \/>\nFerm\u00e9 : 12,9 cm<br \/>\nTotale : 22,7 cm<br \/>\nLame : 9,8 cm<br \/>\nConfiguration de bord&nbsp;: simple<br \/>\n\u00c9paisseur de la lame : 0,32 cm<br \/>\nAcier : CPM S30V<br \/>\nPoids : 147 g<br \/>\nMeulage : Enti\u00e8rement plat<br \/>\nClip&nbsp;: Flip \/ R\u00e9versible<br \/>\nFabriqu\u00e9 aux \u00c9tats-Unis<\/p>\n","protected":false},"excerpt":{"rendered":"<p><strong>Si vous \u00eates amateur de grands couteaux, le Manix 2 XL est le couteau qu&rsquo;il vous faut.<\/strong><\/p>\n<p><strong>Transports gratuits.<\/strong><\/p>\n","protected":false},"featured_media":336640,"comment_status":"open","ping_status":"closed","template":"","meta":[],"pwb-brand":[3778],"product_brand":[],"product_cat":[3700,3696],"product_tag":[3754],"class_list":{"0":"post-336630","1":"product","2":"type-product","3":"status-publish","4":"has-post-thumbnail","6":"pwb-brand-spyderco-fr","7":"product_cat-couteaux-de-fermeture","8":"product_cat-des-couteaux","9":"product_tag-b2b-fr","11":"first","12":"instock","13":"taxable","14":"shipping-taxable","15":"purchasable","16":"product-type-simple"},"brands":[{"id":3778,"name":"Spyderco","slug":"spyderco-fr"}],"_links":{"self":[{"href":"https:\/\/www.moskito.cz\/fr\/wp-json\/wp\/v2\/product\/336630","targetHints":{"allow":["GET"]}}],"collection":[{"href":"https:\/\/www.moskito.cz\/fr\/wp-json\/wp\/v2\/product"}],"about":[{"href":"https:\/\/www.moskito.cz\/fr\/wp-json\/wp\/v2\/types\/product"}],"replies":[{"embeddable":true,"href":"https:\/\/www.moskito.cz\/fr\/wp-json\/wp\/v2\/comments?post=336630"}],"wp:featuredmedia":[{"embeddable":true,"href":"https:\/\/www.moskito.cz\/fr\/wp-json\/wp\/v2\/media\/336640"}],"wp:attachment":[{"href":"https:\/\/www.moskito.cz\/fr\/wp-json\/wp\/v2\/media?parent=336630"}],"wp:term":[{"taxonomy":"pwb-brand","embeddable":true,"href":"https:\/\/www.moskito.cz\/fr\/wp-json\/wp\/v2\/pwb-brand?post=336630"},{"taxonomy":"product_brand","embeddable":true,"href":"https:\/\/www.moskito.cz\/fr\/wp-json\/wp\/v2\/product_brand?post=336630"},{"taxonomy":"product_cat","embeddable":true,"href":"https:\/\/www.moskito.cz\/fr\/wp-json\/wp\/v2\/product_cat?post=336630"},{"taxonomy":"product_tag","embeddable":true,"href":"https:\/\/www.moskito.cz\/fr\/wp-json\/wp\/v2\/product_tag?post=336630"}],"curies":[{"name":"wp","href":"https:\/\/api.w.org\/{rel}","templated":true}]}}