{"id":336671,"date":"2022-01-05T22:13:45","date_gmt":"2024-04-23T09:13:11","guid":{"rendered":"https:\/\/www.moskito.cz\/produkt\/sog-throwing-hawks-paquet-de-3-gaine-en-nylon\/"},"modified":"2025-05-07T11:13:23","modified_gmt":"2025-05-07T10:13:23","slug":"sog-throwing-hawks-paquet-de-3-gaine-en-nylon","status":"publish","type":"product","link":"https:\/\/www.moskito.cz\/fr\/produkt\/sog-throwing-hawks-paquet-de-3-gaine-en-nylon\/","title":{"rendered":"SOG THROWING HAWKS &#8211; PAQUET DE 3, GAINE EN NYLON"},"content":{"rendered":"<p>Faites passer le lancer de cible au niveau sup\u00e9rieur avec le Throwing Hawk Set, un pack de trois faucons en acier d&rsquo;une seule pi\u00e8ce avec des poign\u00e9es envelopp\u00e9es de paracorde con\u00e7ues pour le lancer de cible. D\u00e9fiez vos amis pour la supr\u00e9matie dans votre jardin. Ces faucons lanceurs stylis\u00e9s ne sont pas seulement amusants \u00e0 voler dans les airs, ils sont \u00e9galement pratiques. Ils sont prot\u00e9g\u00e9s par un rev\u00eatement SOG noir dur et sont extr\u00eamement r\u00e9sistants aux rayures. Leur \u00e9quilibre, leur a\u00e9rodynamisme et leurs proportions en font d&rsquo;excellents faucons de lancer. Ils constituent \u00e9galement d\u2019excellents outils de secours sur le terrain pour les m\u00eames raisons. Les poign\u00e9es sont envelopp\u00e9es de paracorde ou utilis\u00e9es sans et vous avez trois tomahawks pour le prix d&rsquo;un&nbsp;! Comprend un \u00e9tui en nylon pour transporter les trois en toute s\u00e9curit\u00e9.<\/p>\n<p><strong>SOG<\/strong> THROWING HAWKS &#8211; PAQUET DE 3, GAINE EN NYLON<\/p>\n<p>LONGUEUR TOTALE : 27 cm<br \/>\nPOIDS DU PRODUIT&nbsp;: 25,40 onces<br \/>\nLONGUEUR DE LA LAME : 4,5 cm<br \/>\nDURET\u00c9 : Rc. 50-56<br \/>\nTYPE D&rsquo;ACIER DE LAME&nbsp;: 3Cr13MoV<br \/>\nMAT\u00c9RIAU DE LA POIGN\u00c9E&nbsp;: Nylon renforc\u00e9 de verre<br \/>\nCOULEUR DE LA POIGN\u00c9E&nbsp;: Noir<br \/>\n\u00c9TUI INCLUS&nbsp;: Oui<br \/>\nCOULEUR DE LA FEUILLE&nbsp;: Noir<br \/>\nMAT\u00c9RIEL DE LA FEUILLE&nbsp;:&nbsp;Nylon balistique<\/p>\n","protected":false},"excerpt":{"rendered":"<p><strong>ID\u00c9AL POUR LA CHASSE ET LE CAMPING<\/strong><\/p>\n<p>Que vous prot\u00e9giez les autres ou meniez une exp\u00e9dition de chasse \u00e9pique, releviez l&rsquo;un des d\u00e9fis quotidiens de la vie ou affrontiez les conditions les plus extr\u00eames \u00e0 ce jour, faites votre chemin avec <strong>SOG<\/strong> .<\/p>\n<p><strong>Nous offrons une garantie \u00e0 vie sur tous les couteaux SOG&nbsp;!<\/strong><\/p>\n","protected":false},"featured_media":336672,"comment_status":"open","ping_status":"closed","template":"","meta":[],"pwb-brand":[],"product_brand":[],"product_cat":[3702],"product_tag":[3754],"class_list":{"0":"post-336671","1":"product","2":"type-product","3":"status-publish","4":"has-post-thumbnail","6":"product_cat-haches","7":"product_tag-b2b-fr","9":"first","10":"outofstock","11":"taxable","12":"shipping-taxable","13":"purchasable","14":"product-type-simple"},"brands":[],"_links":{"self":[{"href":"https:\/\/www.moskito.cz\/fr\/wp-json\/wp\/v2\/product\/336671","targetHints":{"allow":["GET"]}}],"collection":[{"href":"https:\/\/www.moskito.cz\/fr\/wp-json\/wp\/v2\/product"}],"about":[{"href":"https:\/\/www.moskito.cz\/fr\/wp-json\/wp\/v2\/types\/product"}],"replies":[{"embeddable":true,"href":"https:\/\/www.moskito.cz\/fr\/wp-json\/wp\/v2\/comments?post=336671"}],"wp:featuredmedia":[{"embeddable":true,"href":"https:\/\/www.moskito.cz\/fr\/wp-json\/wp\/v2\/media\/336672"}],"wp:attachment":[{"href":"https:\/\/www.moskito.cz\/fr\/wp-json\/wp\/v2\/media?parent=336671"}],"wp:term":[{"taxonomy":"pwb-brand","embeddable":true,"href":"https:\/\/www.moskito.cz\/fr\/wp-json\/wp\/v2\/pwb-brand?post=336671"},{"taxonomy":"product_brand","embeddable":true,"href":"https:\/\/www.moskito.cz\/fr\/wp-json\/wp\/v2\/product_brand?post=336671"},{"taxonomy":"product_cat","embeddable":true,"href":"https:\/\/www.moskito.cz\/fr\/wp-json\/wp\/v2\/product_cat?post=336671"},{"taxonomy":"product_tag","embeddable":true,"href":"https:\/\/www.moskito.cz\/fr\/wp-json\/wp\/v2\/product_tag?post=336671"}],"curies":[{"name":"wp","href":"https:\/\/api.w.org\/{rel}","templated":true}]}}