{"id":336686,"date":"2021-10-18T21:45:51","date_gmt":"2024-04-23T09:42:45","guid":{"rendered":"https:\/\/www.moskito.cz\/produkt\/couteaux-de-lancer-sog-set-de-3-pieces\/"},"modified":"2025-05-07T11:13:23","modified_gmt":"2025-05-07T10:13:23","slug":"couteaux-de-lancer-sog-set-de-3-pieces","status":"publish","type":"product","link":"https:\/\/www.moskito.cz\/fr\/produkt\/couteaux-de-lancer-sog-set-de-3-pieces\/","title":{"rendered":"Couteaux de lancer SOG SET de 3 pi\u00e8ces"},"content":{"rendered":"<p>Notre histoire commence au Vietnam, o\u00f9 des membres de la force d&rsquo;op\u00e9rations sp\u00e9ciales tr\u00e8s secr\u00e8te am\u00e9ricaine &#8211; connue sous le nom de MACV &#8211; <strong>SOG<\/strong> &#8211; transportaient un couteau secret unique dans la jungle lors de missions secr\u00e8tes. Quelques ann\u00e9es plus tard, en 1986, ce couteau a inspir\u00e9 un jeune designer nomm\u00e9 Spencer Frazer \u00e0 fonder <strong>SOG<\/strong> Specialty Knives. Sa mission : reproduire le couteau <strong>SOG<\/strong> Bowie original et rendre hommage \u00e0 l&rsquo;unit\u00e9 des op\u00e9rations sp\u00e9ciales qui l&rsquo;a cr\u00e9\u00e9. Ce qui a commenc\u00e9 comme un mod\u00e8le comm\u00e9moratif unique est rapidement devenu toute une gamme d&rsquo;outils innovants &#8211; \u00e9prouv\u00e9s par les forces sp\u00e9ciales am\u00e9ricaines, et m\u00eame r\u00e9compens\u00e9s comme le couteau de choix des Navy SEAL. Aujourd&rsquo;hui, les couteaux SOG sont port\u00e9s en toute confiance dans les situations les plus exigeantes. Forg\u00e9 dans la tradition, endurci sur le terrain, d\u00e9pos\u00e9 pour vous.<\/p>\n<p>Que vous prot\u00e9giez les autres ou meniez une exp\u00e9dition de chasse \u00e9pique, releviez l&rsquo;un des d\u00e9fis quotidiens de la vie ou affrontiez les conditions les plus extr\u00eames \u00e0 ce jour, faites votre chemin avec <strong>SOG<\/strong> .<\/p>\n<p>Couteaux de lancer <strong>SOG<\/strong> SET de 3 pi\u00e8ces.<\/p>\n<p>Les couteaux \u00e0 lancer sont con\u00e7us d&rsquo;apr\u00e8s les couteaux de lancer traditionnels et sont id\u00e9aux pour les comp\u00e9titions dans le jardin. Chaque manche de couteau est envelopp\u00e9 de 7 pieds de paracorde, ce qui vous donne un total de 21 pieds, parfait pour les situations inattendues. Les trois couteaux comprennent \u00e9galement un \u00e9tui en nylon balistique. Voyez qui peut frapper dans le mille en premier&nbsp;!<\/p>\n<p>LONGUEUR TOTALE : 24 cm<br \/>\nPOIDS DU PRODUIT : 5,40 oz<br \/>\nLONGUEUR DE LA LAME : 7 cm<br \/>\nTYPE DE PRODUIT : Couteau de lancer, lame fixe<br \/>\nFINITIONS : Satin\u00e9<br \/>\nTYPE DE LAME EN ACIER : 3Cr13<br \/>\nFORME DE LA LAME&nbsp;: Pointe de Lance<br \/>\nMAT\u00c9RIEL DE LA POIGN\u00c9E&nbsp;: Paracord envelopp\u00e9<br \/>\nCOULEUR DE LA POIGN\u00c9E&nbsp;: Vert, Tan<br \/>\nDURET\u00c9 : RC 49-51<br \/>\nCOUVERTURE INCLUSE : Oui<br \/>\nCOULEUR DE LA FEUILLE&nbsp;: Noir<br \/>\nTYPE DE FERMETURE DE LA VESTE : Velcro<br \/>\nMAT\u00c9RIEL DE LA FEUILLE&nbsp;:&nbsp;Nylon balistique<\/p>\n<p>Les couteaux Fling sont inspir\u00e9s des couteaux de lancer traditionnels et parfaits pour les comp\u00e9titions dans le jardin. Chaque manche de couteau est envelopp\u00e9 de 7 pieds de paracorde, ce qui vous donne un total de 21 pieds, parfait pour les situations inattendues. Une gaine de transport en nylon balistique est \u00e9galement incluse avec les trois couteaux. Voyez qui peut frapper dans le mille en premier&nbsp;!<\/p>\n<p>LONGUEUR TOTALE<br \/>\n9,5&Prime;<br \/>\nPOIDS DU PRODUIT<br \/>\n5,40 onces<br \/>\nLONGUEUR DE LA LAME<br \/>\n2,8&Prime;<br \/>\n\u00c9PAISSEUR DE LA LAME<br \/>\n0,14&Prime;<br \/>\nCUP<br \/>\n7-29857-99893-2<br \/>\nEST PR\u00c9COMMANDE<br \/>\nSUR<br \/>\nDATE DE PR\u00c9COMMANDE<br \/>\nSUR<br \/>\nTYPE DE PRODUIT<br \/>\nCouteau de lancer, lame fixe<br \/>\nPAYS D&rsquo;ORIGINE<br \/>\nChine<br \/>\nEMBALLAGE<br \/>\nUnibox &#8211; Pr\u00eat pour l&rsquo;affichage<br \/>\nGRAVABLE<br \/>\nOui<br \/>\nFINITION<br \/>\nSatin<br \/>\nTYPE DE BORD<br \/>\nDroit<br \/>\nTYPE DE LAME EN ACIER<br \/>\n3Cr13<br \/>\nFORME DE LA LAME<br \/>\nPoint lance<br \/>\nMAT\u00c9RIEL DE LA POIGN\u00c9E<br \/>\nParacorde envelopp\u00e9e<br \/>\nCOULEUR DE LA POIGN\u00c9E<br \/>\nVert, beige<br \/>\nDURET\u00c9<br \/>\nRC. 49-51<br \/>\nGAINE INCLUSE<br \/>\nOui<br \/>\nCOULEUR DE LA GAINE<br \/>\nNoir<br \/>\nTYPE DE FIXATION DE GAINE<br \/>\nBoucle de ceinture<br \/>\nTYPE DE FERMETURE DE LA GAINE<br \/>\nVelcro<br \/>\nMAT\u00c9RIAU DE LA GAINE<br \/>\nNylon balistique<\/p>\n","protected":false},"excerpt":{"rendered":"<p>Que vous prot\u00e9giez les autres ou meniez une exp\u00e9dition de chasse \u00e9pique, releviez l&rsquo;un des d\u00e9fis quotidiens de la vie ou affrontiez les conditions les plus extr\u00eames \u00e0 ce jour, faites votre chemin avec <strong>SOG<\/strong> .<\/p>\n<p><strong>Nous offrons une garantie \u00e0 vie sur tous les couteaux SOG&nbsp;!<\/strong><\/p>\n","protected":false},"featured_media":336687,"comment_status":"open","ping_status":"closed","template":"","meta":[],"pwb-brand":[3849],"product_brand":[],"product_cat":[3696,3698],"product_tag":[3754],"class_list":{"0":"post-336686","1":"product","2":"type-product","3":"status-publish","4":"has-post-thumbnail","6":"pwb-brand-sog-fr","7":"product_cat-des-couteaux","8":"product_cat-lancer-des-couteaux","9":"product_tag-b2b-fr","11":"first","12":"outofstock","13":"taxable","14":"shipping-taxable","15":"purchasable","16":"product-type-simple"},"brands":[{"id":3849,"name":"SOG","slug":"sog-fr"}],"_links":{"self":[{"href":"https:\/\/www.moskito.cz\/fr\/wp-json\/wp\/v2\/product\/336686","targetHints":{"allow":["GET"]}}],"collection":[{"href":"https:\/\/www.moskito.cz\/fr\/wp-json\/wp\/v2\/product"}],"about":[{"href":"https:\/\/www.moskito.cz\/fr\/wp-json\/wp\/v2\/types\/product"}],"replies":[{"embeddable":true,"href":"https:\/\/www.moskito.cz\/fr\/wp-json\/wp\/v2\/comments?post=336686"}],"wp:featuredmedia":[{"embeddable":true,"href":"https:\/\/www.moskito.cz\/fr\/wp-json\/wp\/v2\/media\/336687"}],"wp:attachment":[{"href":"https:\/\/www.moskito.cz\/fr\/wp-json\/wp\/v2\/media?parent=336686"}],"wp:term":[{"taxonomy":"pwb-brand","embeddable":true,"href":"https:\/\/www.moskito.cz\/fr\/wp-json\/wp\/v2\/pwb-brand?post=336686"},{"taxonomy":"product_brand","embeddable":true,"href":"https:\/\/www.moskito.cz\/fr\/wp-json\/wp\/v2\/product_brand?post=336686"},{"taxonomy":"product_cat","embeddable":true,"href":"https:\/\/www.moskito.cz\/fr\/wp-json\/wp\/v2\/product_cat?post=336686"},{"taxonomy":"product_tag","embeddable":true,"href":"https:\/\/www.moskito.cz\/fr\/wp-json\/wp\/v2\/product_tag?post=336686"}],"curies":[{"name":"wp","href":"https:\/\/api.w.org\/{rel}","templated":true}]}}