{"id":336715,"date":"2022-11-05T21:07:41","date_gmt":"2022-11-05T20:07:41","guid":{"rendered":"https:\/\/www.moskito.cz\/produkt\/couteau-solide-cold-steel-razor-tek-lame-5mm-depaisseur\/"},"modified":"2024-04-23T12:21:28","modified_gmt":"2024-04-23T11:21:28","slug":"couteau-solide-cold-steel-razor-tek-lame-5mm-depaisseur","status":"publish","type":"product","link":"https:\/\/www.moskito.cz\/fr\/produkt\/couteau-solide-cold-steel-razor-tek-lame-5mm-depaisseur\/","title":{"rendered":"Couteau Solide Cold Steel RAZOR TEK LAME 5MM D&rsquo;EPAISSEUR"},"content":{"rendered":"<p>Couteau solide <strong>acier froid<\/strong> lame de rasoir TEK de 5MM d&rsquo;\u00e9paisseur.<\/p>\n<p>Le plus grand de la s\u00e9rie Razor Tek, il poss\u00e8de une lame incurv\u00e9e de 6,5 pouces et 5 mm d&rsquo;\u00e9paisseur. Ce couteau excelle dans les grandes entreprises. La lame incurv\u00e9e et le ventre avant en font un excellent hachoir. Avec un manche ergonomique et textur\u00e9, vous disposez d&rsquo;une lame qui s&rsquo;adapte \u00e0 votre prochain voyage en pleine nature. Cette lame vous y emm\u00e8nera et en reviendra. Comprend un \u00e9tui Secure-Ex<\/p>\n<p>PARAM\u00c8TRES DU PRODUIT<br \/>\nCouleur: noir\/argent<br \/>\nTaille hors tout : 295 mm<br \/>\nPoids : 331g<br \/>\nMat\u00e9riau du manche : GFN<br \/>\nLongueur du manche : 130 mm<br \/>\nAcier&nbsp;:&nbsp;4116SS<br \/>\n\u00c9paisseur de la lame : 4,6 mm<br \/>\nLongueur de la lame : 165 mm<\/p>\n","protected":false},"excerpt":{"rendered":"<p><strong>Un grand couteau au bord lisse et d&rsquo;une longueur de lame de 165 mm. Le couteau est livr\u00e9 avec un \u00e9tui Secure-Ex.<\/strong><\/p>\n","protected":false},"featured_media":336716,"comment_status":"open","ping_status":"closed","template":"","meta":[],"pwb-brand":[3789],"product_brand":[],"product_cat":[3697,3696],"product_tag":[3754],"class_list":{"0":"post-336715","1":"product","2":"type-product","3":"status-publish","4":"has-post-thumbnail","6":"pwb-brand-acier-froid","7":"product_cat-couteaux-solides","8":"product_cat-des-couteaux","9":"product_tag-b2b-fr","11":"first","12":"instock","13":"taxable","14":"shipping-taxable","15":"purchasable","16":"product-type-simple"},"brands":[{"id":3789,"name":"Acier froid","slug":"acier-froid"}],"_links":{"self":[{"href":"https:\/\/www.moskito.cz\/fr\/wp-json\/wp\/v2\/product\/336715","targetHints":{"allow":["GET"]}}],"collection":[{"href":"https:\/\/www.moskito.cz\/fr\/wp-json\/wp\/v2\/product"}],"about":[{"href":"https:\/\/www.moskito.cz\/fr\/wp-json\/wp\/v2\/types\/product"}],"replies":[{"embeddable":true,"href":"https:\/\/www.moskito.cz\/fr\/wp-json\/wp\/v2\/comments?post=336715"}],"wp:featuredmedia":[{"embeddable":true,"href":"https:\/\/www.moskito.cz\/fr\/wp-json\/wp\/v2\/media\/336716"}],"wp:attachment":[{"href":"https:\/\/www.moskito.cz\/fr\/wp-json\/wp\/v2\/media?parent=336715"}],"wp:term":[{"taxonomy":"pwb-brand","embeddable":true,"href":"https:\/\/www.moskito.cz\/fr\/wp-json\/wp\/v2\/pwb-brand?post=336715"},{"taxonomy":"product_brand","embeddable":true,"href":"https:\/\/www.moskito.cz\/fr\/wp-json\/wp\/v2\/product_brand?post=336715"},{"taxonomy":"product_cat","embeddable":true,"href":"https:\/\/www.moskito.cz\/fr\/wp-json\/wp\/v2\/product_cat?post=336715"},{"taxonomy":"product_tag","embeddable":true,"href":"https:\/\/www.moskito.cz\/fr\/wp-json\/wp\/v2\/product_tag?post=336715"}],"curies":[{"name":"wp","href":"https:\/\/api.w.org\/{rel}","templated":true}]}}