{"id":336723,"date":"2023-03-25T20:30:30","date_gmt":"2024-04-23T11:24:24","guid":{"rendered":"https:\/\/www.moskito.cz\/produkt\/couteau-pliant-cold-steel-talwar-5-5-bord-dente-complet-s35vn\/"},"modified":"2025-05-07T11:13:24","modified_gmt":"2025-05-07T10:13:24","slug":"couteau-pliant-cold-steel-talwar-5-5-bord-dente-complet-s35vn","status":"publish","type":"product","link":"https:\/\/www.moskito.cz\/fr\/produkt\/couteau-pliant-cold-steel-talwar-5-5-bord-dente-complet-s35vn\/","title":{"rendered":"Couteau pliant Cold Steel TALWAR 5.5&Prime; BORD DENT\u00c9 COMPLET S35VN"},"content":{"rendered":"<p>Couteau pliant <strong>Cold Steel<\/strong> TALWAR 5.5&Prime; BORD DENT\u00c9 COMPLET S35VN<\/p>\n<p>\u00ab\u00a0Si vous m&rsquo;avez vu faire des d\u00e9monstrations de d\u00e9coupage, vous m&rsquo;avez sans doute vu utiliser un grand 5\u00bd\u00a0\u00bb Talwar. Pourquoi? Parce que sa lame est extra large, avec une fine section transversale en forme de V et une pointe vers le haut. Toutes ces caract\u00e9ristiques s\u2019additionnent pour en faire l\u2019un des meilleurs couteaux pliants hautes performances au monde. Vous ne verrez pas nos concurrents reproduire les performances de coupe du Talwar 5 1\/2&Prime; pour une raison : ils ne le peuvent pas&nbsp;! Vendu avec un manche G-10 super r\u00e9sistant et un m\u00e9canisme de verrouillage Tri-AD in\u00e9gal\u00e9, notre grand Talwar est une beaut\u00e9 si vous voulez de grandes performances d&rsquo;un couteau pliant !\u00a0\u00bb &#8211; Lynn Thompson<\/p>\n<p>Description:<br \/>\nMat\u00e9riau de la lame&nbsp;: CPM-S35VN<br \/>\nMat\u00e9riau du manche : G-10<br \/>\nS\u00e9curit\u00e9&nbsp;:&nbsp;verrouillage Tri-Ad<br \/>\nLongueur de la lame : 14 cm<br \/>\nLongueur totale : 32,7 cm<br \/>\nLongueur du couteau pli\u00e9 : 18,7 cm<br \/>\n\u00c9paisseur de la lame : 3,8 mm<br \/>\nPoids : 244 g<br \/>\nType de lame&nbsp;: pointe tra\u00eenante<\/p>\n","protected":false},"excerpt":{"rendered":"<p>Talwar est un couteau pliant \u00e0 lame dentel\u00e9e ou lisse. Il pr\u00e9sente un bord incurv\u00e9 caract\u00e9ristique vers l\u2019arri\u00e8re de la lame. Sa forme ne d\u00e9ment en rien son originale, l\u2019\u00e9p\u00e9e indienne du m\u00eame nom.<\/p>\n","protected":false},"featured_media":336724,"comment_status":"open","ping_status":"closed","template":"","meta":[],"pwb-brand":[3789],"product_brand":[],"product_cat":[3700,3696],"product_tag":[3754],"class_list":{"0":"post-336723","1":"product","2":"type-product","3":"status-publish","4":"has-post-thumbnail","6":"pwb-brand-acier-froid","7":"product_cat-couteaux-de-fermeture","8":"product_cat-des-couteaux","9":"product_tag-b2b-fr","11":"first","12":"instock","13":"taxable","14":"shipping-taxable","15":"purchasable","16":"product-type-simple"},"brands":[{"id":3789,"name":"Acier froid","slug":"acier-froid"}],"_links":{"self":[{"href":"https:\/\/www.moskito.cz\/fr\/wp-json\/wp\/v2\/product\/336723","targetHints":{"allow":["GET"]}}],"collection":[{"href":"https:\/\/www.moskito.cz\/fr\/wp-json\/wp\/v2\/product"}],"about":[{"href":"https:\/\/www.moskito.cz\/fr\/wp-json\/wp\/v2\/types\/product"}],"replies":[{"embeddable":true,"href":"https:\/\/www.moskito.cz\/fr\/wp-json\/wp\/v2\/comments?post=336723"}],"wp:featuredmedia":[{"embeddable":true,"href":"https:\/\/www.moskito.cz\/fr\/wp-json\/wp\/v2\/media\/336724"}],"wp:attachment":[{"href":"https:\/\/www.moskito.cz\/fr\/wp-json\/wp\/v2\/media?parent=336723"}],"wp:term":[{"taxonomy":"pwb-brand","embeddable":true,"href":"https:\/\/www.moskito.cz\/fr\/wp-json\/wp\/v2\/pwb-brand?post=336723"},{"taxonomy":"product_brand","embeddable":true,"href":"https:\/\/www.moskito.cz\/fr\/wp-json\/wp\/v2\/product_brand?post=336723"},{"taxonomy":"product_cat","embeddable":true,"href":"https:\/\/www.moskito.cz\/fr\/wp-json\/wp\/v2\/product_cat?post=336723"},{"taxonomy":"product_tag","embeddable":true,"href":"https:\/\/www.moskito.cz\/fr\/wp-json\/wp\/v2\/product_tag?post=336723"}],"curies":[{"name":"wp","href":"https:\/\/api.w.org\/{rel}","templated":true}]}}