{"id":336734,"date":"2019-06-01T08:44:46","date_gmt":"2024-04-23T11:58:50","guid":{"rendered":"https:\/\/www.moskito.cz\/produkt\/baton-telescopique-40cm-16-non-durci-argent\/"},"modified":"2025-07-11T07:49:01","modified_gmt":"2025-07-11T06:49:01","slug":"baton-telescopique-40cm-16-non-durci-argent","status":"publish","type":"product","link":"https:\/\/www.moskito.cz\/fr\/produkt\/baton-telescopique-40cm-16-non-durci-argent\/","title":{"rendered":"B\u00e2ton t\u00e9lescopique 40cm\/16&Prime; non durci ARGENT"},"content":{"rendered":"<p>B\u00e2ton t\u00e9lescopique 40cm\/16&Prime; ARGENT non durci.<\/p>\n<p>B\u00e2ton t\u00e9lescopique pliable pour la d\u00e9fense. Peut \u00e9galement \u00eatre transport\u00e9 dans un sac \u00e0 main. Un assemblage par simple glissement. Construction et bo\u00eetier solides.<\/p>\n","protected":false},"excerpt":{"rendered":"<p>B\u00e2ton t\u00e9lescopique ExB-16 standard non durci<\/p>\n","protected":false},"featured_media":180007,"comment_status":"open","ping_status":"closed","template":"","meta":[],"pwb-brand":[3876],"product_brand":[],"product_cat":[3855],"product_tag":[],"class_list":{"0":"post-336734","1":"product","2":"type-product","3":"status-publish","4":"has-post-thumbnail","6":"pwb-brand-surtout","7":"product_cat-batons-telescopiques","9":"first","10":"onbackorder","11":"taxable","12":"shipping-taxable","13":"purchasable","14":"product-type-simple"},"brands":[{"id":3876,"name":"surtout","slug":"surtout"}],"_links":{"self":[{"href":"https:\/\/www.moskito.cz\/fr\/wp-json\/wp\/v2\/product\/336734","targetHints":{"allow":["GET"]}}],"collection":[{"href":"https:\/\/www.moskito.cz\/fr\/wp-json\/wp\/v2\/product"}],"about":[{"href":"https:\/\/www.moskito.cz\/fr\/wp-json\/wp\/v2\/types\/product"}],"replies":[{"embeddable":true,"href":"https:\/\/www.moskito.cz\/fr\/wp-json\/wp\/v2\/comments?post=336734"}],"wp:featuredmedia":[{"embeddable":true,"href":"https:\/\/www.moskito.cz\/fr\/wp-json\/wp\/v2\/media\/180007"}],"wp:attachment":[{"href":"https:\/\/www.moskito.cz\/fr\/wp-json\/wp\/v2\/media?parent=336734"}],"wp:term":[{"taxonomy":"pwb-brand","embeddable":true,"href":"https:\/\/www.moskito.cz\/fr\/wp-json\/wp\/v2\/pwb-brand?post=336734"},{"taxonomy":"product_brand","embeddable":true,"href":"https:\/\/www.moskito.cz\/fr\/wp-json\/wp\/v2\/product_brand?post=336734"},{"taxonomy":"product_cat","embeddable":true,"href":"https:\/\/www.moskito.cz\/fr\/wp-json\/wp\/v2\/product_cat?post=336734"},{"taxonomy":"product_tag","embeddable":true,"href":"https:\/\/www.moskito.cz\/fr\/wp-json\/wp\/v2\/product_tag?post=336734"}],"curies":[{"name":"wp","href":"https:\/\/api.w.org\/{rel}","templated":true}]}}