{"id":336768,"date":"2022-11-23T18:49:24","date_gmt":"2024-04-23T12:12:17","guid":{"rendered":"https:\/\/www.moskito.cz\/produkt\/couteau-pliant-sog-stout-flk-blackout\/"},"modified":"2025-05-07T11:13:26","modified_gmt":"2025-05-07T10:13:26","slug":"couteau-pliant-sog-stout-flk-blackout","status":"publish","type":"product","link":"https:\/\/www.moskito.cz\/fr\/produkt\/couteau-pliant-sog-stout-flk-blackout\/","title":{"rendered":"Couteau pliant SOG STOUT FLK BLACKOUT"},"content":{"rendered":"<p>Couteau pliant <strong>SOG<\/strong> STOUT FLK BLACKOUT.<\/p>\n<p>COLLABORATION DE CONCEPTION<br \/>\nLe cr\u00e9ateur de couteaux danois Mikkel Willumsen et le fondateur de SOG Spencer Frazer se sont associ\u00e9s pour cr\u00e9er cette beaut\u00e9 audacieuse de tous les jours.<\/p>\n<p>COMPACT MAIS CAPABLE<br \/>\nNe vous laissez pas tromper par la petite taille. C&rsquo;est un couteau solide que vous pouvez sortir en toute confiance de votre poche pour relever tous les d\u00e9fis de la journ\u00e9e.<\/p>\n<p>COURT ET SERR\u00c9<br \/>\nLe Stout FLK, un composant du cadre de verrouillage \u00e0 lame courte, ouvre sa lame en acier D2 de 2,62 pouces trait\u00e9e thermiquement cryog\u00e9niquement. Le manche robuste en G10 et en acier inoxydable assurent la durabilit\u00e9 de ce couteau collaboratif pour un usage quotidien.<\/p>\n<p>ACIER CRYO D2<br \/>\nUn acier \u00e0 outils polyvalent \u00e0 haute teneur en carbone trait\u00e9 thermiquement par cryog\u00e9nie selon les sp\u00e9cifications de performance uniques de SOG. D2 offre la combinaison id\u00e9ale de r\u00e9tention des bords et de durabilit\u00e9 pour une utilisation \u00e0 long terme.<\/p>\n<p>G10 &amp; POIGN\u00c9E EN ACIER<br \/>\nDurable et robuste, il d\u00e9passe de loin les exigences du transport quotidien de couteaux.<\/p>\n<p>OUVERTURE RAPIDE<br \/>\nDonnez simplement un coup de pied et ce couteau s&rsquo;ouvrira d&rsquo;un coup sec.<\/p>\n<p>LONGUEUR DE LA LAME : 6,55 cm<br \/>\nLONGUEUR TOTALE : 16 cm<br \/>\nPOIDS DU PRODUIT&nbsp;:&nbsp;4,09 onces<br \/>\n\u00c9PAISSEUR DE LA LAME&nbsp;: 0,37 cm<br \/>\nTYPE DE PRODUIT : Couteau pliant<br \/>\nM\u00c9CANISME DE VERROUILLAGE&nbsp;: Verrouillage du cadre<br \/>\nM\u00c9CANISME D&rsquo;OUVERTURE&nbsp;: coup de pied, trou pour le pouce<br \/>\nCLIP DE CEINTURE&nbsp;: Clip de ceinture r\u00e9versible<br \/>\nTYPE DE BORD&nbsp;: Droit<br \/>\nTYPE DE LAME EN ACIER : CRYO D2<br \/>\nDURET\u00c9 : Rc. 58-60<br \/>\nMAT\u00c9RIAU DE LA POIGN\u00c9E&nbsp;: G10<\/p>\n","protected":false},"excerpt":{"rendered":"<p>Couteau pliant compact pour un transport quotidien avec une lame de 2,62 pouces en acier CRYO D2 fiable, le Stout FLK est un couteau de poche dot\u00e9 d&rsquo;un verrou de cadre \u00e0 ouverture par coup de pied. Dot\u00e9 d&rsquo;un manche G10 robuste et d&rsquo;acier inoxydable, le Stout FLK est le r\u00e9sultat d&rsquo;une collaboration entre le designer de couteaux Mikkel Willumsen et le fondateur de SOG Spencer Frazer.<\/p>\n","protected":false},"featured_media":336769,"comment_status":"open","ping_status":"closed","template":"","meta":[],"pwb-brand":[3849],"product_brand":[],"product_cat":[3700,3696],"product_tag":[3754],"class_list":{"0":"post-336768","1":"product","2":"type-product","3":"status-publish","4":"has-post-thumbnail","6":"pwb-brand-sog-fr","7":"product_cat-couteaux-de-fermeture","8":"product_cat-des-couteaux","9":"product_tag-b2b-fr","11":"first","12":"instock","13":"taxable","14":"shipping-taxable","15":"purchasable","16":"product-type-simple"},"brands":[{"id":3849,"name":"SOG","slug":"sog-fr"}],"_links":{"self":[{"href":"https:\/\/www.moskito.cz\/fr\/wp-json\/wp\/v2\/product\/336768","targetHints":{"allow":["GET"]}}],"collection":[{"href":"https:\/\/www.moskito.cz\/fr\/wp-json\/wp\/v2\/product"}],"about":[{"href":"https:\/\/www.moskito.cz\/fr\/wp-json\/wp\/v2\/types\/product"}],"replies":[{"embeddable":true,"href":"https:\/\/www.moskito.cz\/fr\/wp-json\/wp\/v2\/comments?post=336768"}],"wp:featuredmedia":[{"embeddable":true,"href":"https:\/\/www.moskito.cz\/fr\/wp-json\/wp\/v2\/media\/336769"}],"wp:attachment":[{"href":"https:\/\/www.moskito.cz\/fr\/wp-json\/wp\/v2\/media?parent=336768"}],"wp:term":[{"taxonomy":"pwb-brand","embeddable":true,"href":"https:\/\/www.moskito.cz\/fr\/wp-json\/wp\/v2\/pwb-brand?post=336768"},{"taxonomy":"product_brand","embeddable":true,"href":"https:\/\/www.moskito.cz\/fr\/wp-json\/wp\/v2\/product_brand?post=336768"},{"taxonomy":"product_cat","embeddable":true,"href":"https:\/\/www.moskito.cz\/fr\/wp-json\/wp\/v2\/product_cat?post=336768"},{"taxonomy":"product_tag","embeddable":true,"href":"https:\/\/www.moskito.cz\/fr\/wp-json\/wp\/v2\/product_tag?post=336768"}],"curies":[{"name":"wp","href":"https:\/\/api.w.org\/{rel}","templated":true}]}}