{"id":336855,"date":"2022-01-05T21:50:55","date_gmt":"2024-04-23T12:33:43","guid":{"rendered":"https:\/\/www.moskito.cz\/produkt\/hache-polie-sog-fasthawk\/"},"modified":"2025-05-07T11:13:29","modified_gmt":"2025-05-07T10:13:29","slug":"hache-polie-sog-fasthawk","status":"publish","type":"product","link":"https:\/\/www.moskito.cz\/fr\/produkt\/hache-polie-sog-fasthawk\/","title":{"rendered":"Hache polie SOG FastHawk"},"content":{"rendered":"<p>Le SOG FastHawk est plus rapide, plus l\u00e9ger, plus maniable et plus facile \u00e0 transporter que son fr\u00e8re tactique Tomahawk. Cela ne veut pas dire qu\u2019il n\u2019est pas toujours puissant, polyvalent et fonctionnel. C\u2019est un outil qui sera utilis\u00e9 bien plus que pr\u00e9vu. Trancher, casser, couper, marteler, percer, donner des coups de pied, faire levier, marteler, raser, creuser, ouvrir et lancer sont toutes des capacit\u00e9s \u00e0 la port\u00e9e du FastHawk. La t\u00eate en acier inoxydable 420 avec rev\u00eatement rigide noir est fix\u00e9e \u00e0 la poign\u00e9e en polym\u00e8re balistique avec des vis robustes et un manchon en acier pour garantir la plus grande int\u00e9grit\u00e9. Le damier du marteau lat\u00e9ral assure un positionnement pr\u00e9cis lors du balancement. Transport\u00e9 dans un \u00e9tui en nylon pouvant \u00eatre attach\u00e9 \u00e0 une ceinture, un sac \u00e0 dos ou un \u00e9quipement. C&rsquo;est un outil universel pour l&rsquo;homme moderne<\/p>\n<p>Hache polie <strong>SOG<\/strong> FastHawk.<\/p>\n<p>LONGUEUR TOTALE : 31 cm<br \/>\nPOIDS DU PRODUIT&nbsp;:&nbsp;19,00 onces<br \/>\nLONGUEUR DE LA LAME : 5 cm<br \/>\nFINITIONS: Poli<br \/>\nDURET\u00c9 : Rc. 51-53<br \/>\nTYPE D&rsquo;ACIER DE LAME&nbsp;:&nbsp;420 inoxydable<br \/>\nMAT\u00c9RIAU DE LA POIGN\u00c9E&nbsp;: Nylon renforc\u00e9 de verre<br \/>\nCOULEUR DE LA POIGN\u00c9E&nbsp;: Noir<br \/>\n\u00c9TUI INCLUS&nbsp;: Oui<br \/>\nCOULEUR DE LA FEUILLE&nbsp;: Noir<br \/>\nMAT\u00c9RIEL DE LA FEUILLE&nbsp;:&nbsp;Nylon balistique<\/p>\n","protected":false},"excerpt":{"rendered":"<p><strong>ID\u00c9AL POUR LA CHASSE ET LE CAMPING<\/strong><\/p>\n<p>Que vous prot\u00e9giez les autres ou meniez une exp\u00e9dition de chasse \u00e9pique, releviez l&rsquo;un des d\u00e9fis quotidiens de la vie ou affrontiez les conditions les plus extr\u00eames \u00e0 ce jour, faites votre chemin avec <strong>SOG<\/strong> .<\/p>\n<p><strong>Nous offrons une garantie \u00e0 vie sur tous les couteaux SOG&nbsp;!<\/strong><\/p>\n","protected":false},"featured_media":336856,"comment_status":"open","ping_status":"closed","template":"","meta":[],"pwb-brand":[3849],"product_brand":[],"product_cat":[3702],"product_tag":[3754],"class_list":{"0":"post-336855","1":"product","2":"type-product","3":"status-publish","4":"has-post-thumbnail","6":"pwb-brand-sog-fr","7":"product_cat-haches","8":"product_tag-b2b-fr","10":"first","11":"outofstock","12":"sale","13":"taxable","14":"shipping-taxable","15":"purchasable","16":"product-type-simple"},"brands":[{"id":3849,"name":"SOG","slug":"sog-fr"}],"_links":{"self":[{"href":"https:\/\/www.moskito.cz\/fr\/wp-json\/wp\/v2\/product\/336855","targetHints":{"allow":["GET"]}}],"collection":[{"href":"https:\/\/www.moskito.cz\/fr\/wp-json\/wp\/v2\/product"}],"about":[{"href":"https:\/\/www.moskito.cz\/fr\/wp-json\/wp\/v2\/types\/product"}],"replies":[{"embeddable":true,"href":"https:\/\/www.moskito.cz\/fr\/wp-json\/wp\/v2\/comments?post=336855"}],"wp:featuredmedia":[{"embeddable":true,"href":"https:\/\/www.moskito.cz\/fr\/wp-json\/wp\/v2\/media\/336856"}],"wp:attachment":[{"href":"https:\/\/www.moskito.cz\/fr\/wp-json\/wp\/v2\/media?parent=336855"}],"wp:term":[{"taxonomy":"pwb-brand","embeddable":true,"href":"https:\/\/www.moskito.cz\/fr\/wp-json\/wp\/v2\/pwb-brand?post=336855"},{"taxonomy":"product_brand","embeddable":true,"href":"https:\/\/www.moskito.cz\/fr\/wp-json\/wp\/v2\/product_brand?post=336855"},{"taxonomy":"product_cat","embeddable":true,"href":"https:\/\/www.moskito.cz\/fr\/wp-json\/wp\/v2\/product_cat?post=336855"},{"taxonomy":"product_tag","embeddable":true,"href":"https:\/\/www.moskito.cz\/fr\/wp-json\/wp\/v2\/product_tag?post=336855"}],"curies":[{"name":"wp","href":"https:\/\/api.w.org\/{rel}","templated":true}]}}