{"id":336881,"date":"2021-10-19T19:43:43","date_gmt":"2024-04-23T12:36:24","guid":{"rendered":"https:\/\/www.moskito.cz\/produkt\/tomahawk-sog-tactique\/"},"modified":"2025-05-07T11:13:29","modified_gmt":"2025-05-07T10:13:29","slug":"tomahawk-sog-tactique","status":"publish","type":"product","link":"https:\/\/www.moskito.cz\/fr\/produkt\/tomahawk-sog-tactique\/","title":{"rendered":"TOMAHAWK SOG TACTIQUE"},"content":{"rendered":"<p>Notre histoire commence au Vietnam, o\u00f9 des membres de la force d&rsquo;op\u00e9rations sp\u00e9ciales tr\u00e8s secr\u00e8te am\u00e9ricaine &#8211; connue sous le nom de MACV &#8211; <strong>SOG<\/strong> &#8211; transportaient un couteau secret unique dans la jungle lors de missions secr\u00e8tes. Quelques ann\u00e9es plus tard, en 1986, ce couteau a inspir\u00e9 un jeune designer nomm\u00e9 Spencer Frazer \u00e0 fonder <strong>SOG<\/strong> Specialty Knives. Sa mission : reproduire le couteau <strong>SOG<\/strong> Bowie original et rendre hommage \u00e0 l&rsquo;unit\u00e9 des op\u00e9rations sp\u00e9ciales qui l&rsquo;a cr\u00e9\u00e9. Ce qui a commenc\u00e9 comme un mod\u00e8le comm\u00e9moratif unique est rapidement devenu toute une gamme d&rsquo;outils innovants &#8211; \u00e9prouv\u00e9s par les forces sp\u00e9ciales am\u00e9ricaines, et m\u00eame r\u00e9compens\u00e9s comme le couteau de choix des Navy SEAL. Aujourd&rsquo;hui, les couteaux SOG sont port\u00e9s en toute confiance dans les situations les plus exigeantes. Forg\u00e9 dans la tradition, endurci sur le terrain, d\u00e9pos\u00e9 pour vous.<\/p>\n<p>Que vous prot\u00e9giez les autres ou meniez une exp\u00e9dition de chasse \u00e9pique, releviez l&rsquo;un des d\u00e9fis quotidiens de la vie ou affrontiez les conditions les plus extr\u00eames \u00e0 ce jour, faites votre chemin avec <strong>SOG<\/strong> .<\/p>\n<p>TOMAHAWK <strong>SOG<\/strong> TACTIQUE.<\/p>\n<p>Le Tomahawk tactique est bas\u00e9 sur le tomahawk vietnamien et constitue une \u00e9volution extr\u00eame de l&rsquo;original, consid\u00e9r\u00e9 comme l&rsquo;une des armes les plus inhabituelles de son \u00e9poque. Il existe aujourd\u2019hui un r\u00e9el besoin d\u2019un outil universel pour les op\u00e9rations de d\u00e9molition, d\u2019excavation, de d\u00e9sobstruction, d\u2019extraction et autres applications auxiliaires. La t\u00eate en acier inoxydable Hardcased 420 est fix\u00e9e \u00e0 la poign\u00e9e en nylon renforc\u00e9 de fibre de verre avec des vis robustes et des colliers en acier pour plus de stabilit\u00e9. Le marteau lat\u00e9ral assure un positionnement pr\u00e9cis lors de la frappe. Transport\u00e9 dans un \u00e9tui en nylon, c&rsquo;est un outil polyvalent pour l&rsquo;homme moderne.<\/p>\n<p><strong>Un excellent outil vous m\u00e8nera de la mission au feu de camp<\/strong><br \/>\nTomahawk de 15,75&Prime; avec t\u00eate en acier inoxydable 420 \u00e0 rev\u00eatement dur mont\u00e9e sur un manche en nylon renforc\u00e9 de fibre de verre avec des vis solides et un manchon en acier pour plus de stabilit\u00e9. Le contr\u00f4le lat\u00e9ral du marteau assure un positionnement pr\u00e9cis lors du martelage. Transport\u00e9 dans un \u00e9tui en nylon.<\/p>\n<p><strong>T\u00caTE EN ACIER INOXYDABLE 420<\/strong><br \/>\nDurable, tient son tranchant, excellente r\u00e9sistance \u00e0 la corrosion&#8230; que demander de plus ?<\/p>\n<p><strong>DUR COMME UN ONGLE<\/strong><br \/>\nLa t\u00eate est fix\u00e9e \u00e0 la poign\u00e9e robuste avec des vis robustes et un manchon en acier.<\/p>\n<p><strong>MARTEAU LAT\u00c9RAL<\/strong><br \/>\nAssure un positionnement pr\u00e9cis lors du mart\u00e8lement.<\/p>\n<p>LONGUEUR TOTALE : 40 cm<br \/>\nPOIDS DU PRODUIT : 24,00 oz<br \/>\nLONGUEUR DE LA LAME : 7 cm<br \/>\nFINITIONS : Noir<br \/>\nDURET\u00c9 : RC 51-53<br \/>\nTYPE DE LAME EN ACIER&nbsp;: acier inoxydable 420<br \/>\nTYPE DE BORD : Droit<br \/>\nMAT\u00c9RIAU DE LA POIGN\u00c9E&nbsp;: Nylon renforc\u00e9 de verre<br \/>\nCOULEUR DE LA POIGN\u00c9E&nbsp;: Noir<br \/>\nCOUVERTURE INCLUSE : Oui<br \/>\nCOULEUR DE LA FEUILLE&nbsp;: Noir<br \/>\nMAT\u00c9RIEL DE LA FEUILLE&nbsp;:&nbsp;Nylon balistique<\/p>\n<p>Bas\u00e9 sur le Tomahawk vietnamien, le Tomahawk tactique est une \u00e9volution extr\u00eame de l&rsquo;original qui \u00e9tait consid\u00e9r\u00e9 comme l&rsquo;une des armes les plus inhabituelles de son \u00e9poque. Il existe aujourd\u2019hui un r\u00e9el besoin d\u2019un outil polyvalent pour les op\u00e9rations de br\u00e8che, d\u2019excavation, d\u2019\u00e9limination d\u2019obstacles, d\u2019extraction et autres applications utilitaires. La t\u00eate en acier inoxydable 420 avec rev\u00eatement Hardcased est mont\u00e9e sur la poign\u00e9e en nylon renforc\u00e9 de fibre de verre avec des boulons robustes et une virole en acier pour plus de stabilit\u00e9. Le contr\u00f4le lat\u00e9ral du marteau garantit un placement pr\u00e9cis lors du mart\u00e8lement. Transport\u00e9 dans un \u00e9tui en nylon, c&rsquo;est un outil universel pour l&rsquo;homme moderne.<\/p>\n<p>Un excellent outil vous emm\u00e8ne de la mission au feu de camp<br \/>\nUn tomahawk de 15,75&Prime; avec une t\u00eate en acier inoxydable 420 avec rev\u00eatement rigide mont\u00e9e sur un manche en nylon renforc\u00e9 de fibre de verre avec des boulons robustes et une virole en acier pour plus de stabilit\u00e9. Le contr\u00f4le lat\u00e9ral du marteau garantit un placement pr\u00e9cis lors du mart\u00e8lement. Transport\u00e9 dans un \u00e9tui en nylon.<\/p>\n<p>LONGUEUR TOTALE<br \/>\n15,75&Prime;<br \/>\nPOIDS DU PRODUIT<br \/>\n24,00 onces<br \/>\nLONGUEUR DE LA LAME<br \/>\n2,75&Prime;<br \/>\nCUP<br \/>\n7-29857-99485-9<br \/>\nEST PR\u00c9COMMANDE<br \/>\nSUR<br \/>\nDATE DE PR\u00c9COMMANDE<br \/>\nSUR<br \/>\nTYPE DE PRODUIT<br \/>\nHache<br \/>\nFINITION<br \/>\nNoir<br \/>\nEMBALLAGE<br \/>\nBlister<br \/>\nPAYS D&rsquo;ORIGINE<br \/>\nChine<br \/>\nGRAVABLE<br \/>\nOui<br \/>\nDURET\u00c9<br \/>\nRC. 51-53<br \/>\nTYPE DE LAME EN ACIER<br \/>\n420 Inox<br \/>\nTYPE DE BORD<br \/>\nDroit<br \/>\nMAT\u00c9RIEL DE LA POIGN\u00c9E<br \/>\nNylon renforc\u00e9 de verre<br \/>\nCOULEUR DE LA POIGN\u00c9E<br \/>\nNoir<br \/>\nGAINE INCLUSE<br \/>\nOui<br \/>\nCOULEUR DE LA GAINE<br \/>\nNoir<br \/>\nMAT\u00c9RIAU DE LA GAINE<br \/>\nNylon balistique<br \/>\nTYPE DE FIXATION DE GAINE<br \/>\nBoucle de ceinture<br \/>\nTYPE DE FERMETURE DE LA GAINE<br \/>\nInstantan\u00e9<\/p>\n","protected":false},"excerpt":{"rendered":"<p>Que vous prot\u00e9giez les autres ou meniez une exp\u00e9dition de chasse \u00e9pique, releviez l&rsquo;un des d\u00e9fis quotidiens de la vie ou affrontiez les conditions les plus extr\u00eames \u00e0 ce jour, faites votre chemin avec <strong>SOG<\/strong> .<\/p>\n<p><strong>Nous offrons une garantie \u00e0 vie sur tous les couteaux SOG&nbsp;!<\/strong><\/p>\n","protected":false},"featured_media":336882,"comment_status":"open","ping_status":"closed","template":"","meta":[],"pwb-brand":[3849],"product_brand":[],"product_cat":[3702],"product_tag":[3754],"class_list":{"0":"post-336881","1":"product","2":"type-product","3":"status-publish","4":"has-post-thumbnail","6":"pwb-brand-sog-fr","7":"product_cat-haches","8":"product_tag-b2b-fr","10":"first","11":"instock","12":"taxable","13":"shipping-taxable","14":"purchasable","15":"product-type-simple"},"brands":[{"id":3849,"name":"SOG","slug":"sog-fr"}],"_links":{"self":[{"href":"https:\/\/www.moskito.cz\/fr\/wp-json\/wp\/v2\/product\/336881","targetHints":{"allow":["GET"]}}],"collection":[{"href":"https:\/\/www.moskito.cz\/fr\/wp-json\/wp\/v2\/product"}],"about":[{"href":"https:\/\/www.moskito.cz\/fr\/wp-json\/wp\/v2\/types\/product"}],"replies":[{"embeddable":true,"href":"https:\/\/www.moskito.cz\/fr\/wp-json\/wp\/v2\/comments?post=336881"}],"wp:featuredmedia":[{"embeddable":true,"href":"https:\/\/www.moskito.cz\/fr\/wp-json\/wp\/v2\/media\/336882"}],"wp:attachment":[{"href":"https:\/\/www.moskito.cz\/fr\/wp-json\/wp\/v2\/media?parent=336881"}],"wp:term":[{"taxonomy":"pwb-brand","embeddable":true,"href":"https:\/\/www.moskito.cz\/fr\/wp-json\/wp\/v2\/pwb-brand?post=336881"},{"taxonomy":"product_brand","embeddable":true,"href":"https:\/\/www.moskito.cz\/fr\/wp-json\/wp\/v2\/product_brand?post=336881"},{"taxonomy":"product_cat","embeddable":true,"href":"https:\/\/www.moskito.cz\/fr\/wp-json\/wp\/v2\/product_cat?post=336881"},{"taxonomy":"product_tag","embeddable":true,"href":"https:\/\/www.moskito.cz\/fr\/wp-json\/wp\/v2\/product_tag?post=336881"}],"curies":[{"name":"wp","href":"https:\/\/api.w.org\/{rel}","templated":true}]}}