{"id":336942,"date":"2024-04-23T14:05:01","date_gmt":"2024-04-23T13:11:24","guid":{"rendered":"https:\/\/www.moskito.cz\/produkt\/couteau-de-fermeture-microtech-amphibian-stonewashed-137rl-11fl\/"},"modified":"2025-05-07T11:13:31","modified_gmt":"2025-05-07T10:13:31","slug":"couteau-de-fermeture-microtech-amphibian-stonewashed-137rl-11fl","status":"publish","type":"product","link":"https:\/\/www.moskito.cz\/fr\/produkt\/couteau-de-fermeture-microtech-amphibian-stonewashed-137rl-11fl\/","title":{"rendered":"Couteau de fermeture Microtech Amphibian Stonewashed 137RL-11FL"},"content":{"rendered":"<p>Couteau de fermeture <strong>Microtech<\/strong> Amphibian Stonewashed 137RL-11FL.<\/p>\n<p><strong>Amphibian<\/strong> est un v\u00e9ritable classique de Marfione datant de plus de 20 ans. Cela remonte \u00e0 l&rsquo;\u00e9poque o\u00f9 <strong>les couteaux<\/strong> <strong>Microtech<\/strong> pouvaient \u00eatre \u00e0 la fois automatiques et manuels&#8230; en un. Ce que nous avons ici est une version manuelle int\u00e9grant le design RAM-LOK de Tony avec un clip de poche ambidextre et deux broches pour le pouce pour un couteau enti\u00e8rement ambidextre qui ne sacrifie rien. Il est dot\u00e9 de l&rsquo;acier \u00e0 lame brevet\u00e9 Bohler M390MK disponible uniquement chez Microtech Knives. Le couteau est similaire au mod\u00e8le MSI Microtech Standard en termes de taille, mais en termes de style, il n&rsquo;y a pas de comparaison. L&rsquo;Amphibian est l&rsquo;un des mod\u00e8les de couteaux tactiques les plus cool de tous les temps, et nous sommes heureux qu&rsquo;il soit de retour et disponible pour le grand public !<br \/>\nCaract\u00e9ristiques:<\/p>\n<p>Longueur de la lame : <span id=\"cwos\" class=\"qv3Wpe\">9,67<\/span> cm<br \/>\nLongueur ferm\u00e9e : 5,375&Prime;<br \/>\nLongueur totale : <span id=\"cwos\" class=\"qv3Wpe\">13,42<\/span> cm<br \/>\nAcier de la lame : acier inoxydable Bohler M390MK<br \/>\nStyle de lame&nbsp;:&nbsp;pointe de clip<br \/>\nMeulage de la lame&nbsp;: creux<br \/>\nTraitement de surface de la lame : Stonewash<br \/>\nMat\u00e9riau du manche&nbsp;: alliage dentel\u00e9 7075-T6 de qualit\u00e9 militaire, rev\u00eatement dur noir Mil-Spec<br \/>\nM\u00e9canisme de verrouillage : RAM-LOK<br \/>\nClip de poche : Titane (pliable, usure gauche\/droite)<br \/>\nPoids : 6,49 onces.<br \/>\nCr\u00e9ateur : Tony Marfione<br \/>\nFabriqu\u00e9 aux \u00c9tats-Unis<\/p>\n<p>&nbsp;<\/p>\n","protected":false},"excerpt":{"rendered":"<div class=\"elementor-element elementor-element-bbb542b elementor-widget elementor-widget-woocommerce-product-short-description\" data-id=\"bbb542b\" data-element_type=\"widget\" data-widget_type=\"woocommerce-product-short-description.default\">\n<div class=\"elementor-widget-container\">\n<div class=\"woocommerce-product-details__short-description\">\n<p>Au fil des ann\u00e9es, Microtech\u00ae Knives a rempli les couteaux de passion et de savoir-faire pour cr\u00e9er presque des \u0153uvres d&rsquo;art qui sont le summum de la fonctionnalit\u00e9. Toutes les pi\u00e8ces sont fabriqu\u00e9es aux \u00c9tats-Unis.<br \/>\n<strong>Tous les couteaux Microtech sont garantis \u00e0 vie.<\/strong><\/p>\n<p><strong>Transports gratuits.<\/strong><\/p>\n<\/div>\n<\/div>\n<\/div>\n","protected":false},"featured_media":336900,"comment_status":"open","ping_status":"closed","template":"","meta":[],"pwb-brand":[3751],"product_brand":[],"product_cat":[3700,3696],"product_tag":[3754],"class_list":{"0":"post-336942","1":"product","2":"type-product","3":"status-publish","4":"has-post-thumbnail","6":"pwb-brand-microtechnologie","7":"product_cat-couteaux-de-fermeture","8":"product_cat-des-couteaux","9":"product_tag-b2b-fr","11":"first","12":"instock","13":"taxable","14":"shipping-taxable","15":"purchasable","16":"product-type-simple"},"brands":[{"id":3751,"name":"Microtechnologie","slug":"microtechnologie"}],"_links":{"self":[{"href":"https:\/\/www.moskito.cz\/fr\/wp-json\/wp\/v2\/product\/336942","targetHints":{"allow":["GET"]}}],"collection":[{"href":"https:\/\/www.moskito.cz\/fr\/wp-json\/wp\/v2\/product"}],"about":[{"href":"https:\/\/www.moskito.cz\/fr\/wp-json\/wp\/v2\/types\/product"}],"replies":[{"embeddable":true,"href":"https:\/\/www.moskito.cz\/fr\/wp-json\/wp\/v2\/comments?post=336942"}],"wp:featuredmedia":[{"embeddable":true,"href":"https:\/\/www.moskito.cz\/fr\/wp-json\/wp\/v2\/media\/336900"}],"wp:attachment":[{"href":"https:\/\/www.moskito.cz\/fr\/wp-json\/wp\/v2\/media?parent=336942"}],"wp:term":[{"taxonomy":"pwb-brand","embeddable":true,"href":"https:\/\/www.moskito.cz\/fr\/wp-json\/wp\/v2\/pwb-brand?post=336942"},{"taxonomy":"product_brand","embeddable":true,"href":"https:\/\/www.moskito.cz\/fr\/wp-json\/wp\/v2\/product_brand?post=336942"},{"taxonomy":"product_cat","embeddable":true,"href":"https:\/\/www.moskito.cz\/fr\/wp-json\/wp\/v2\/product_cat?post=336942"},{"taxonomy":"product_tag","embeddable":true,"href":"https:\/\/www.moskito.cz\/fr\/wp-json\/wp\/v2\/product_tag?post=336942"}],"curies":[{"name":"wp","href":"https:\/\/api.w.org\/{rel}","templated":true}]}}