{"id":337221,"date":"2022-10-19T22:19:02","date_gmt":"2022-10-19T21:19:02","guid":{"rendered":"https:\/\/www.moskito.cz\/produkt\/couteau-de-fermeture-microtech-marfione-custom-knives-matrix-r-flipper-365-mck\/"},"modified":"2025-05-07T11:13:40","modified_gmt":"2025-05-07T10:13:40","slug":"couteau-de-fermeture-microtech-marfione-custom-knives-matrix-r-flipper-365-mck","status":"publish","type":"product","link":"https:\/\/www.moskito.cz\/fr\/produkt\/couteau-de-fermeture-microtech-marfione-custom-knives-matrix-r-flipper-365-mck\/","title":{"rendered":"Couteau de fermeture Microtech Marfione Custom Knives Matrix R Flipper 365-MCK"},"content":{"rendered":"<p>Couteau de fermeture <strong>Microtech Marfione<\/strong> Custom Knives Matrix R Flipper 365-MCK.<\/p>\n<p>Avec le Marfione Custom Matrix R, vous b\u00e9n\u00e9ficiez de mat\u00e9riaux de qualit\u00e9 sup\u00e9rieure, d&rsquo;une fabrication de pr\u00e9cision, d&rsquo;une excellente ergonomie, d&rsquo;un ajustement \u00e0 la main et d&rsquo;une finition. Il offre une excellente sensation ergonomique dans la main et un design bien \u00e9quilibr\u00e9. La forme de la lame est excellente &#8211; offrant beaucoup de ventre pour trancher, une pointe bien renforc\u00e9e pour poignarder et un moyen d&rsquo;ouvrir la fente pour le pouce en plus de la languette de l&rsquo;aileron. La grande fente dans la lame r\u00e9duit consid\u00e9rablement le poids \u00e0 quelque chose de tr\u00e8s maniable pour sa taille impressionnante. Tout va bien ensemble, cela semble incroyable en personne et nous sommes s\u00fbrs que vous serez impressionn\u00e9.<\/p>\n<p>La taille est id\u00e9ale si vous pr\u00e9f\u00e9rez une lame EDC plus grande qui peut facilement se transformer en un r\u00f4le tactique. La poign\u00e9e est en titane magnifiquement usin\u00e9 avec une finition grav\u00e9e charg\u00e9e \u00e9lectriquement populaire que Tony appelle actuellement Galactic Acid. Il est livr\u00e9 avec un brise-verre en titane bronze \u00e0 l&rsquo;arri\u00e8re et un espaceur arri\u00e8re assorti finement frais\u00e9 avec un petit trou pour lani\u00e8re. La lame en acier inoxydable M390 vous offre la possibilit\u00e9 d&rsquo;utiliser un m\u00e9canisme flipper ou une rainure sanguine pour ouvrir la lame, et l&rsquo;un ou l&rsquo;autre fonctionne tout aussi bien. C&rsquo;est un couteau que vous voudrez porter tous les jours et qui deviendra certainement un favori de la collection en un rien de temps. Comprend un certificat d&rsquo;authenticit\u00e9 en m\u00e9tal, une pochette zipp\u00e9e en nylon personnalis\u00e9e, une perle et un cordon Meadow Viper Spartan.<\/p>\n<p>Caract\u00e9ristiques<br \/>\nLongueur de la lame : 9,375 cm<br \/>\nLongueur totale : 23,43 cm<br \/>\nMat\u00e9riau de la lame : acier inoxydable M390<br \/>\n\u00c9paisseur de la lame : 0,41 cm<br \/>\nStyle de lame&nbsp;:&nbsp;pointe de chute<br \/>\nMeulage de la lame&nbsp;: creux<br \/>\nFinition de la lame&nbsp;:&nbsp;Miroir<br \/>\nMat\u00e9riau du manche : titane acide galactique<br \/>\nM\u00e9canisme de verrouillage&nbsp;:&nbsp;Frame Lock<br \/>\nAssemblage de broches&nbsp;: roulements<br \/>\nClip de poche : bronze titane (pliable, usure droite)<br \/>\nMat\u00e9riau du bo\u00eetier : Nylon avec fermeture \u00e9clair<br \/>\nPoids : 6,84 onces.<br \/>\nCr\u00e9ateur : Tony Marfione<br \/>\nQuincaillerie en titane bronze<br \/>\nFabriqu\u00e9 \u00e0 la main aux \u00c9tats-Unis<\/p>\n<p><iframe title=\"Microtech Combat Troodon Torture Test\" width=\"800\" height=\"450\" src=\"https:\/\/www.youtube.com\/embed\/xE9TeOFYEjg?feature=oembed\" frameborder=\"0\" allow=\"accelerometer; autoplay; clipboard-write; encrypted-media; gyroscope; picture-in-picture; web-share\" referrerpolicy=\"strict-origin-when-cross-origin\" allowfullscreen><\/iframe><\/p>\n<p>&nbsp;<\/p>\n","protected":false},"excerpt":{"rendered":"<p>Avec Marfione Custom <strong>Matrix R,<\/strong> vous obtenez des mat\u00e9riaux de qualit\u00e9 sup\u00e9rieure, un traitement pr\u00e9cis,<\/p>\n","protected":false},"featured_media":337222,"comment_status":"open","ping_status":"closed","template":"","meta":[],"pwb-brand":[3751],"product_brand":[],"product_cat":[3700,3696],"product_tag":[3754],"class_list":{"0":"post-337221","1":"product","2":"type-product","3":"status-publish","4":"has-post-thumbnail","6":"pwb-brand-microtechnologie","7":"product_cat-couteaux-de-fermeture","8":"product_cat-des-couteaux","9":"product_tag-b2b-fr","11":"first","12":"instock","13":"taxable","14":"shipping-taxable","15":"purchasable","16":"product-type-simple"},"brands":[{"id":3751,"name":"Microtechnologie","slug":"microtechnologie"}],"_links":{"self":[{"href":"https:\/\/www.moskito.cz\/fr\/wp-json\/wp\/v2\/product\/337221","targetHints":{"allow":["GET"]}}],"collection":[{"href":"https:\/\/www.moskito.cz\/fr\/wp-json\/wp\/v2\/product"}],"about":[{"href":"https:\/\/www.moskito.cz\/fr\/wp-json\/wp\/v2\/types\/product"}],"replies":[{"embeddable":true,"href":"https:\/\/www.moskito.cz\/fr\/wp-json\/wp\/v2\/comments?post=337221"}],"wp:featuredmedia":[{"embeddable":true,"href":"https:\/\/www.moskito.cz\/fr\/wp-json\/wp\/v2\/media\/337222"}],"wp:attachment":[{"href":"https:\/\/www.moskito.cz\/fr\/wp-json\/wp\/v2\/media?parent=337221"}],"wp:term":[{"taxonomy":"pwb-brand","embeddable":true,"href":"https:\/\/www.moskito.cz\/fr\/wp-json\/wp\/v2\/pwb-brand?post=337221"},{"taxonomy":"product_brand","embeddable":true,"href":"https:\/\/www.moskito.cz\/fr\/wp-json\/wp\/v2\/product_brand?post=337221"},{"taxonomy":"product_cat","embeddable":true,"href":"https:\/\/www.moskito.cz\/fr\/wp-json\/wp\/v2\/product_cat?post=337221"},{"taxonomy":"product_tag","embeddable":true,"href":"https:\/\/www.moskito.cz\/fr\/wp-json\/wp\/v2\/product_tag?post=337221"}],"curies":[{"name":"wp","href":"https:\/\/api.w.org\/{rel}","templated":true}]}}