{"id":337355,"date":"2024-04-30T15:03:16","date_gmt":"2024-04-30T14:05:25","guid":{"rendered":"https:\/\/www.moskito.cz\/produkt\/couteau-de-fermeture-microtech-msi-stonewashed-210t-10pmod\/"},"modified":"2025-05-07T11:13:41","modified_gmt":"2025-05-07T10:13:41","slug":"couteau-de-fermeture-microtech-msi-stonewashed-210t-10pmod","status":"publish","type":"product","link":"https:\/\/www.moskito.cz\/fr\/produkt\/couteau-de-fermeture-microtech-msi-stonewashed-210t-10pmod\/","title":{"rendered":"Couteau de fermeture Microtech MSI Stonewashed 210T-10PMOD"},"content":{"rendered":"<p>Couteau de fermeture <strong>Microtech<\/strong> MSI Stonewashed 210T-10PMOD.<\/p>\n<p>Sorti en 2023, le MSI (Microtech Standard Issue) est le premier couteau de Microtech \u00e0 disposer de la fantastique technologie RAM-LOK. Ce verrou \u00e0 barre transversale au look dur pr\u00e9sente le motif de marche signature de Microtech rendu c\u00e9l\u00e8bre par la s\u00e9rie d&rsquo;interrupteurs de commande Ultratech. La grande d\u00e9coupe de la lame offre suffisamment d&rsquo;espace pour un \u00e9lan arri\u00e8re du majeur et une ouverture lente standard du pouce avec ou sans gants. Si vous ne le souhaitez pas non plus, tirez simplement sur le RAM-LOK et la lame s&rsquo;ouvre d&rsquo;un simple mouvement du poignet. Les poign\u00e9es inject\u00e9es sont lisses et l\u00e9g\u00e8rement collantes, offrant un grand potentiel d&rsquo;adh\u00e9rence dans les poign\u00e9es standard et invers\u00e9es. Robuste, durable, d&rsquo;une valeur extr\u00eamement \u00e9lev\u00e9e et fabriqu\u00e9 aux \u00c9tats-Unis&nbsp;; nous savons que MSI deviendra rapidement un favori parmi tous les membres de la communaut\u00e9 des couteaux.<br \/>\nCaract\u00e9ristiques:<\/p>\n<p>Longueur totale : 22,7 cm<br \/>\nLongueur de la lame : 9,9 cm<br \/>\n\u00c9paisseur de la lame : 0,4 cm<br \/>\nAcier de la lame : acier inoxydable Bohler M390MK<br \/>\n\u00c9paisseur de la lame : 0,158&Prime;<br \/>\nStyle de lame&nbsp;: Pied de mouton modifi\u00e9<br \/>\nMeulage de la lame&nbsp;:&nbsp;Plat<br \/>\nTraitement de surface de la lame : Stonewash<br \/>\nMat\u00e9riau de la poign\u00e9e&nbsp;: polym\u00e8re moul\u00e9 par injection vert OD<br \/>\nMat\u00e9riau de l&rsquo;insert&nbsp;: Acier inoxydable<br \/>\n\u00c9paisseur du manche&nbsp;: 0,545&Prime;<br \/>\nM\u00e9canisme de verrouillage : RAM-LOK<br \/>\nClip de poche : Acier inoxydable (pliable, usure gauche\/droite)<br \/>\nPoids : 4,52 onces.<br \/>\nCr\u00e9ateur : Tony Marfione<br \/>\nFabriqu\u00e9 aux \u00c9tats-Unis<\/p>\n<p><iframe title=\"Microtech Combat Troodon Torture Test\" width=\"800\" height=\"450\" src=\"https:\/\/www.youtube.com\/embed\/xE9TeOFYEjg?feature=oembed\" frameborder=\"0\" allow=\"accelerometer; autoplay; clipboard-write; encrypted-media; gyroscope; picture-in-picture; web-share\" referrerpolicy=\"strict-origin-when-cross-origin\" allowfullscreen><\/iframe><\/p>\n<p>&nbsp;<\/p>\n","protected":false},"excerpt":{"rendered":"<div class=\"elementor-element elementor-element-bbb542b elementor-widget elementor-widget-woocommerce-product-short-description\" data-id=\"bbb542b\" data-element_type=\"widget\" data-widget_type=\"woocommerce-product-short-description.default\">\n<div class=\"elementor-widget-container\">\n<div class=\"woocommerce-product-details__short-description\">\n<p><strong>Au fil des ann\u00e9es, Microtech\u00ae Knives a rempli les couteaux avec passion et comp\u00e9tence pour cr\u00e9er presque des \u0153uvres d&rsquo;art qui sont le summum de la fonctionnalit\u00e9. Toutes les pi\u00e8ces sont fabriqu\u00e9es aux \u00c9tats-Unis.<\/strong><br \/>\n<strong>Tous les couteaux Microtech sont garantis \u00e0 vie.<\/strong><\/p>\n<p><strong>Transports gratuits.<\/strong><\/p>\n<\/div>\n<\/div>\n<\/div>\n","protected":false},"featured_media":337308,"comment_status":"open","ping_status":"closed","template":"","meta":[],"pwb-brand":[3751],"product_brand":[],"product_cat":[3700,3696],"product_tag":[3754],"class_list":{"0":"post-337355","1":"product","2":"type-product","3":"status-publish","4":"has-post-thumbnail","6":"pwb-brand-microtechnologie","7":"product_cat-couteaux-de-fermeture","8":"product_cat-des-couteaux","9":"product_tag-b2b-fr","11":"first","12":"instock","13":"taxable","14":"shipping-taxable","15":"purchasable","16":"product-type-simple"},"brands":[{"id":3751,"name":"Microtechnologie","slug":"microtechnologie"}],"_links":{"self":[{"href":"https:\/\/www.moskito.cz\/fr\/wp-json\/wp\/v2\/product\/337355","targetHints":{"allow":["GET"]}}],"collection":[{"href":"https:\/\/www.moskito.cz\/fr\/wp-json\/wp\/v2\/product"}],"about":[{"href":"https:\/\/www.moskito.cz\/fr\/wp-json\/wp\/v2\/types\/product"}],"replies":[{"embeddable":true,"href":"https:\/\/www.moskito.cz\/fr\/wp-json\/wp\/v2\/comments?post=337355"}],"wp:featuredmedia":[{"embeddable":true,"href":"https:\/\/www.moskito.cz\/fr\/wp-json\/wp\/v2\/media\/337308"}],"wp:attachment":[{"href":"https:\/\/www.moskito.cz\/fr\/wp-json\/wp\/v2\/media?parent=337355"}],"wp:term":[{"taxonomy":"pwb-brand","embeddable":true,"href":"https:\/\/www.moskito.cz\/fr\/wp-json\/wp\/v2\/pwb-brand?post=337355"},{"taxonomy":"product_brand","embeddable":true,"href":"https:\/\/www.moskito.cz\/fr\/wp-json\/wp\/v2\/product_brand?post=337355"},{"taxonomy":"product_cat","embeddable":true,"href":"https:\/\/www.moskito.cz\/fr\/wp-json\/wp\/v2\/product_cat?post=337355"},{"taxonomy":"product_tag","embeddable":true,"href":"https:\/\/www.moskito.cz\/fr\/wp-json\/wp\/v2\/product_tag?post=337355"}],"curies":[{"name":"wp","href":"https:\/\/api.w.org\/{rel}","templated":true}]}}